{"id":83,"date":"2017-12-31T14:19:05","date_gmt":"2017-12-31T13:19:05","guid":{"rendered":"https:\/\/learntobezen.eu\/fr\/?page_id=83"},"modified":"2019-10-03T12:42:29","modified_gmt":"2019-10-03T10:42:29","slug":"outils-2","status":"publish","type":"page","link":"https:\/\/learntobezen.eu\/fr\/outils-2\/","title":{"rendered":"Outils"},"content":{"rendered":"<p>[et_pb_section fb_built=\u00a0\u00bb1&Prime; fullwidth=\u00a0\u00bbon\u00a0\u00bb module_class=\u00a0\u00bbFWHeader001&Prime; _builder_version=\u00a0\u00bb3.22&Prime;][et_pb_fullwidth_header title=\u00a0\u00bbLes outils\u00a0\u00bb text_orientation=\u00a0\u00bbcenter\u00a0\u00bb header_scroll_down=\u00a0\u00bbon\u00a0\u00bb _builder_version=\u00a0\u00bb3.16&Prime; title_text_color=\u00a0\u00bb#95c11f\u00a0\u00bb background_color=\u00a0\u00bbrgba(255, 255, 255, 0)\u00a0\u00bb background_image=\u00a0\u00bbhttps:\/\/learntobezen.eu\/fr\/wp-content\/uploads\/sites\/2\/2018\/01\/fw-bg-001.jpg\u00a0\u00bb button_one_text_size__hover_enabled=\u00a0\u00bboff\u00a0\u00bb button_one_text_size__hover=\u00a0\u00bbnull\u00a0\u00bb button_two_text_size__hover_enabled=\u00a0\u00bboff\u00a0\u00bb button_two_text_size__hover=\u00a0\u00bbnull\u00a0\u00bb button_one_text_color__hover_enabled=\u00a0\u00bboff\u00a0\u00bb button_one_text_color__hover=\u00a0\u00bbnull\u00a0\u00bb button_two_text_color__hover_enabled=\u00a0\u00bboff\u00a0\u00bb button_two_text_color__hover=\u00a0\u00bbnull\u00a0\u00bb button_one_border_width__hover_enabled=\u00a0\u00bboff\u00a0\u00bb button_one_border_width__hover=\u00a0\u00bbnull\u00a0\u00bb button_two_border_width__hover_enabled=\u00a0\u00bboff\u00a0\u00bb button_two_border_width__hover=\u00a0\u00bbnull\u00a0\u00bb button_one_border_color__hover_enabled=\u00a0\u00bboff\u00a0\u00bb button_one_border_color__hover=\u00a0\u00bbnull\u00a0\u00bb button_two_border_color__hover_enabled=\u00a0\u00bboff\u00a0\u00bb button_two_border_color__hover=\u00a0\u00bbnull\u00a0\u00bb button_one_border_radius__hover_enabled=\u00a0\u00bboff\u00a0\u00bb button_one_border_radius__hover=\u00a0\u00bbnull\u00a0\u00bb button_two_border_radius__hover_enabled=\u00a0\u00bboff\u00a0\u00bb button_two_border_radius__hover=\u00a0\u00bbnull\u00a0\u00bb button_one_letter_spacing__hover_enabled=\u00a0\u00bboff\u00a0\u00bb button_one_letter_spacing__hover=\u00a0\u00bbnull\u00a0\u00bb button_two_letter_spacing__hover_enabled=\u00a0\u00bboff\u00a0\u00bb button_two_letter_spacing__hover=\u00a0\u00bbnull\u00a0\u00bb button_one_bg_color__hover_enabled=\u00a0\u00bboff\u00a0\u00bb button_one_bg_color__hover=\u00a0\u00bbnull\u00a0\u00bb button_two_bg_color__hover_enabled=\u00a0\u00bboff\u00a0\u00bb button_two_bg_color__hover=\u00a0\u00bbnull\u00a0\u00bb]<\/p>\n<h2 style=\"text-align: center\">Learn to be zen @ school<\/h2>\n<p>[\/et_pb_fullwidth_header][\/et_pb_section][et_pb_section fb_built=\u00a0\u00bb1&Prime; _builder_version=\u00a0\u00bb3.22&Prime;][et_pb_row column_structure=\u00a0\u00bb3_5,2_5&Prime; _builder_version=\u00a0\u00bb3.26.4&Prime; background_size=\u00a0\u00bbinitial\u00a0\u00bb background_position=\u00a0\u00bbtop_left\u00a0\u00bb background_repeat=\u00a0\u00bbrepeat\u00a0\u00bb][et_pb_column type=\u00a0\u00bb3_5&Prime; _builder_version=\u00a0\u00bb3.25&Prime; custom_padding=\u00a0\u00bb|||\u00a0\u00bb custom_padding__hover=\u00a0\u00bb|||\u00a0\u00bb][et_pb_text _builder_version=\u00a0\u00bb3.26.4&Prime;]<\/p>\n<h2>Les outils<\/h2>\n<p>Voici les outils originaux du programme, regroup\u00e9s en 10 th\u00e9matiques &#8211;\u00a0<span>ils sont mis \u00e0 votre disposition gratuitement: vous pouvez les t\u00e9l\u00e9charger, les mettre en pratique, les partager, et nous faire part de vos questions et\/ou commentaires. Chaque th\u00e8me pr\u00e9sente:<\/span><\/p>\n<ul>\n<li>des <strong>capsules vid\u00e9o d\u2019animation<\/strong> pour les enfants de 5 \u00e0 12 ans sur le th\u00e8me du stress scolaire, pour ouvrir la discussion avec les enfants ;<\/li>\n<li>des <strong>fiches p\u00e9dagogiques<\/strong> pour l\u2019enseignant, l\u2019\u00e9ducateur, le parent, afin d\u2019amorcer la discussion avec les enfants et de les guider pour trouver leurs solutions ;<\/li>\n<li>des <strong>outils attractifs et ludiques<\/strong> pour permettre aux enfants d\u2019explorer et mettre des mots sur leurs \u00e9motions.<\/li>\n<\/ul>\n<p>&nbsp;<\/p>\n<p>[\/et_pb_text][\/et_pb_column][et_pb_column type=\u00a0\u00bb2_5&Prime; _builder_version=\u00a0\u00bb3.26.4&Prime;][et_pb_text _builder_version=\u00a0\u00bb3.26.4&Prime;]<\/p>\n<h2>Autres services<\/h2>\n<p><a href=\"https:\/\/learntobe.be\/\" target=\"_blank\" rel=\"noopener noreferrer\">Learn to Be<\/a>\u00a0(Belgique) et <a href=\"https:\/\/savoir-etre-ecole.org\/\" target=\"_blank\" rel=\"noopener noreferrer\">Savoir-\u00eatre \u00e0 l&rsquo;\u00e9cole<\/a> (France) proposent en outre:<\/p>\n<ul>\n<li>l&rsquo;animation d&rsquo;<a href=\"https:\/\/learntobezen.eu\/fr\/ateliers\/\" title=\"ateliers Learn to be zen\">ateliers Learn to be zen<\/a> par nos soins pour les enfants dans le scolaire et l&rsquo;extrascolaire ;<\/li>\n<li>la pr\u00e9sentation des outils et la <a href=\"ateliers%20Learn to be zen\" title=\"formation \">formation<\/a> des adultes \u00e0 leur animation.<\/li>\n<\/ul>\n<p>Veuillez <a href=\"https:\/\/learntobezen.eu\/fr\/contact-2\/\" target=\"_blank\" rel=\"noopener noreferrer\">nous contacter<\/a> pour toute information ou demande \u00e0 ce sujet.<\/p>\n<p>&nbsp;<\/p>\n<p>[\/et_pb_text][\/et_pb_column][\/et_pb_row][et_pb_row column_structure=\u00a0\u00bb1_3,1_3,1_3&Prime; _builder_version=\u00a0\u00bb3.25&Prime;][et_pb_column type=\u00a0\u00bb1_3&Prime; _builder_version=\u00a0\u00bb3.25&Prime; custom_padding=\u00a0\u00bb|||\u00a0\u00bb custom_padding__hover=\u00a0\u00bb|||\u00a0\u00bb][\/et_pb_column][et_pb_column type=\u00a0\u00bb1_3&Prime; _builder_version=\u00a0\u00bb3.25&Prime; custom_padding=\u00a0\u00bb|||\u00a0\u00bb custom_padding__hover=\u00a0\u00bb|||\u00a0\u00bb][et_pb_blurb title=\u00a0\u00bbSuperCortex\u00a0\u00bb url=\u00a0\u00bbhttps:\/\/learntobezen.eu\/fr\/wp-content\/uploads\/sites\/2\/2019\/09\/Fiche-SuperCortex-V-FR-enfants.pdf\u00a0\u00bb url_new_window=\u00a0\u00bbon\u00a0\u00bb image=\u00a0\u00bbhttps:\/\/learntobezen.eu\/fr\/wp-content\/uploads\/sites\/2\/2019\/03\/supercortex.jpg\u00a0\u00bb _builder_version=\u00a0\u00bb3.26.4&Prime; border_width_all=\u00a0\u00bb1px\u00a0\u00bb border_color_all=\u00a0\u00bb#efefef\u00a0\u00bb text_orientation=\u00a0\u00bbcenter\u00a0\u00bb custom_margin=\u00a0\u00bb-4px||||false|false\u00a0\u00bb custom_padding=\u00a0\u00bb0px|10px|20px|10px|false|false\u00a0\u00bb animation=\u00a0\u00bboff\u00a0\u00bb link_option_url_new_window=\u00a0\u00bbon\u00a0\u00bb]<\/p>\n<p><strong>Pour mieux comprendre<br \/> <\/strong><\/p>\n<p>[\/et_pb_blurb][\/et_pb_column][et_pb_column type=\u00a0\u00bb1_3&Prime; _builder_version=\u00a0\u00bb3.25&Prime; custom_padding=\u00a0\u00bb|||\u00a0\u00bb custom_padding__hover=\u00a0\u00bb|||\u00a0\u00bb][\/et_pb_column][\/et_pb_row][et_pb_row column_structure=\u00a0\u00bb1_3,1_3,1_3&Prime; _builder_version=\u00a0\u00bb3.25&Prime;][et_pb_column type=\u00a0\u00bb1_3&Prime; _builder_version=\u00a0\u00bb3.25&Prime; custom_padding=\u00a0\u00bb|||\u00a0\u00bb custom_padding__hover=\u00a0\u00bb|||\u00a0\u00bb][et_pb_blurb title=\u00a0\u00bbStress et \u00e9motions\u00a0\u00bb url=\u00a0\u00bbhttps:\/\/learntobezen.eu\/fr\/stress-et-emotions-que-se-passe-t-il-dans-mon-cerveau\/\u00a0\u00bb image=\u00a0\u00bbhttps:\/\/learntobezen.eu\/fr\/wp-content\/uploads\/sites\/2\/2018\/01\/learntobezen-01.jpg\u00a0\u00bb _builder_version=\u00a0\u00bb3.26.4&Prime; border_width_all=\u00a0\u00bb1px\u00a0\u00bb border_color_all=\u00a0\u00bb#efefef\u00a0\u00bb text_orientation=\u00a0\u00bbcenter\u00a0\u00bb custom_padding=\u00a0\u00bb20px|10px|20px|10px\u00a0\u00bb animation=\u00a0\u00bboff\u00a0\u00bb]<strong>Que se passe-t-il dans mon cerveau\u00a0?<\/strong><br \/>\n[\/et_pb_blurb][\/et_pb_column][et_pb_column type=\u00a0\u00bb1_3&Prime; _builder_version=\u00a0\u00bb3.25&Prime; custom_padding=\u00a0\u00bb|||\u00a0\u00bb custom_padding__hover=\u00a0\u00bb|||\u00a0\u00bb][et_pb_blurb title=\u00a0\u00bbLa peur\u00a0\u00bb url=\u00a0\u00bbhttps:\/\/learntobezen.eu\/fr\/la-peur-c-est-comment-que-faire\/\u00a0\u00bb image=\u00a0\u00bbhttps:\/\/learntobezen.eu\/fr\/wp-content\/uploads\/sites\/2\/2018\/04\/learntobezen-02.jpg\u00a0\u00bb _builder_version=\u00a0\u00bb3.26.4&Prime; border_width_all=\u00a0\u00bb1px\u00a0\u00bb border_color_all=\u00a0\u00bb#efefef\u00a0\u00bb text_orientation=\u00a0\u00bbcenter\u00a0\u00bb custom_padding=\u00a0\u00bb20px|10px|20px|10px\u00a0\u00bb animation=\u00a0\u00bboff\u00a0\u00bb]<strong>La peur, c\u2019est comment ? Que faire ?<\/strong><br \/>\n[\/et_pb_blurb][\/et_pb_column][et_pb_column type=\u00a0\u00bb1_3&Prime; _builder_version=\u00a0\u00bb3.25&Prime; custom_padding=\u00a0\u00bb|||\u00a0\u00bb custom_padding__hover=\u00a0\u00bb|||\u00a0\u00bb][et_pb_blurb title=\u00a0\u00bbLa col\u00e8re\u00a0\u00bb url=\u00a0\u00bbhttps:\/\/learntobezen.eu\/fr\/la-colere-cest-comment-que-faire\/\u00a0\u00bb image=\u00a0\u00bbhttps:\/\/learntobezen.eu\/fr\/wp-content\/uploads\/sites\/2\/2018\/05\/learntobezen-03.jpg\u00a0\u00bb _builder_version=\u00a0\u00bb3.26.4&Prime; border_width_all=\u00a0\u00bb1px\u00a0\u00bb border_color_all=\u00a0\u00bb#efefef\u00a0\u00bb text_orientation=\u00a0\u00bbcenter\u00a0\u00bb custom_padding=\u00a0\u00bb20px|10px|20px|10px\u00a0\u00bb animation=\u00a0\u00bboff\u00a0\u00bb]<strong>La col\u00e8re, c\u2019est comment ? Que faire ?<\/strong><br \/>\n[\/et_pb_blurb][\/et_pb_column][\/et_pb_row][et_pb_row column_structure=\u00a0\u00bb1_3,1_3,1_3&Prime; _builder_version=\u00a0\u00bb3.25&Prime;][et_pb_column type=\u00a0\u00bb1_3&Prime; _builder_version=\u00a0\u00bb3.25&Prime; custom_padding=\u00a0\u00bb|||\u00a0\u00bb custom_padding__hover=\u00a0\u00bb|||\u00a0\u00bb][et_pb_blurb title=\u00a0\u00bbLa tristesse\u00a0\u00bb url=\u00a0\u00bbhttps:\/\/learntobezen.eu\/fr\/la-tristesse-le-decouragement-cest-comment-que-faire-4\/\u00a0\u00bb image=\u00a0\u00bbhttps:\/\/learntobezen.eu\/fr\/wp-content\/uploads\/sites\/2\/2018\/07\/videos-04.jpg\u00a0\u00bb _builder_version=\u00a0\u00bb3.26.4&Prime; border_width_all=\u00a0\u00bb1px\u00a0\u00bb border_color_all=\u00a0\u00bb#efefef\u00a0\u00bb text_orientation=\u00a0\u00bbcenter\u00a0\u00bb custom_padding=\u00a0\u00bb20px|10px|20px|10px\u00a0\u00bb animation=\u00a0\u00bboff\u00a0\u00bb]<strong>La tristesse, le d\u00e9couragement, c\u2019est comment ? Que faire ?<\/strong><br \/>\n[\/et_pb_blurb][et_pb_blurb title=\u00a0\u00bbG\u00e9rer la col\u00e8re\u00a0\u00bb url=\u00a0\u00bbhttps:\/\/learntobezen.eu\/fr\/comment-aider-mon-amie-a-gerer-sa-colere\u00a0\u00bb image=\u00a0\u00bbhttps:\/\/learntobezen.eu\/fr\/wp-content\/uploads\/sites\/2\/2019\/01\/learntobezen-07.jpg\u00a0\u00bb _builder_version=\u00a0\u00bb3.26.4&Prime; border_width_all=\u00a0\u00bb1px\u00a0\u00bb border_color_all=\u00a0\u00bb#efefef\u00a0\u00bb text_orientation=\u00a0\u00bbcenter\u00a0\u00bb custom_padding=\u00a0\u00bb20px|10px|20px|10px\u00a0\u00bb animation=\u00a0\u00bboff\u00a0\u00bb]<strong>Comment aider mon ami(e) \u00e0 g\u00e9rer sa col\u00e8re ?<\/strong>[\/et_pb_blurb][et_pb_blurb title=\u00a0\u00bbL&rsquo;intelligence\u00a0\u00bb url=\u00a0\u00bbhttps:\/\/learntobezen.eu\/fr\/et-lintelligence-cest-quoi-cest-comment\/\u00a0\u00bb image=\u00a0\u00bbhttps:\/\/learntobezen.eu\/fr\/wp-content\/uploads\/sites\/2\/2019\/05\/learntobezen-10.jpg\u00a0\u00bb _builder_version=\u00a0\u00bb3.26.4&Prime; border_width_all=\u00a0\u00bb1px\u00a0\u00bb border_color_all=\u00a0\u00bb#efefef\u00a0\u00bb text_orientation=\u00a0\u00bbcenter\u00a0\u00bb custom_padding=\u00a0\u00bb20px|10px|20px|10px\u00a0\u00bb animation=\u00a0\u00bboff\u00a0\u00bb]<\/p>\n<p><strong>Et l\u2019intelligence, c\u2019est quoi, c\u2019est comment\u00a0?<\/strong><\/p>\n<p>[\/et_pb_blurb][\/et_pb_column][et_pb_column type=\u00a0\u00bb1_3&Prime; _builder_version=\u00a0\u00bb3.25&Prime; custom_padding=\u00a0\u00bb|||\u00a0\u00bb custom_padding__hover=\u00a0\u00bb|||\u00a0\u00bb][et_pb_blurb title=\u00a0\u00bbL&rsquo;attention\u00a0\u00bb url=\u00a0\u00bbhttps:\/\/learntobezen.eu\/fr\/etre-zen-et-attentif-cest-comment-que-faire\/\u00a0\u00bb image=\u00a0\u00bbhttps:\/\/learntobezen.eu\/fr\/wp-content\/uploads\/sites\/2\/2018\/09\/learntobezen-05.jpg\u00a0\u00bb _builder_version=\u00a0\u00bb3.26.4&Prime; border_width_all=\u00a0\u00bb1px\u00a0\u00bb border_color_all=\u00a0\u00bb#efefef\u00a0\u00bb text_orientation=\u00a0\u00bbcenter\u00a0\u00bb custom_padding=\u00a0\u00bb20px|10px|20px|10px\u00a0\u00bb animation=\u00a0\u00bboff\u00a0\u00bb]<strong>\u00catre zen et attentif, c\u2019est comment ? Que faire ?<\/strong><br \/>\n[\/et_pb_blurb][et_pb_blurb title=\u00a0\u00bbG\u00e9rer la tristesse\u00a0\u00bb url=\u00a0\u00bbhttps:\/\/learntobezen.eu\/fr\/comment-aider-mon-amie-a-gerer-sa-tristesse-ou-son-decouragement\/\u00a0\u00bb image=\u00a0\u00bbhttps:\/\/learntobezen.eu\/fr\/wp-content\/uploads\/sites\/2\/2019\/03\/learntobezen-08.jpg\u00a0\u00bb _builder_version=\u00a0\u00bb3.26.4&Prime; border_width_all=\u00a0\u00bb1px\u00a0\u00bb border_color_all=\u00a0\u00bb#efefef\u00a0\u00bb text_orientation=\u00a0\u00bbcenter\u00a0\u00bb custom_padding=\u00a0\u00bb20px|10px|20px|10px\u00a0\u00bb animation=\u00a0\u00bboff\u00a0\u00bb]<\/p>\n<p><strong>Comment aider mon ami(e) \u00e0 g\u00e9rer sa tristesse ou son d\u00e9couragement ?<\/strong><\/p>\n<p>[\/et_pb_blurb][\/et_pb_column][et_pb_column type=\u00a0\u00bb1_3&Prime; _builder_version=\u00a0\u00bb3.25&Prime; custom_padding=\u00a0\u00bb|||\u00a0\u00bb custom_padding__hover=\u00a0\u00bb|||\u00a0\u00bb][et_pb_blurb title=\u00a0\u00bbG\u00e9rer la peur\u00a0\u00bb url=\u00a0\u00bbhttps:\/\/learntobezen.eu\/fr\/comment-aider-mon-amie-a-gerer-sa-peur\/\u00a0\u00bb image=\u00a0\u00bbhttps:\/\/learntobezen.eu\/fr\/wp-content\/uploads\/sites\/2\/2018\/11\/learntobezen-06.jpg\u00a0\u00bb _builder_version=\u00a0\u00bb3.26.4&Prime; border_width_all=\u00a0\u00bb1px\u00a0\u00bb border_color_all=\u00a0\u00bb#efefef\u00a0\u00bb text_orientation=\u00a0\u00bbcenter\u00a0\u00bb custom_padding=\u00a0\u00bb20px|10px|20px|10px\u00a0\u00bb animation=\u00a0\u00bboff\u00a0\u00bb]<strong>Comment aider mon ami(e) \u00e0 g\u00e9rer sa peur ?<\/strong><br \/>\n[\/et_pb_blurb][et_pb_blurb title=\u00a0\u00bbMes erreurs\u00a0\u00bb url=\u00a0\u00bbhttps:\/\/learntobezen.eu\/fr\/faire-des-erreurs-cest-grave\/\u00a0\u00bb image=\u00a0\u00bbhttps:\/\/learntobezen.eu\/fr\/wp-content\/uploads\/sites\/2\/2019\/05\/learntobezen-09.jpg\u00a0\u00bb _builder_version=\u00a0\u00bb3.26.4&Prime; border_width_all=\u00a0\u00bb1px\u00a0\u00bb border_color_all=\u00a0\u00bb#efefef\u00a0\u00bb text_orientation=\u00a0\u00bbcenter\u00a0\u00bb custom_padding=\u00a0\u00bb20px|10px|20px|10px\u00a0\u00bb animation=\u00a0\u00bboff\u00a0\u00bb link_option_url=\u00a0\u00bbhttps:\/\/learntobezen.eu\/fr\/faire-des-erreurs-cest-grave\/\u00a0\u00bb]<strong>Faire des erreurs, c\u2019est grave ?<\/strong>[\/et_pb_blurb][\/et_pb_column][\/et_pb_row][\/et_pb_section]<\/p>\n","protected":false},"excerpt":{"rendered":"<p>Learn to be zen @ school Les outils Voici les outils originaux du programme, regroup\u00e9s en 10 th\u00e9matiques &#8211;\u00a0ils sont mis \u00e0 votre disposition gratuitement: vous pouvez les t\u00e9l\u00e9charger, les mettre en pratique, les partager, et nous faire part de vos questions et\/ou commentaires. Chaque th\u00e8me pr\u00e9sente: des capsules vid\u00e9o d\u2019animation pour les enfants de [&hellip;]<\/p>\n","protected":false},"author":1,"featured_media":0,"parent":0,"menu_order":0,"comment_status":"closed","ping_status":"open","template":"","meta":{"_et_pb_use_builder":"on","_et_pb_old_content":"<p>En construction.<\/p>","_et_gb_content_width":"","footnotes":""},"class_list":["post-83","page","type-page","status-publish","hentry"],"_links":{"self":[{"href":"https:\/\/learntobezen.eu\/fr\/wp-json\/wp\/v2\/pages\/83","targetHints":{"allow":["GET"]}}],"collection":[{"href":"https:\/\/learntobezen.eu\/fr\/wp-json\/wp\/v2\/pages"}],"about":[{"href":"https:\/\/learntobezen.eu\/fr\/wp-json\/wp\/v2\/types\/page"}],"author":[{"embeddable":true,"href":"https:\/\/learntobezen.eu\/fr\/wp-json\/wp\/v2\/users\/1"}],"replies":[{"embeddable":true,"href":"https:\/\/learntobezen.eu\/fr\/wp-json\/wp\/v2\/comments?post=83"}],"version-history":[{"count":34,"href":"https:\/\/learntobezen.eu\/fr\/wp-json\/wp\/v2\/pages\/83\/revisions"}],"predecessor-version":[{"id":2097,"href":"https:\/\/learntobezen.eu\/fr\/wp-json\/wp\/v2\/pages\/83\/revisions\/2097"}],"wp:attachment":[{"href":"https:\/\/learntobezen.eu\/fr\/wp-json\/wp\/v2\/media?parent=83"}],"curies":[{"name":"wp","href":"https:\/\/api.w.org\/{rel}","templated":true}]}}