{"id":77,"date":"2017-12-31T14:16:32","date_gmt":"2017-12-31T13:16:32","guid":{"rendered":"https:\/\/learntobezen.eu\/fr\/?page_id=77"},"modified":"2019-09-26T12:28:13","modified_gmt":"2019-09-26T10:28:13","slug":"le-projet-2","status":"publish","type":"page","link":"https:\/\/learntobezen.eu\/fr\/le-projet-2\/","title":{"rendered":"Partenaires"},"content":{"rendered":"<p>[et_pb_section fb_built=\u00a0\u00bb1&Prime; fullwidth=\u00a0\u00bbon\u00a0\u00bb module_class=\u00a0\u00bbFWHeader001&Prime; _builder_version=\u00a0\u00bb3.22&Prime;][et_pb_fullwidth_header title=\u00a0\u00bbLes partenaires\u00a0\u00bb text_orientation=\u00a0\u00bbcenter\u00a0\u00bb header_scroll_down=\u00a0\u00bbon\u00a0\u00bb _builder_version=\u00a0\u00bb3.16&Prime; title_text_color=\u00a0\u00bb#95c11f\u00a0\u00bb background_color=\u00a0\u00bbrgba(255, 255, 255, 0)\u00a0\u00bb background_image=\u00a0\u00bbhttps:\/\/learntobezen.eu\/fr\/wp-content\/uploads\/sites\/2\/2018\/01\/fw-bg-001.jpg\u00a0\u00bb button_one_text_size__hover_enabled=\u00a0\u00bboff\u00a0\u00bb button_two_text_size__hover_enabled=\u00a0\u00bboff\u00a0\u00bb button_one_text_color__hover_enabled=\u00a0\u00bboff\u00a0\u00bb button_two_text_color__hover_enabled=\u00a0\u00bboff\u00a0\u00bb button_one_border_width__hover_enabled=\u00a0\u00bboff\u00a0\u00bb button_two_border_width__hover_enabled=\u00a0\u00bboff\u00a0\u00bb button_one_border_color__hover_enabled=\u00a0\u00bboff\u00a0\u00bb button_two_border_color__hover_enabled=\u00a0\u00bboff\u00a0\u00bb button_one_border_radius__hover_enabled=\u00a0\u00bboff\u00a0\u00bb button_two_border_radius__hover_enabled=\u00a0\u00bboff\u00a0\u00bb button_one_letter_spacing__hover_enabled=\u00a0\u00bboff\u00a0\u00bb button_two_letter_spacing__hover_enabled=\u00a0\u00bboff\u00a0\u00bb button_one_bg_color__hover_enabled=\u00a0\u00bboff\u00a0\u00bb button_two_bg_color__hover_enabled=\u00a0\u00bboff\u00a0\u00bb]<\/p>\n<h2 style=\"text-align: center\">Learn to be zen @ school<\/h2>\n<p>[\/et_pb_fullwidth_header][\/et_pb_section][et_pb_section fb_built=\u00a0\u00bb1&Prime; _builder_version=\u00a0\u00bb3.22&Prime;][et_pb_row column_structure=\u00a0\u00bb1_4,3_4&Prime; _builder_version=\u00a0\u00bb3.25&Prime; background_size=\u00a0\u00bbinitial\u00a0\u00bb background_position=\u00a0\u00bbtop_left\u00a0\u00bb background_repeat=\u00a0\u00bbrepeat\u00a0\u00bb][et_pb_column type=\u00a0\u00bb1_4&Prime; _builder_version=\u00a0\u00bb3.25&Prime; custom_padding=\u00a0\u00bb|||\u00a0\u00bb custom_padding__hover=\u00a0\u00bb|||\u00a0\u00bb][et_pb_image src=\u00a0\u00bbhttps:\/\/learntobezen.eu\/fr\/wp-content\/uploads\/sites\/2\/2018\/01\/learn-to-be-400-1.jpg\u00a0\u00bb url=\u00a0\u00bbhttps:\/\/learntobe.be\/\u00a0\u00bb align_tablet=\u00a0\u00bbcenter\u00a0\u00bb align_last_edited=\u00a0\u00bbon|desktop\u00a0\u00bb _builder_version=\u00a0\u00bb3.26.4&Prime; border_width_all=\u00a0\u00bb1px\u00a0\u00bb border_color_all=\u00a0\u00bb#efefef\u00a0\u00bb always_center_on_mobile=\u00a0\u00bbon\u00a0\u00bb url_new_window=\u00a0\u00bbon\u00a0\u00bb][\/et_pb_image][\/et_pb_column][et_pb_column type=\u00a0\u00bb3_4&Prime; _builder_version=\u00a0\u00bb3.25&Prime; custom_padding=\u00a0\u00bb|||\u00a0\u00bb custom_padding__hover=\u00a0\u00bb|||\u00a0\u00bb][et_pb_text _builder_version=\u00a0\u00bb3.26.4&Prime;]<\/p>\n<h2><a href=\"https:\/\/learntobe.be\/\" title=\"Learn to Be asbl\">Learn to Be asbl<\/a><\/h2>\n<p><a href=\"https:\/\/learntobe.be\/\" title=\"Learn to Be\"><strong>Learn to Be<\/strong><\/a> est une Association sans but lucratif de droit belge. Elle a \u00e9t\u00e9 cr\u00e9\u00e9e dans un objectif d\u2019int\u00e9r\u00eat g\u00e9n\u00e9ral\u00a0: mettre les derni\u00e8res connaissances scientifiques au service du monde de l\u2019\u00e9ducation. Le programme <strong>\u00ab\u00a0Savoir-\u00eatre \u00e0 l\u2019\u00e9cole<\/strong>\u00a0\u00bb est d\u00e9velopp\u00e9 en Belgique depuis 2007.<\/p>\n<p><strong>Sa vision\u00a0: <\/strong>Permettre aux enfants et aux adolescents de b\u00e9n\u00e9ficier d\u2019une \u00e9ducation qui int\u00e8gre la connaissance de soi et le savoir-vivre ensemble, au m\u00eame titre que les apprentissages, pour les amener \u00e0 devenir des adultes autonomes et \u00e9panouis, des citoyens engag\u00e9s et responsables de leurs choix.<\/p>\n<p><strong>Sa mission\u00a0: <\/strong>Accompagner les acteurs de l\u2019\u00e9ducation, enseignants, \u00e9ducateurs, directeurs et autres membres d&rsquo;\u00e9quipes p\u00e9dagogiques, afin qu\u2019ils b\u00e9n\u00e9ficient des formations, du soutien et des outils pour d\u00e9velopper leurs propres comp\u00e9tences \u00e9motionnelles et relationnelles, et celles de leurs \u00e9l\u00e8ves.<\/p>\n<p>[\/et_pb_text][\/et_pb_column][\/et_pb_row][et_pb_row column_structure=\u00a0\u00bb1_4,3_4&Prime; _builder_version=\u00a0\u00bb3.25&Prime; background_size=\u00a0\u00bbinitial\u00a0\u00bb background_position=\u00a0\u00bbtop_left\u00a0\u00bb background_repeat=\u00a0\u00bbrepeat\u00a0\u00bb][et_pb_column type=\u00a0\u00bb1_4&Prime; _builder_version=\u00a0\u00bb3.25&Prime; custom_padding=\u00a0\u00bb|||\u00a0\u00bb custom_padding__hover=\u00a0\u00bb|||\u00a0\u00bb][et_pb_image src=\u00a0\u00bbhttps:\/\/learntobezen.eu\/fr\/wp-content\/uploads\/sites\/2\/2018\/01\/savoi-etre-ecole-400-1.jpg\u00a0\u00bb url=\u00a0\u00bbhttps:\/\/savoir-etre-ecole.org\/\u00a0\u00bb align_tablet=\u00a0\u00bbcenter\u00a0\u00bb align_last_edited=\u00a0\u00bbon|desktop\u00a0\u00bb _builder_version=\u00a0\u00bb3.26.4&Prime; border_width_all=\u00a0\u00bb1px\u00a0\u00bb border_color_all=\u00a0\u00bb#efefef\u00a0\u00bb always_center_on_mobile=\u00a0\u00bbon\u00a0\u00bb url_new_window=\u00a0\u00bbon\u00a0\u00bb][\/et_pb_image][\/et_pb_column][et_pb_column type=\u00a0\u00bb3_4&Prime; _builder_version=\u00a0\u00bb3.25&Prime; custom_padding=\u00a0\u00bb|||\u00a0\u00bb custom_padding__hover=\u00a0\u00bb|||\u00a0\u00bb][et_pb_text _builder_version=\u00a0\u00bb3.26.4&Prime; custom_margin=\u00a0\u00bb32px||||false|false\u00a0\u00bb]<\/p>\n<h2><a href=\"https:\/\/savoir-etre-ecole.org\/\" title=\"Savoir\u2013\u00eatre \u00e0 l\u2019\u00e9cole\">Savoir\u2013\u00eatre \u00e0 l\u2019\u00e9cole<\/a><\/h2>\n<p><a href=\"https:\/\/savoir-etre-ecole.org\/\" title=\"Savoir\u2013\u00eatre \u00e0 l\u2019\u00e9cole\"><strong>Savoir-\u00eatre \u00e0 l\u2019\u00e9cole<\/strong><\/a>, cr\u00e9\u00e9e fin 2014, a pour objet de mettre au service du monde de l\u2019\u00e9ducation une m\u00e9thode et des outils concrets de connaissance de soi et de ma\u00eetrise des comportements, issus des avanc\u00e9es des sciences neurocognitives et comportementales.<\/p>\n<p>[\/et_pb_text][\/et_pb_column][\/et_pb_row][et_pb_row column_structure=\u00a0\u00bb1_4,3_4&Prime; _builder_version=\u00a0\u00bb3.25&Prime; background_size=\u00a0\u00bbinitial\u00a0\u00bb background_position=\u00a0\u00bbtop_left\u00a0\u00bb background_repeat=\u00a0\u00bbrepeat\u00a0\u00bb][et_pb_column type=\u00a0\u00bb1_4&Prime; _builder_version=\u00a0\u00bb3.25&Prime; custom_padding=\u00a0\u00bb|||\u00a0\u00bb custom_padding__hover=\u00a0\u00bb|||\u00a0\u00bb][et_pb_image src=\u00a0\u00bbhttps:\/\/learntobezen.eu\/fr\/wp-content\/uploads\/sites\/2\/2018\/01\/ecole-fribourg-1.jpg\u00a0\u00bb url=\u00a0\u00bbhttp:\/\/dfgs-freiburg.de\/?page_id=23&#038;lang=fr\u00a0\u00bb align_tablet=\u00a0\u00bbcenter\u00a0\u00bb align_last_edited=\u00a0\u00bbon|desktop\u00a0\u00bb _builder_version=\u00a0\u00bb3.26.4&Prime; border_width_all=\u00a0\u00bb1px\u00a0\u00bb border_color_all=\u00a0\u00bb#efefef\u00a0\u00bb always_center_on_mobile=\u00a0\u00bbon\u00a0\u00bb url_new_window=\u00a0\u00bbon\u00a0\u00bb][\/et_pb_image][\/et_pb_column][et_pb_column type=\u00a0\u00bb3_4&Prime; _builder_version=\u00a0\u00bb3.25&Prime; custom_padding=\u00a0\u00bb|||\u00a0\u00bb custom_padding__hover=\u00a0\u00bb|||\u00a0\u00bb][et_pb_text _builder_version=\u00a0\u00bb3.26.4&Prime;]<\/p>\n<h2><a href=\"http:\/\/dfgs-freiburg.de\/?page_id=23&amp;lang=fr\" title=\"L\u2019\u00e9cole Franco-Allemande de Fribourg\">L\u2019\u00e9cole Franco-Allemande de Fribourg<\/a><\/h2>\n<p>L&rsquo;<a href=\"L\u2019\u00e9cole%20Franco-Allemande de Fribourg\" title=\"\u00c9cole El\u00e9mentaire Franco-Allemande de Fribourg\"><strong>\u00c9cole El\u00e9mentaire Franco-Allemande de Fribourg<\/strong><\/a> est un \u00e9tablissement primaire binational unique. Elle a \u00e9t\u00e9 fond\u00e9e en septembre 1992 par la signature d&rsquo;une d\u00e9claration commune entre le ministre de l&rsquo;\u00e9ducation du Land du Bade-Wurtemberg et l&rsquo;Agence pour l&rsquo;Enseignement Fran\u00e7ais \u00e0 l&rsquo;Etranger (AEFE).<\/p>\n<p>Depuis, l\u2019\u00e9cole accueille chaque ann\u00e9e environ 125 \u00e9l\u00e8ves issus de familles fran\u00e7aises, franco-allemandes, francophones ou francophiles. L&rsquo;\u00e9cole suit les programmes de l`Education Nationale Fran\u00e7aise et ceux du land du Bade-Wurtemberg. L&rsquo;enseignement est dispens\u00e9 dans chaque classe par un bin\u00f4me de professeurs fran\u00e7ais et allemand, chacun enseignant dans sa langue maternelle. De nombreux projets bilingues et biculturels sont mis en place.<\/p>\n<p>[\/et_pb_text][\/et_pb_column][\/et_pb_row][\/et_pb_section]<\/p>\n","protected":false},"excerpt":{"rendered":"<p>Learn to be zen @ school Learn to Be asbl Learn to Be est une Association sans but lucratif de droit belge. Elle a \u00e9t\u00e9 cr\u00e9\u00e9e dans un objectif d\u2019int\u00e9r\u00eat g\u00e9n\u00e9ral\u00a0: mettre les derni\u00e8res connaissances scientifiques au service du monde de l\u2019\u00e9ducation. Le programme \u00ab\u00a0Savoir-\u00eatre \u00e0 l\u2019\u00e9cole\u00a0\u00bb est d\u00e9velopp\u00e9 en Belgique depuis 2007. Sa vision\u00a0: [&hellip;]<\/p>\n","protected":false},"author":1,"featured_media":0,"parent":0,"menu_order":0,"comment_status":"closed","ping_status":"open","template":"","meta":{"_et_pb_use_builder":"on","_et_pb_old_content":"<p>En construction.<\/p>","_et_gb_content_width":"","footnotes":""},"class_list":["post-77","page","type-page","status-publish","hentry"],"_links":{"self":[{"href":"https:\/\/learntobezen.eu\/fr\/wp-json\/wp\/v2\/pages\/77","targetHints":{"allow":["GET"]}}],"collection":[{"href":"https:\/\/learntobezen.eu\/fr\/wp-json\/wp\/v2\/pages"}],"about":[{"href":"https:\/\/learntobezen.eu\/fr\/wp-json\/wp\/v2\/types\/page"}],"author":[{"embeddable":true,"href":"https:\/\/learntobezen.eu\/fr\/wp-json\/wp\/v2\/users\/1"}],"replies":[{"embeddable":true,"href":"https:\/\/learntobezen.eu\/fr\/wp-json\/wp\/v2\/comments?post=77"}],"version-history":[{"count":12,"href":"https:\/\/learntobezen.eu\/fr\/wp-json\/wp\/v2\/pages\/77\/revisions"}],"predecessor-version":[{"id":2048,"href":"https:\/\/learntobezen.eu\/fr\/wp-json\/wp\/v2\/pages\/77\/revisions\/2048"}],"wp:attachment":[{"href":"https:\/\/learntobezen.eu\/fr\/wp-json\/wp\/v2\/media?parent=77"}],"curies":[{"name":"wp","href":"https:\/\/api.w.org\/{rel}","templated":true}]}}