{"id":75,"date":"2017-12-31T14:15:50","date_gmt":"2017-12-31T13:15:50","guid":{"rendered":"https:\/\/learntobezen.eu\/fr\/?page_id=75"},"modified":"2019-09-26T12:20:30","modified_gmt":"2019-09-26T10:20:30","slug":"le-projet-3","status":"publish","type":"page","link":"https:\/\/learntobezen.eu\/fr\/le-projet-3\/","title":{"rendered":"Le projet"},"content":{"rendered":"<p>[et_pb_section fb_built=\u00a0\u00bb1&Prime; fullwidth=\u00a0\u00bbon\u00a0\u00bb module_class=\u00a0\u00bbFWHeader001&Prime; _builder_version=\u00a0\u00bb3.22&Prime;][et_pb_fullwidth_header title=\u00a0\u00bbLe projet\u00a0\u00bb text_orientation=\u00a0\u00bbcenter\u00a0\u00bb header_scroll_down=\u00a0\u00bbon\u00a0\u00bb _builder_version=\u00a0\u00bb3.16&Prime; title_text_color=\u00a0\u00bb#95c11f\u00a0\u00bb background_color=\u00a0\u00bbrgba(255, 255, 255, 0)\u00a0\u00bb background_image=\u00a0\u00bbhttps:\/\/learntobezen.eu\/fr\/wp-content\/uploads\/sites\/2\/2018\/01\/fw-bg-001.jpg\u00a0\u00bb button_one_text_size__hover_enabled=\u00a0\u00bboff\u00a0\u00bb button_two_text_size__hover_enabled=\u00a0\u00bboff\u00a0\u00bb button_one_text_color__hover_enabled=\u00a0\u00bboff\u00a0\u00bb button_two_text_color__hover_enabled=\u00a0\u00bboff\u00a0\u00bb button_one_border_width__hover_enabled=\u00a0\u00bboff\u00a0\u00bb button_two_border_width__hover_enabled=\u00a0\u00bboff\u00a0\u00bb button_one_border_color__hover_enabled=\u00a0\u00bboff\u00a0\u00bb button_two_border_color__hover_enabled=\u00a0\u00bboff\u00a0\u00bb button_one_border_radius__hover_enabled=\u00a0\u00bboff\u00a0\u00bb button_two_border_radius__hover_enabled=\u00a0\u00bboff\u00a0\u00bb button_one_letter_spacing__hover_enabled=\u00a0\u00bboff\u00a0\u00bb button_two_letter_spacing__hover_enabled=\u00a0\u00bboff\u00a0\u00bb button_one_bg_color__hover_enabled=\u00a0\u00bboff\u00a0\u00bb button_two_bg_color__hover_enabled=\u00a0\u00bboff\u00a0\u00bb]<\/p>\n<h2 style=\"text-align: center\">Learn to be zen @ school<\/h2>\n<p>[\/et_pb_fullwidth_header][\/et_pb_section][et_pb_section fb_built=\u00a0\u00bb1&Prime; _builder_version=\u00a0\u00bb3.22&Prime;][et_pb_row column_structure=\u00a0\u00bb1_4,1_4,1_2&Prime; _builder_version=\u00a0\u00bb3.25&Prime; background_size=\u00a0\u00bbinitial\u00a0\u00bb background_position=\u00a0\u00bbtop_left\u00a0\u00bb background_repeat=\u00a0\u00bbrepeat\u00a0\u00bb][et_pb_column type=\u00a0\u00bb1_4&Prime; _builder_version=\u00a0\u00bb3.25&Prime; custom_padding=\u00a0\u00bb|||\u00a0\u00bb custom_padding__hover=\u00a0\u00bb|||\u00a0\u00bb][et_pb_image src=\u00a0\u00bbhttps:\/\/learntobezen.eu\/fr\/wp-content\/uploads\/sites\/2\/2018\/01\/erasmus_400-1.jpg\u00a0\u00bb align_tablet=\u00a0\u00bbcenter\u00a0\u00bb align_last_edited=\u00a0\u00bbon|desktop\u00a0\u00bb _builder_version=\u00a0\u00bb3.26.4&Prime; border_width_all=\u00a0\u00bb1px\u00a0\u00bb border_color_all=\u00a0\u00bb#efefef\u00a0\u00bb url=\u00a0\u00bbhttps:\/\/ec.europa.eu\/programmes\/erasmus-plus\/node_fr\u00a0\u00bb][\/et_pb_image][et_pb_image src=\u00a0\u00bbhttps:\/\/learntobezen.eu\/fr\/wp-content\/uploads\/sites\/2\/2018\/01\/savoi-etre-ecole-400-1.jpg\u00a0\u00bb align_tablet=\u00a0\u00bbcenter\u00a0\u00bb align_last_edited=\u00a0\u00bbon|desktop\u00a0\u00bb _builder_version=\u00a0\u00bb3.26.4&Prime; border_width_all=\u00a0\u00bb1px\u00a0\u00bb border_color_all=\u00a0\u00bb#efefef\u00a0\u00bb url=\u00a0\u00bbhttps:\/\/savoir-etre-ecole.org\/\u00a0\u00bb url_new_window=\u00a0\u00bbon\u00a0\u00bb][\/et_pb_image][\/et_pb_column][et_pb_column type=\u00a0\u00bb1_4&Prime; _builder_version=\u00a0\u00bb3.25&Prime; custom_padding=\u00a0\u00bb|||\u00a0\u00bb custom_padding__hover=\u00a0\u00bb|||\u00a0\u00bb][et_pb_image src=\u00a0\u00bbhttps:\/\/learntobezen.eu\/fr\/wp-content\/uploads\/sites\/2\/2018\/01\/learn-to-be-400-1.jpg\u00a0\u00bb align_tablet=\u00a0\u00bbcenter\u00a0\u00bb align_last_edited=\u00a0\u00bbon|desktop\u00a0\u00bb _builder_version=\u00a0\u00bb3.26.4&Prime; border_width_all=\u00a0\u00bb1px\u00a0\u00bb border_color_all=\u00a0\u00bb#efefef\u00a0\u00bb url=\u00a0\u00bbhttps:\/\/learntobe.be\/\u00a0\u00bb url_new_window=\u00a0\u00bbon\u00a0\u00bb][\/et_pb_image][et_pb_image src=\u00a0\u00bbhttps:\/\/learntobezen.eu\/fr\/wp-content\/uploads\/sites\/2\/2018\/01\/ecole-fribourg-1.jpg\u00a0\u00bb align_tablet=\u00a0\u00bbcenter\u00a0\u00bb align_last_edited=\u00a0\u00bbon|desktop\u00a0\u00bb _builder_version=\u00a0\u00bb3.26.4&Prime; border_width_all=\u00a0\u00bb1px\u00a0\u00bb border_color_all=\u00a0\u00bb#efefef\u00a0\u00bb url=\u00a0\u00bbhttp:\/\/dfgs-freiburg.de\u00a0\u00bb url_new_window=\u00a0\u00bbon\u00a0\u00bb][\/et_pb_image][\/et_pb_column][et_pb_column type=\u00a0\u00bb1_2&Prime; _builder_version=\u00a0\u00bb3.25&Prime; custom_padding=\u00a0\u00bb|||\u00a0\u00bb custom_padding__hover=\u00a0\u00bb|||\u00a0\u00bb][et_pb_text _builder_version=\u00a0\u00bb3.26.4&Prime;]<\/p>\n<h2>Le projet<\/h2>\n<p>\u00c0 l\u2019initiative de <a href=\"https:\/\/learntobe.be\/\" target=\"_blank\" rel=\"noopener noreferrer\">Learn to Be<\/a> (Belgique), en partenariat avec <a href=\"https:\/\/savoir-etre-ecole.org\/\" target=\"_blank\" rel=\"noopener noreferrer\">Savoir-\u00eatre \u00e0 l\u2019\u00e9cole<\/a> (France) et l\u2019<a href=\"http:\/\/dfgs-freiburg.de\/?page_id=23&amp;lang=fr\" target=\"_blank\" rel=\"noopener noreferrer\">\u00c9cole Franco-Allemande de Fribourg<\/a> (Allemagne), <strong>le projet \u00ab Learn to be zen @ school \u00bb est lanc\u00e9<\/strong> ! Il s\u2019agit d\u2019un partenariat strat\u00e9gique europ\u00e9en <a href=\"https:\/\/ec.europa.eu\/programmes\/erasmus-plus\/node_fr\" target=\"_blank\" rel=\"noopener noreferrer\">Erasmus+<\/a>.<\/p>\n<p>Les partenaires et participants (\u00e9coles, enseignants, \u00e9ducateurs et parents) ont test\u00e9, mis en \u0153uvre, \u00e9valu\u00e9, et contribu\u00e9 \u00e0 ajuster ces outils, qui sont d\u00e9sormais fournis gratuitement au grand public.<\/p>\n<p>Vous pouvez t\u00e9l\u00e9charger <a href=\"https:\/\/learntobezen.eu\/fr\/wp-content\/uploads\/sites\/2\/2018\/01\/Learn-to-Be-zen-@-school-FR-officiel-1.pdf\">le document officiel de pr\u00e9sentation<\/a><\/p>\n<h2><\/h2>\n<h2>La chronologie<\/h2>\n<ul>\n<li><strong>F\u00e9vrier 2017 &#8211; Discussions sur les \u00e9motions et d\u00e9but de l\u2019aventure<\/strong><\/li>\n<\/ul>\n<p style=\"padding-left: 30px\">Nombreuses discussions de l\u2019\u00e9quipe de l\u2019association Learn to Be et de professionnels de l\u2019enfance pour chercher ensemble des r\u00e9ponses \u00e0 la question : <em>Comment aborder le th\u00e8me des \u00e9motions avec les enfants ?<\/em><\/p>\n<ul>\n<li><strong>Mars 2017 &#8211; Naissance du projet Learn to be zen @ school<\/strong><\/li>\n<\/ul>\n<p style=\"padding-left: 30px\">Cr\u00e9ation du partenariat avec <a href=\"https:\/\/savoir-etre-ecole.org\/\" target=\"_blank\" rel=\"noopener noreferrer\">Savoir-\u00eatre \u00e0 l\u2019\u00e9cole<\/a> (France) et l\u2019<a href=\"http:\/\/dfgs-freiburg.de\/?page_id=23&amp;lang=fr\" target=\"_blank\" rel=\"noopener noreferrer\">Ecole Franco-Allemande de Fribourg<\/a> (Allemagne), autour de l\u2019id\u00e9e de produire des vid\u00e9os assorties \u00e0 des fiches p\u00e9dagogiques et des outils ludiques et p\u00e9dagogiques. Et ce dans trois langues : fran\u00e7ais, allemand et anglais.<\/p>\n<ul>\n<li><strong>Septembre 2017 &#8211; Le projet est lanc\u00e9 : au travail maintenant !<\/strong><\/li>\n<\/ul>\n<p style=\"padding-left: 30px\">Avec le soutien d\u2019<a href=\"https:\/\/ec.europa.eu\/programmes\/erasmus-plus\/node_fr\" target=\"_blank\" rel=\"noopener noreferrer\">Erasmus +<\/a>, cr\u00e9ation des premi\u00e8res capsules vid\u00e9o et des outils p\u00e9dagogiques. Pr\u00e9sentation du projet dans diff\u00e9rents salons et \u00e9coles, sur les r\u00e9seaux sociaux etc.<\/p>\n<ul>\n<li><strong>F\u00e9vrier 2018 &#8211; Lancement du site internet et de la premi\u00e8re th\u00e9matique<\/strong><\/li>\n<\/ul>\n<p style=\"padding-left: 30px\">Ouverture du site internet <span><a href=\"https:\/\/learntobezen.eu\/\">https:\/\/learntobezen.eu<\/a><\/span>\u00a0 et lancement des premiers outils pour qu\u2019ils soient exp\u00e9riment\u00e9s dans des \u00e9coles participantes ou partenaire.<\/p>\n<ul>\n<li><strong>Fin ao\u00fbt 2019 &#8211; Cl\u00f4ture du projet d\u2019exp\u00e9rimentation<\/strong><\/li>\n<\/ul>\n<p style=\"padding-left: 30px\">Les outils ont \u00e9t\u00e9 mis en \u0153uvre au fur et \u00e0 mesure par une s\u00e9rie d\u2019enseignants volontaires : 75 Belges, une dizaine d\u2019Allemands et 33 Fran\u00e7ais. Environ 3.000 enfants ont particip\u00e9 \u00e0 ces ateliers. Des \u00e9valuations, par les enfants et par les adultes, ont \u00e9t\u00e9 transmises au partenariat.<\/p>\n<ul>\n<li><strong>Septembre 2019 &#8211; Lancement de la bo\u00eete \u00e0 outils\u00a0<\/strong><\/li>\n<\/ul>\n<p style=\"padding-left: 30px\">Mise \u00e0 disposition de l\u2019ensemble des outils Learn to be zen @ school au grand public, et ce gratuitement.<\/p>\n<p>&nbsp;<\/p>\n<p>[\/et_pb_text][\/et_pb_column][\/et_pb_row][\/et_pb_section]<\/p>\n","protected":false},"excerpt":{"rendered":"<p>Learn to be zen @ school Le projet \u00c0 l\u2019initiative de Learn to Be (Belgique), en partenariat avec Savoir-\u00eatre \u00e0 l\u2019\u00e9cole (France) et l\u2019\u00c9cole Franco-Allemande de Fribourg (Allemagne), le projet \u00ab Learn to be zen @ school \u00bb est lanc\u00e9 ! Il s\u2019agit d\u2019un partenariat strat\u00e9gique europ\u00e9en Erasmus+. Les partenaires et participants (\u00e9coles, enseignants, \u00e9ducateurs [&hellip;]<\/p>\n","protected":false},"author":1,"featured_media":0,"parent":0,"menu_order":0,"comment_status":"closed","ping_status":"open","template":"","meta":{"_et_pb_use_builder":"on","_et_pb_old_content":"En construction.","_et_gb_content_width":"","footnotes":""},"class_list":["post-75","page","type-page","status-publish","hentry"],"_links":{"self":[{"href":"https:\/\/learntobezen.eu\/fr\/wp-json\/wp\/v2\/pages\/75","targetHints":{"allow":["GET"]}}],"collection":[{"href":"https:\/\/learntobezen.eu\/fr\/wp-json\/wp\/v2\/pages"}],"about":[{"href":"https:\/\/learntobezen.eu\/fr\/wp-json\/wp\/v2\/types\/page"}],"author":[{"embeddable":true,"href":"https:\/\/learntobezen.eu\/fr\/wp-json\/wp\/v2\/users\/1"}],"replies":[{"embeddable":true,"href":"https:\/\/learntobezen.eu\/fr\/wp-json\/wp\/v2\/comments?post=75"}],"version-history":[{"count":25,"href":"https:\/\/learntobezen.eu\/fr\/wp-json\/wp\/v2\/pages\/75\/revisions"}],"predecessor-version":[{"id":2046,"href":"https:\/\/learntobezen.eu\/fr\/wp-json\/wp\/v2\/pages\/75\/revisions\/2046"}],"wp:attachment":[{"href":"https:\/\/learntobezen.eu\/fr\/wp-json\/wp\/v2\/media?parent=75"}],"curies":[{"name":"wp","href":"https:\/\/api.w.org\/{rel}","templated":true}]}}