{"id":625,"date":"2019-09-17T14:34:06","date_gmt":"2019-09-17T12:34:06","guid":{"rendered":"https:\/\/learntobezen.eu\/fr\/?page_id=625"},"modified":"2019-09-26T13:55:37","modified_gmt":"2019-09-26T11:55:37","slug":"coin-presse","status":"publish","type":"page","link":"https:\/\/learntobezen.eu\/fr\/coin-presse\/","title":{"rendered":"Coin Presse"},"content":{"rendered":"<p>[et_pb_section fb_built=\u00a0\u00bb1&Prime; _builder_version=\u00a0\u00bb3.22&Prime; global_module=\u00a0\u00bb1991&Prime;][et_pb_row _builder_version=\u00a0\u00bb3.25&Prime; background_size=\u00a0\u00bbinitial\u00a0\u00bb background_position=\u00a0\u00bbtop_left\u00a0\u00bb background_repeat=\u00a0\u00bbrepeat\u00a0\u00bb][et_pb_column type=\u00a0\u00bb4_4&Prime; _builder_version=\u00a0\u00bb3.25&Prime; custom_padding=\u00a0\u00bb|||\u00a0\u00bb custom_padding__hover=\u00a0\u00bb|||\u00a0\u00bb][et_pb_post_title author=\u00a0\u00bboff\u00a0\u00bb categories=\u00a0\u00bboff\u00a0\u00bb comments=\u00a0\u00bboff\u00a0\u00bb featured_image=\u00a0\u00bboff\u00a0\u00bb admin_label=\u00a0\u00bbRappports d&rsquo;activit\u00e9s\u00a0\u00bb _builder_version=\u00a0\u00bb3.19.5&Prime; title_font=\u00a0\u00bb||||||||\u00a0\u00bb][\/et_pb_post_title][\/et_pb_column][\/et_pb_row][et_pb_row column_structure=\u00a0\u00bb3_4,1_4&Prime; _builder_version=\u00a0\u00bb3.27.3&Prime;][et_pb_column type=\u00a0\u00bb3_4&Prime; _builder_version=\u00a0\u00bb3.27.3&Prime;][et_pb_text _builder_version=\u00a0\u00bb3.27.4&Prime;]<\/p>\n<p>Vous trouverez, dans ce coin presse, les communiqu\u00e9s et dossiers de presse r\u00e9cents sur nos diverses activit\u00e9s, ainsi que notre logo.<\/p>\n<p>[\/et_pb_text][et_pb_divider _builder_version=\u00a0\u00bb3.27.3&Prime;][\/et_pb_divider][et_pb_image src=\u00a0\u00bbhttps:\/\/learntobezen.eu\/fr\/wp-content\/uploads\/sites\/2\/2019\/09\/L2Bzen_tableau.png\u00a0\u00bb _builder_version=\u00a0\u00bb3.27.3&Prime;][\/et_pb_image][et_pb_text _builder_version=\u00a0\u00bb3.26.4&Prime;]<\/p>\n<h2>Learn to be zen @ school pr\u00e9sent\u00e9 par <a href=\"https:\/\/learntobe.be\/\" title=\"Learn to Be asbl\">Learn to Be asbl<\/a>\u00a0(Belgique) et <a href=\"https:\/\/savoir-etre-ecole.org\/\" title=\"Savoir Etre \u00e0 l'Ecole\">Savoir Etre \u00e0 l&rsquo;Ecole<\/a> (France)<\/h2>\n<p>[\/et_pb_text][et_pb_text _builder_version=\u00a0\u00bb3.26.4&Prime;]<\/p>\n<p>Au terme d\u2019un projet de partenariat strat\u00e9gique Erasmus +, la bo\u00eete \u00e0 outils p\u00e9dagogiques <strong>Learn to be zen @ school<\/strong> est maintenant disponible en acc\u00e8s libre, en <a href=\"https:\/\/learntobezen.eu\/fr\/\" title=\"Learn to be zen @ school en franc\u00e7ais\">fran\u00e7ais<\/a>, en <a href=\"https:\/\/learntobezen.eu\/de\/\" title=\"Learn to be zen @ school auf Deutsch\">allemand<\/a> et en <a href=\"https:\/\/learntobezen.eu\/en\/\" title=\"Learn to be zen @ school in English\">anglais<\/a>.<\/p>\n<p><strong>Dix modules d\u2019apprentissage, dix vid\u00e9os d\u2019animation, pour aborder les \u00e9motions avec les enfants de 5 \u00e0 12 ans.<\/strong><\/p>\n<p>Veuillez trouver le <strong><a href=\"https:\/\/learntobe.be\/wp-content\/uploads\/2019\/09\/Communique-presse-Learntobezenatschool-FINAL.pdf\">Communiqu\u00e9<\/a><\/strong> et le <strong><a href=\"https:\/\/learntobe.be\/wp-content\/uploads\/2019\/09\/Learn-to-be-zen-Dossier-de-presse-FINAL-160919.pdf\">Dossier de presse<\/a><\/strong> relatifs au projet.<\/p>\n<p>Nous souhaitons en assurer une large diffusion. Merci d\u00e9j\u00e0 d\u2019y contribuer\u00a0!<\/p>\n<p>[\/et_pb_text][et_pb_text _builder_version=\u00a0\u00bb3.27.4&Prime; background_color=\u00a0\u00bb#d6d6d6&Prime; custom_padding=\u00a0\u00bb4px||4px||false|false\u00a0\u00bb]<\/p>\n<p style=\"text-align: center;\">Vous souhaitez <strong>des images ou des photos<\/strong> pour une publication (commerciale ou \u00e9ducative) ?\u00a0<strong><a href=\"https:\/\/learntobe.be\/contact\/\">Contactez-nous.<\/a><\/strong><\/p>\n<p>[\/et_pb_text][et_pb_divider _builder_version=\u00a0\u00bb3.27.3&Prime;][\/et_pb_divider][\/et_pb_column][et_pb_column type=\u00a0\u00bb1_4&Prime; _builder_version=\u00a0\u00bb3.27.3&Prime;][et_pb_text _builder_version=\u00a0\u00bb3.27.4&Prime; background_color=\u00a0\u00bb#ffffff\u00a0\u00bb border_color_all=\u00a0\u00bb#0c71c3&Prime; custom_margin=\u00a0\u00bb5px|5px|5px|5px|false|false\u00a0\u00bb custom_padding=\u00a0\u00bb10px|7px|10px|7px|false|false\u00a0\u00bb]<\/p>\n<p><strong>Logo en format png<\/strong><\/p>\n<p><a href=\"https:\/\/learntobezen.eu\/fr\/wp-content\/uploads\/sites\/2\/2019\/09\/LearnToBeLogo.png\" title=\"Learn to Be\"><img decoding=\"async\" src=\"https:\/\/learntobezen.eu\/fr\/wp-content\/uploads\/sites\/2\/2019\/09\/LearnToBeLogo.png\" \/><\/a><\/p>\n<p><strong>Logo en format PDF<\/strong><\/p>\n<p>https:\/\/learntobe.be\/wp-content\/uploads\/2019\/09\/LearntoBe_logo_1.pdf<\/p>\n<p>[\/et_pb_text][et_pb_divider _builder_version=\u00a0\u00bb3.27.3&Prime;][\/et_pb_divider][et_pb_text _builder_version=\u00a0\u00bb3.27.4&Prime; background_color=\u00a0\u00bb#ffffff\u00a0\u00bb border_color_all=\u00a0\u00bb#0c71c3&Prime; custom_margin=\u00a0\u00bb5px|5px|5px|5px|false|false\u00a0\u00bb custom_padding=\u00a0\u00bb10px|7px|10px|7px|false|false\u00a0\u00bb]<\/p>\n<p><strong>Galerie d&rsquo;images Learn to be zen@ school<\/strong><\/p>\n<p>[\/et_pb_text][et_pb_gallery gallery_ids=\u00a0\u00bb1976,627,1933,1974,1931,807,931,950,951&Prime; posts_number=\u00a0\u00bb2&Prime; _builder_version=\u00a0\u00bb3.27.3&Prime; pagination_font_size=\u00a0\u00bb10px\u00a0\u00bb][\/et_pb_gallery][\/et_pb_column][\/et_pb_row][\/et_pb_section]<\/p>\n","protected":false},"excerpt":{"rendered":"<p>Vous trouverez, dans ce coin presse, les communiqu\u00e9s et dossiers de presse r\u00e9cents sur nos diverses activit\u00e9s, ainsi que notre logo.Learn to be zen @ school pr\u00e9sent\u00e9 par Learn to Be asbl\u00a0(Belgique) et Savoir Etre \u00e0 l&rsquo;Ecole (France) Au terme d\u2019un projet de partenariat strat\u00e9gique Erasmus +, la bo\u00eete \u00e0 outils p\u00e9dagogiques Learn to be [&hellip;]<\/p>\n","protected":false},"author":3,"featured_media":0,"parent":0,"menu_order":0,"comment_status":"closed","ping_status":"closed","template":"","meta":{"_et_pb_use_builder":"on","_et_pb_old_content":"","_et_gb_content_width":"","footnotes":""},"class_list":["post-625","page","type-page","status-publish","hentry"],"_links":{"self":[{"href":"https:\/\/learntobezen.eu\/fr\/wp-json\/wp\/v2\/pages\/625","targetHints":{"allow":["GET"]}}],"collection":[{"href":"https:\/\/learntobezen.eu\/fr\/wp-json\/wp\/v2\/pages"}],"about":[{"href":"https:\/\/learntobezen.eu\/fr\/wp-json\/wp\/v2\/types\/page"}],"author":[{"embeddable":true,"href":"https:\/\/learntobezen.eu\/fr\/wp-json\/wp\/v2\/users\/3"}],"replies":[{"embeddable":true,"href":"https:\/\/learntobezen.eu\/fr\/wp-json\/wp\/v2\/comments?post=625"}],"version-history":[{"count":5,"href":"https:\/\/learntobezen.eu\/fr\/wp-json\/wp\/v2\/pages\/625\/revisions"}],"predecessor-version":[{"id":2058,"href":"https:\/\/learntobezen.eu\/fr\/wp-json\/wp\/v2\/pages\/625\/revisions\/2058"}],"wp:attachment":[{"href":"https:\/\/learntobezen.eu\/fr\/wp-json\/wp\/v2\/media?parent=625"}],"curies":[{"name":"wp","href":"https:\/\/api.w.org\/{rel}","templated":true}]}}