{"id":303,"date":"2018-06-18T12:03:01","date_gmt":"2018-06-18T10:03:01","guid":{"rendered":"https:\/\/learntobezen.eu\/fr\/?page_id=303"},"modified":"2018-07-20T11:35:50","modified_gmt":"2018-07-20T09:35:50","slug":"politique-en-matiere-de-cookies","status":"publish","type":"page","link":"https:\/\/learntobezen.eu\/fr\/politique-en-matiere-de-cookies\/","title":{"rendered":"Politique en mati\u00e8re de cookies"},"content":{"rendered":"<h2>L\u2019utilisation des cookies<\/h2>\n<p>Sur nos sites Internet, nous utilisons des cookies pour diff\u00e9rentes raisons. On peut regrouper les cookies que nous utilisons en deux cat\u00e9gories :<\/p>\n<p>1\/ <strong>les cookies fonctionnels<\/strong> qui r\u00e9pondent \u00e0 des exigences techniques et sont n\u00e9cessaires \u00e0 une connexion correcte et s\u00e9curis\u00e9e au site;<\/p>\n<p>2\/ <strong>les cookies de performance<\/strong> qui facilitent la navigation en enregistrant certaines de vos pr\u00e9f\u00e9rences. Ces cookies sont \u00e9galement utilis\u00e9s \u00e0 des fins statistiques et nous permettent de d\u00e9velopper un service web convivial et de haute qualit\u00e9.<\/p>\n<p>Cette politique en mati\u00e8re de cookies a pour but de vous informer des caract\u00e9ristiques et des finalit\u00e9s des cookies que nous utilisons. <strong>Nous vous invitons \u00e9galement \u00e0 prendre connaissance de notre politique de confidentialit\u00e9.<\/strong> Celle-ci contient, en effet, les r\u00e8gles que nous utilisons en mati\u00e8re de protection de la vie priv\u00e9e.<\/p>\n<h2>Qu\u2019est-ce qu\u2019un cookie ?<\/h2>\n<p>Un cookie est un petit fichier envoy\u00e9 par un site web sur le disque dur de votre ordinateur ou sur tout appareil mobile permettant la navigation sur Internet, comme un smartphone ou une tablette. Un cookie ne permet pas de vous identifier directement. En revanche, il permet d\u2019identifier votre appareil de navigation.<\/p>\n<h2>Les types de cookies que nous utilisons<\/h2>\n<p>Outre leur r\u00e9partition selon leur statut juridique (cookies fonctionnels\/cookies de performance), les cookies peuvent \u00e9galement \u00eatre subdivis\u00e9s en cat\u00e9gories selon leur origine, leur fonction et leur dur\u00e9e de vie.<\/p>\n<p><strong>First-party cookies (cookies directs):<\/strong> visent les cookies qui sont plac\u00e9s par directement par nos soins lors de la visite de ses sites .<\/p>\n<p><strong>Third-party cookies (cookies indirects):<\/strong> visent les cookies qui sont plac\u00e9s par un tiers, lorsque vous visitez un de nos sites Internet. Il s\u2019agit de cookies plac\u00e9s par Google, Twitter et Facebook, par exemple.<\/p>\n<p><strong>Cookies fonctionnels :<\/strong> veillent au fonctionnement correct du site Internet (ex : cookies de login, d\u2019enregistrement, pr\u00e9f\u00e9rences de langage). Les cookies fonctionnels sont des first-party cookies.<\/p>\n<p><strong>Cookies de confort :<\/strong> sont plac\u00e9s sur le site Internet pour des finalit\u00e9s statistiques, sociales et commerciales ou afin de cr\u00e9er un profil d\u2019utilisateur g\u00e9n\u00e9ral. Les cookies de confort visent essentiellement \u00e0 rendre votre navigation \u00e0 la fois plus confortable, plus commode et plus conviviale. Les cookies de confort peuvent \u00eatre directs ou indirects.<\/p>\n<p><strong>Les cookies plac\u00e9s \u00e0 des fins statistiques<\/strong> permettent de v\u00e9rifier les pages visit\u00e9es du site internet et de localiser l\u2019ordinateur, etc. (ex : Google Analytics).<\/p>\n<p><strong>Les cookies plac\u00e9s \u00e0 des fins sociales<\/strong> permettent aux internautes de partager le contenu du site internet visit\u00e9 sur les r\u00e9seaux sociaux (ex: Twitter, Facebook, etc.).<\/p>\n<p><strong>Les cookies poursuivant des objectifs commerciaux<\/strong> enregistrent quelles publicit\u00e9s sont montr\u00e9es \u00e0 un internaute et \u00e0 quelle fr\u00e9quence (certains cookies sont utilis\u00e9s par Google Analytics). Les cookies de confort peuvent \u00eatre des first party ou third party cookies.<\/p>\n<p><strong>Cookies permanents :<\/strong> restent pr\u00e9sents sur votre disque dur pour une longue dur\u00e9e pr\u00e9d\u00e9finie ou jusqu\u2019\u00e0 ce que vous les effaciez.<\/p>\n<p><strong>Cookies de session ou cookies temporaires :<\/strong> les cookies de session sont temporaires. Ils permettent de simplifier vos manipulations pendant une session de navigation. Une session de navigation commence quand vous ouvrez l\u2019\u00e9cran du navigateur et se termine quand vous fermez l\u2019\u00e9cran de ce navigateur. D\u00e8s que vous fermez votre navigateur, tous les cookies de session sont supprim\u00e9s. Les cookies de session sont g\u00e9n\u00e9ralement fonctionnels.<\/p>\n<h2>Pour en savoir plus sur les cookies<\/h2>\n<p>Le site Internet <a href=\"http:\/\/www.allaboutcookies.org\">http:\/\/www.allaboutcookies.org<\/a>\/ vous fournit plus de d\u00e9tails sur le fonctionnement des cookies.<\/p>\n<p>L\u2019Internet Advertising Bureau (IAB), qui regroupe les digital marketers, a publi\u00e9 diverses informations utiles ainsi que des conseils sur la publicit\u00e9 comportementale et la vie priv\u00e9e sur le site <a href=\"http:\/\/www.youronlinechoices.eu\/\">http:\/\/www.youronlinechoices.eu\/<\/a><\/p>\n<h2>Votre consentement pour l\u2019utilisation des cookies<\/h2>\n<p>Lors de votre premi\u00e8re visite sur notre site Internet, nous vous donnons acc\u00e8s \u00e0 la pr\u00e9sente politique. Vous pouvez ainsi param\u00e9trer votre outil de navigation en vue de limiter ou de supprimer l\u2019utilisation des cookies. Dans le m\u00eame temps, vous \u00eates \u00e9galement inform\u00e9 de la mani\u00e8re de consentir \u00e0 l\u2019usage des cookies. Vous \u00eates libre d\u2019accepter ou de refuser les cookies mais sachez qu\u2019un refus pourrait rendre votre navigation sur notre site Internet moins conviviale voire impossible s\u2019il s\u2019agit de cookies fonctionnels.<\/p>\n<p>Quel que soit votre choix, vous pouvez toujours modifier votre choix en cliquant sur l\u2019hyperlien \u00ab Cookies \u00bb situ\u00e9 en bas de chaque page de notre site Internet.<\/p>\n<h2>Modifier les param\u00e8tres de votre navigateur<\/h2>\n<p>Nous attirons votre attention sur le fait que les param\u00e8tres de votre navigateur vous permettent \u00e9galement de modifier les param\u00e8tres d\u2019acceptation des cookies. Ces param\u00e8tres sont g\u00e9n\u00e9ralement accessibles via le menu \u00ab Option \u00bb ou \u00ab Pr\u00e9f\u00e9rences \u00bb de votre navigateur. Pour mieux comprendre ces param\u00e8tres, nous vous invitons \u00e0 consulter les liens suivants ou vous r\u00e9f\u00e9rer \u00e0 l\u2019onglet \u00ab Aide \u00bb de votre navigateur :<\/p>\n<ul>\n<li><a href=\"https:\/\/support.microsoft.com\/fr-fr\/help\/17442\/windows-internet-explorer-delete-manage-cookies#ie=ie-9\">Cookies dans Internet Explorer<\/a><\/li>\n<li><a href=\"https:\/\/support.mozilla.org\/fr\/kb\/cookies-informations-sites-enregistrent\">Cookies dans Mozilla Firefox<\/a><\/li>\n<li><a href=\"https:\/\/support.google.com\/chrome\/answer\/95647?hl=fr&amp;hlrm=en&amp;hlrm=en\">Cookies dans Chrome<\/a><\/li>\n<li><a href=\"https:\/\/support.apple.com\/fr-be\/HT201265\">Cookies dans Safari<\/a><\/li>\n<\/ul>\n","protected":false},"excerpt":{"rendered":"<p>L\u2019utilisation des cookies Sur nos sites Internet, nous utilisons des cookies pour diff\u00e9rentes raisons. On peut regrouper les cookies que nous utilisons en deux cat\u00e9gories : 1\/ les cookies fonctionnels qui r\u00e9pondent \u00e0 des exigences techniques et sont n\u00e9cessaires \u00e0 une connexion correcte et s\u00e9curis\u00e9e au site; 2\/ les cookies de performance qui facilitent la [&hellip;]<\/p>\n","protected":false},"author":2,"featured_media":0,"parent":0,"menu_order":0,"comment_status":"closed","ping_status":"closed","template":"","meta":{"_et_pb_use_builder":"off","_et_pb_old_content":"","_et_gb_content_width":"","footnotes":""},"class_list":["post-303","page","type-page","status-publish","hentry"],"_links":{"self":[{"href":"https:\/\/learntobezen.eu\/fr\/wp-json\/wp\/v2\/pages\/303","targetHints":{"allow":["GET"]}}],"collection":[{"href":"https:\/\/learntobezen.eu\/fr\/wp-json\/wp\/v2\/pages"}],"about":[{"href":"https:\/\/learntobezen.eu\/fr\/wp-json\/wp\/v2\/types\/page"}],"author":[{"embeddable":true,"href":"https:\/\/learntobezen.eu\/fr\/wp-json\/wp\/v2\/users\/2"}],"replies":[{"embeddable":true,"href":"https:\/\/learntobezen.eu\/fr\/wp-json\/wp\/v2\/comments?post=303"}],"version-history":[{"count":2,"href":"https:\/\/learntobezen.eu\/fr\/wp-json\/wp\/v2\/pages\/303\/revisions"}],"predecessor-version":[{"id":309,"href":"https:\/\/learntobezen.eu\/fr\/wp-json\/wp\/v2\/pages\/303\/revisions\/309"}],"wp:attachment":[{"href":"https:\/\/learntobezen.eu\/fr\/wp-json\/wp\/v2\/media?parent=303"}],"curies":[{"name":"wp","href":"https:\/\/api.w.org\/{rel}","templated":true}]}}