{"id":2076,"date":"2019-10-03T10:14:15","date_gmt":"2019-10-03T08:14:15","guid":{"rendered":"https:\/\/learntobezen.eu\/fr\/?page_id=2076"},"modified":"2019-10-03T10:22:13","modified_gmt":"2019-10-03T08:22:13","slug":"formations","status":"publish","type":"page","link":"https:\/\/learntobezen.eu\/fr\/formations\/","title":{"rendered":"Formations"},"content":{"rendered":"<p>[et_pb_section fb_built=\u00a0\u00bb1&Prime; fullwidth=\u00a0\u00bbon\u00a0\u00bb module_class=\u00a0\u00bbFWHeader001&Prime; _builder_version=\u00a0\u00bb3.22&Prime;][et_pb_fullwidth_header title=\u00a0\u00bbLes formations\u00a0\u00bb text_orientation=\u00a0\u00bbcenter\u00a0\u00bb header_scroll_down=\u00a0\u00bbon\u00a0\u00bb _builder_version=\u00a0\u00bb3.26.4&Prime; title_text_color=\u00a0\u00bb#95c11f\u00a0\u00bb background_enable_image=\u00a0\u00bboff\u00a0\u00bb custom_margin=\u00a0\u00bb-32px||||false|false\u00a0\u00bb button_one_text_size__hover_enabled=\u00a0\u00bboff\u00a0\u00bb button_one_text_size__hover=\u00a0\u00bbnull\u00a0\u00bb button_two_text_size__hover_enabled=\u00a0\u00bboff\u00a0\u00bb button_two_text_size__hover=\u00a0\u00bbnull\u00a0\u00bb button_one_text_color__hover_enabled=\u00a0\u00bboff\u00a0\u00bb button_one_text_color__hover=\u00a0\u00bbnull\u00a0\u00bb button_two_text_color__hover_enabled=\u00a0\u00bboff\u00a0\u00bb button_two_text_color__hover=\u00a0\u00bbnull\u00a0\u00bb button_one_border_width__hover_enabled=\u00a0\u00bboff\u00a0\u00bb button_one_border_width__hover=\u00a0\u00bbnull\u00a0\u00bb button_two_border_width__hover_enabled=\u00a0\u00bboff\u00a0\u00bb button_two_border_width__hover=\u00a0\u00bbnull\u00a0\u00bb button_one_border_color__hover_enabled=\u00a0\u00bboff\u00a0\u00bb button_one_border_color__hover=\u00a0\u00bbnull\u00a0\u00bb button_two_border_color__hover_enabled=\u00a0\u00bboff\u00a0\u00bb button_two_border_color__hover=\u00a0\u00bbnull\u00a0\u00bb button_one_border_radius__hover_enabled=\u00a0\u00bboff\u00a0\u00bb button_one_border_radius__hover=\u00a0\u00bbnull\u00a0\u00bb button_two_border_radius__hover_enabled=\u00a0\u00bboff\u00a0\u00bb button_two_border_radius__hover=\u00a0\u00bbnull\u00a0\u00bb button_one_letter_spacing__hover_enabled=\u00a0\u00bboff\u00a0\u00bb button_one_letter_spacing__hover=\u00a0\u00bbnull\u00a0\u00bb button_two_letter_spacing__hover_enabled=\u00a0\u00bboff\u00a0\u00bb button_two_letter_spacing__hover=\u00a0\u00bbnull\u00a0\u00bb button_one_bg_color__hover_enabled=\u00a0\u00bboff\u00a0\u00bb button_one_bg_color__hover=\u00a0\u00bbnull\u00a0\u00bb button_two_bg_color__hover_enabled=\u00a0\u00bboff\u00a0\u00bb button_two_bg_color__hover=\u00a0\u00bbnull\u00a0\u00bb]<\/p>\n<h2 style=\"text-align: center;\">Learn to be zen @ school<\/h2>\n<p>[\/et_pb_fullwidth_header][\/et_pb_section][et_pb_section fb_built=\u00a0\u00bb1&Prime; _builder_version=\u00a0\u00bb3.22&Prime;][et_pb_row column_structure=\u00a0\u00bb3_5,2_5&Prime; _builder_version=\u00a0\u00bb3.26.4&Prime; background_size=\u00a0\u00bbinitial\u00a0\u00bb background_position=\u00a0\u00bbtop_left\u00a0\u00bb background_repeat=\u00a0\u00bbrepeat\u00a0\u00bb][et_pb_column type=\u00a0\u00bb3_5&Prime; _builder_version=\u00a0\u00bb3.25&Prime; custom_padding=\u00a0\u00bb|||\u00a0\u00bb custom_padding__hover=\u00a0\u00bb|||\u00a0\u00bb][et_pb_text _builder_version=\u00a0\u00bb3.26.4&Prime;]<\/p>\n<h2>Les formations<\/h2>\n<p>Nous pr\u00e9parons actuellement une formation Learn to be zen @ school qui vous offrira une pr\u00e9sentation in situ des outils du projet ainsi qu&rsquo;une formation \u00e0 leur animation.<\/p>\n<p>Merci de <a href=\"https:\/\/learntobezen.eu\/fr\/contact-2\/\" title=\"nous contacter\">nous contacter<\/a> pour plus d&rsquo;information \u00e0 ce sujet ou pour nous indiquer votre int\u00e9r\u00eat.<\/p>\n<ul><\/ul>\n<p>[\/et_pb_text][\/et_pb_column][et_pb_column type=\u00a0\u00bb2_5&Prime; _builder_version=\u00a0\u00bb3.26.4&Prime;][et_pb_text _builder_version=\u00a0\u00bb3.26.4&Prime;]<\/p>\n<h2>Autres services<\/h2>\n<p><a href=\"https:\/\/learntobe.be\/\" target=\"_blank\" rel=\"noopener noreferrer\">Learn to Be<\/a>\u00a0(Belgique) et <a href=\"https:\/\/savoir-etre-ecole.org\/\" target=\"_blank\" rel=\"noopener noreferrer\">Savoir-\u00eatre \u00e0 l&rsquo;\u00e9cole<\/a> (France) proposent en outre:<\/p>\n<ul>\n<li><span><a href=\"https:\/\/learntobezen.eu\/fr\/outils-2\/\" title=\"les outils\">les outils<\/a> originaux du programme, regroup\u00e9s en 10 th\u00e9matiques<\/span> ;<\/li>\n<li>l\u2019animation d\u2019<a href=\"https:\/\/learntobezen.eu\/fr\/ateliers\/\" title=\"ateliers\">ateliers<\/a> Learn to be zen par nos soins pour les enfants dans le scolaire et l\u2019extrascolaire.<\/li>\n<\/ul>\n<p>Veuillez <a href=\"https:\/\/learntobezen.eu\/fr\/contact-2\/\" target=\"_blank\" rel=\"noopener noreferrer\">nous contacter<\/a> pour toute information ou demande \u00e0 ce sujet.<\/p>\n<p>&nbsp;<\/p>\n<p>[\/et_pb_text][\/et_pb_column][\/et_pb_row][\/et_pb_section]<\/p>\n","protected":false},"excerpt":{"rendered":"<p>Learn to be zen @ schoolLes formations Nous pr\u00e9parons actuellement une formation Learn to be zen @ school qui vous offrira une pr\u00e9sentation in situ des outils du projet ainsi qu&rsquo;une formation \u00e0 leur animation. Merci de nous contacter pour plus d&rsquo;information \u00e0 ce sujet ou pour nous indiquer votre int\u00e9r\u00eat. Autres services Learn to [&hellip;]<\/p>\n","protected":false},"author":3,"featured_media":0,"parent":0,"menu_order":0,"comment_status":"closed","ping_status":"open","template":"","meta":{"_et_pb_use_builder":"on","_et_pb_old_content":"<p>En construction.<\/p>","_et_gb_content_width":"","footnotes":""},"class_list":["post-2076","page","type-page","status-publish","hentry"],"_links":{"self":[{"href":"https:\/\/learntobezen.eu\/fr\/wp-json\/wp\/v2\/pages\/2076","targetHints":{"allow":["GET"]}}],"collection":[{"href":"https:\/\/learntobezen.eu\/fr\/wp-json\/wp\/v2\/pages"}],"about":[{"href":"https:\/\/learntobezen.eu\/fr\/wp-json\/wp\/v2\/types\/page"}],"author":[{"embeddable":true,"href":"https:\/\/learntobezen.eu\/fr\/wp-json\/wp\/v2\/users\/3"}],"replies":[{"embeddable":true,"href":"https:\/\/learntobezen.eu\/fr\/wp-json\/wp\/v2\/comments?post=2076"}],"version-history":[{"count":2,"href":"https:\/\/learntobezen.eu\/fr\/wp-json\/wp\/v2\/pages\/2076\/revisions"}],"predecessor-version":[{"id":2079,"href":"https:\/\/learntobezen.eu\/fr\/wp-json\/wp\/v2\/pages\/2076\/revisions\/2079"}],"wp:attachment":[{"href":"https:\/\/learntobezen.eu\/fr\/wp-json\/wp\/v2\/media?parent=2076"}],"curies":[{"name":"wp","href":"https:\/\/api.w.org\/{rel}","templated":true}]}}