{"id":2116,"date":"2019-10-03T12:21:18","date_gmt":"2019-10-03T10:21:18","guid":{"rendered":"https:\/\/learntobezen.eu\/en\/?page_id=2116"},"modified":"2019-10-03T12:26:36","modified_gmt":"2019-10-03T10:26:36","slug":"training","status":"publish","type":"page","link":"https:\/\/learntobezen.eu\/en\/training\/","title":{"rendered":"Training"},"content":{"rendered":"<p>[et_pb_section fb_built=&#8221;1&#8243; fullwidth=&#8221;on&#8221; _builder_version=&#8221;3.22&#8243;][et_pb_fullwidth_header title=&#8221;Training&#8221; text_orientation=&#8221;center&#8221; header_scroll_down=&#8221;on&#8221; _builder_version=&#8221;3.26.4&#8243; title_text_color=&#8221;#95c11f&#8221; background_enable_image=&#8221;off&#8221; custom_margin=&#8221;-16px||||false|false&#8221; button_one_text_size__hover_enabled=&#8221;off&#8221; button_one_text_size__hover=&#8221;null&#8221; button_two_text_size__hover_enabled=&#8221;off&#8221; button_two_text_size__hover=&#8221;null&#8221; button_one_text_color__hover_enabled=&#8221;off&#8221; button_one_text_color__hover=&#8221;null&#8221; button_two_text_color__hover_enabled=&#8221;off&#8221; button_two_text_color__hover=&#8221;null&#8221; button_one_border_width__hover_enabled=&#8221;off&#8221; button_one_border_width__hover=&#8221;null&#8221; button_two_border_width__hover_enabled=&#8221;off&#8221; button_two_border_width__hover=&#8221;null&#8221; button_one_border_color__hover_enabled=&#8221;off&#8221; button_one_border_color__hover=&#8221;null&#8221; button_two_border_color__hover_enabled=&#8221;off&#8221; button_two_border_color__hover=&#8221;null&#8221; button_one_border_radius__hover_enabled=&#8221;off&#8221; button_one_border_radius__hover=&#8221;null&#8221; button_two_border_radius__hover_enabled=&#8221;off&#8221; button_two_border_radius__hover=&#8221;null&#8221; button_one_letter_spacing__hover_enabled=&#8221;off&#8221; button_one_letter_spacing__hover=&#8221;null&#8221; button_two_letter_spacing__hover_enabled=&#8221;off&#8221; button_two_letter_spacing__hover=&#8221;null&#8221; button_one_bg_color__hover_enabled=&#8221;off&#8221; button_one_bg_color__hover=&#8221;null&#8221; button_two_bg_color__hover_enabled=&#8221;off&#8221; button_two_bg_color__hover=&#8221;null&#8221;]<\/p>\n<h2 style=\"text-align: center;\">Learn to be zen @ school<\/h2>\n<p>[\/et_pb_fullwidth_header][\/et_pb_section][et_pb_section fb_built=&#8221;1&#8243; _builder_version=&#8221;3.22&#8243;][et_pb_row column_structure=&#8221;3_5,2_5&#8243; _builder_version=&#8221;3.25&#8243; background_size=&#8221;initial&#8221; background_position=&#8221;top_left&#8221; background_repeat=&#8221;repeat&#8221;][et_pb_column type=&#8221;3_5&#8243; _builder_version=&#8221;3.25&#8243; custom_padding=&#8221;|||&#8221; custom_padding__hover=&#8221;|||&#8221;][et_pb_text _builder_version=&#8221;3.26.4&#8243; custom_padding=&#8221;|0px||||&#8221;]<\/p>\n<h2>Training sessions<\/h2>\n<p>Training sessions where we present the full set of <a href=\"https:\/\/learntobezen.eu\/en\/tools-2\/\">learning tools<\/a> and train adults to use them to their full potential..<\/p>\n<p>Please <a href=\"https:\/\/learntobezen.eu\/en\/contact\/\" title=\"Contact us\">contact us<\/a> for more information on this subject or to show us your interest.<\/p>\n<p>[\/et_pb_text][\/et_pb_column][et_pb_column type=&#8221;2_5&#8243; _builder_version=&#8221;3.25&#8243; custom_padding=&#8221;|||&#8221; custom_padding__hover=&#8221;|||&#8221;][et_pb_text _builder_version=&#8221;3.26.4&#8243;]<\/p>\n<h2>Our other services:<\/h2>\n<p><a href=\"https:\/\/learntobe.be\/\" target=\"_blank\" rel=\"noopener noreferrer\">Learn to Be<\/a>\u00a0(Belgique) and\u00a0<a href=\"https:\/\/savoir-etre-ecole.org\/\" target=\"_blank\" rel=\"noopener noreferrer\">Savoir-\u00eatre \u00e0 l&#8217;\u00e9cole<\/a> (France) also offer:<\/p>\n<ul>\n<li><span>the original set of<a href=\"https:\/\/learntobezen.eu\/en\/tools-2\/\" title=\"Learning tools\"> learning tools<\/a> developed for the programme, brought together in 10 topics<\/span>\u00a0;<\/li>\n<li>a series of Learn to be zen @ school <a href=\"https:\/\/learntobezen.eu\/en\/workshops\/\">workshops<\/a> which we intend to facilitate, with a children&#8217;s audience in mind, both within and without the school framework.<\/li>\n<\/ul>\n<p>Feel free to <a href=\"https:\/\/learntobezen.eu\/en\/contact\/\" title=\"Contact\">contact<\/a> us for any request or suggestion.<\/p>\n<p>&nbsp;<\/p>\n<p>[\/et_pb_text][\/et_pb_column][\/et_pb_row][\/et_pb_section]<\/p>\n","protected":false},"excerpt":{"rendered":"<p>Learn to be zen @ schoolTraining sessions Training sessions where we present the full set of learning tools and train adults to use them to their full potential.. Please contact us for more information on this subject or to show us your interest.Our other services: Learn to Be\u00a0(Belgique) and\u00a0Savoir-\u00eatre \u00e0 l&#8217;\u00e9cole (France) also offer: the [&hellip;]<\/p>\n","protected":false},"author":3,"featured_media":0,"parent":0,"menu_order":0,"comment_status":"closed","ping_status":"closed","template":"","meta":{"_et_pb_use_builder":"on","_et_pb_old_content":"","_et_gb_content_width":"","footnotes":""},"class_list":["post-2116","page","type-page","status-publish","hentry"],"_links":{"self":[{"href":"https:\/\/learntobezen.eu\/en\/wp-json\/wp\/v2\/pages\/2116","targetHints":{"allow":["GET"]}}],"collection":[{"href":"https:\/\/learntobezen.eu\/en\/wp-json\/wp\/v2\/pages"}],"about":[{"href":"https:\/\/learntobezen.eu\/en\/wp-json\/wp\/v2\/types\/page"}],"author":[{"embeddable":true,"href":"https:\/\/learntobezen.eu\/en\/wp-json\/wp\/v2\/users\/3"}],"replies":[{"embeddable":true,"href":"https:\/\/learntobezen.eu\/en\/wp-json\/wp\/v2\/comments?post=2116"}],"version-history":[{"count":2,"href":"https:\/\/learntobezen.eu\/en\/wp-json\/wp\/v2\/pages\/2116\/revisions"}],"predecessor-version":[{"id":2119,"href":"https:\/\/learntobezen.eu\/en\/wp-json\/wp\/v2\/pages\/2116\/revisions\/2119"}],"wp:attachment":[{"href":"https:\/\/learntobezen.eu\/en\/wp-json\/wp\/v2\/media?parent=2116"}],"curies":[{"name":"wp","href":"https:\/\/api.w.org\/{rel}","templated":true}]}}