{"id":118,"date":"2018-03-28T09:58:14","date_gmt":"2018-03-28T07:58:14","guid":{"rendered":"https:\/\/learntobezen.eu\/en\/?page_id=118"},"modified":"2019-09-12T15:21:33","modified_gmt":"2019-09-12T13:21:33","slug":"the-project-2","status":"publish","type":"page","link":"https:\/\/learntobezen.eu\/en\/the-project-2\/","title":{"rendered":"Project"},"content":{"rendered":"<p>[et_pb_section fb_built=&#8221;1&#8243; fullwidth=&#8221;on&#8221; _builder_version=&#8221;3.22&#8243;][et_pb_fullwidth_header title=&#8221;Project&#8221; text_orientation=&#8221;center&#8221; header_scroll_down=&#8221;on&#8221; _builder_version=&#8221;3.16&#8243; title_text_color=&#8221;#95c11f&#8221; background_color=&#8221;rgba(255, 255, 255, 0)&#8221; background_image=&#8221;https:\/\/learntobezen.eu\/en\/wp-content\/uploads\/sites\/3\/2018\/03\/fw-bg-001.jpg&#8221; button_one_text_size__hover_enabled=&#8221;off&#8221; button_two_text_size__hover_enabled=&#8221;off&#8221; button_one_text_color__hover_enabled=&#8221;off&#8221; button_two_text_color__hover_enabled=&#8221;off&#8221; button_one_border_width__hover_enabled=&#8221;off&#8221; button_two_border_width__hover_enabled=&#8221;off&#8221; button_one_border_color__hover_enabled=&#8221;off&#8221; button_two_border_color__hover_enabled=&#8221;off&#8221; button_one_border_radius__hover_enabled=&#8221;off&#8221; button_two_border_radius__hover_enabled=&#8221;off&#8221; button_one_letter_spacing__hover_enabled=&#8221;off&#8221; button_two_letter_spacing__hover_enabled=&#8221;off&#8221; button_one_bg_color__hover_enabled=&#8221;off&#8221; button_two_bg_color__hover_enabled=&#8221;off&#8221;]<\/p>\n<h2 style=\"text-align: center\">Learn to be zen @ school<\/h2>\n<p>[\/et_pb_fullwidth_header][\/et_pb_section][et_pb_section fb_built=&#8221;1&#8243; _builder_version=&#8221;3.22&#8243;][et_pb_row _builder_version=&#8221;3.25&#8243; background_size=&#8221;initial&#8221; background_position=&#8221;top_left&#8221; background_repeat=&#8221;repeat&#8221; column_structure=&#8221;1_4,1_4,1_2&#8243;][et_pb_column type=&#8221;1_4&#8243; _builder_version=&#8221;3.25&#8243; custom_padding=&#8221;|||&#8221; custom_padding__hover=&#8221;|||&#8221;][et_pb_image src=&#8221;https:\/\/learntobezen.eu\/en\/wp-content\/uploads\/sites\/3\/2018\/03\/erasmus_400-1.jpg&#8221; align_tablet=&#8221;center&#8221; align_last_edited=&#8221;on|desktop&#8221; _builder_version=&#8221;3.23&#8243;][\/et_pb_image][et_pb_image src=&#8221;https:\/\/learntobezen.eu\/en\/wp-content\/uploads\/sites\/3\/2018\/03\/savoi-etre-ecole-400-1.jpg&#8221; align_tablet=&#8221;center&#8221; align_last_edited=&#8221;on|desktop&#8221; _builder_version=&#8221;3.23&#8243;][\/et_pb_image][\/et_pb_column][et_pb_column type=&#8221;1_4&#8243; _builder_version=&#8221;3.25&#8243; custom_padding=&#8221;|||&#8221; custom_padding__hover=&#8221;|||&#8221;][et_pb_image src=&#8221;https:\/\/learntobezen.eu\/en\/wp-content\/uploads\/sites\/3\/2018\/03\/learn-to-be-400-1.jpg&#8221; align_tablet=&#8221;center&#8221; align_last_edited=&#8221;on|desktop&#8221; _builder_version=&#8221;3.23&#8243;][\/et_pb_image][et_pb_image src=&#8221;https:\/\/learntobezen.eu\/en\/wp-content\/uploads\/sites\/3\/2018\/03\/ecole-fribourg-1.jpg&#8221; align_tablet=&#8221;center&#8221; align_last_edited=&#8221;on|desktop&#8221; _builder_version=&#8221;3.23&#8243;][\/et_pb_image][\/et_pb_column][et_pb_column type=&#8221;1_2&#8243; _builder_version=&#8221;3.25&#8243; custom_padding=&#8221;|||&#8221; custom_padding__hover=&#8221;|||&#8221;][et_pb_text _builder_version=&#8221;3.26.4&#8243;]<\/p>\n<h2>Project<\/h2>\n<p>Learn to Be (Belgium) in partnership with Savoir-\u00eatre \u00e0 l\u2019\u00e9cole (France) and l\u2019Ecole Franco-Allemande of Fribourg (Germany) have now launched the <strong>Learn to be zen @ school<\/strong> programme! This is an Erasmus + European strategic partnership project.<\/p>\n<p>Partners and participants (schools, teachers, educators and parents)\u00a0 tested, implemented, evaluated and helped to adjust these tools, which are now provided free of charge to the general public.<\/p>\n<p>Download <a href=\"https:\/\/learntobezen.eu\/en\/wp-content\/uploads\/sites\/3\/2018\/03\/Learn-to-Be-zen-@-school-ANGL-officiel.pdf\">the official presentation document<\/a> (PDF)<\/p>\n<p>[\/et_pb_text][et_pb_text _builder_version=&#8221;3.26.4&#8243; custom_padding=&#8221;29px|||||&#8221;]<\/p>\n<h2>The timeline<\/h2>\n<ul>\n<li><strong>February 2017 &#8211; Discussions about emotions and the beginning of the adventure<\/strong><br \/> Numerous discussions between the Learn to Be team and childhood professionals to answer together the question: How to discuss the theme of emotions with children?<\/li>\n<\/ul>\n<p>&nbsp;<\/p>\n<ul>\n<li><strong>March 2017 &#8211; Start of the Learn to be zen @ school project<\/strong><br \/> Creation of a partnership with Savoir-\u00eatre \u00e0 l&#8217;\u00e9cole (France) and the Franco-German School of Freiburg (Germany), based on the idea of producing videos combined with activity sheets and play-and-learn materials. And this in three languages: French, German and English.<\/li>\n<\/ul>\n<p>&nbsp;<\/p>\n<ul>\n<li><strong>September 2017 &#8211; The project is launched: get to work now!<\/strong><br \/> With the support of Erasmus +, creation of the first video clips and educational tools. Presentation of the project in different fairs and schools, on social networks etc.<\/li>\n<\/ul>\n<p>&nbsp;<\/p>\n<ul>\n<li><strong>February 2018 &#8211; Website and first topic are unveiled<\/strong><br \/> Opening of the https:\/\/learntobezen.eu website and launch of the first tools for testing in participating or partner schools.<\/li>\n<\/ul>\n<p>&nbsp;<\/p>\n<ul>\n<li><strong>End of August 2019 &#8211; Completion of the experimental project<\/strong><br \/> The tools were gradually implemented by a series of volunteer teachers: 75 Belgians, about ten Germans and 33 French. About 3,000 children participated in these workshops. Evaluations, by children and adults, were provided to the partnership.<\/li>\n<\/ul>\n<p>&nbsp;<\/p>\n<ul>\n<li><strong>September 2019 &#8211; Launch of the toolbox to the general public<\/strong><br \/> Availability of all Learn to be zen @ school tools to the general public, free of charge.<\/li>\n<\/ul>\n<p>&nbsp;<\/p>\n<p>[\/et_pb_text][\/et_pb_column][\/et_pb_row][\/et_pb_section]<\/p>\n","protected":false},"excerpt":{"rendered":"<p>Learn to be zen @ school Project Learn to Be (Belgium) in partnership with Savoir-\u00eatre \u00e0 l\u2019\u00e9cole (France) and l\u2019Ecole Franco-Allemande of Fribourg (Germany) have now launched the Learn to be zen @ school programme! This is an Erasmus + European strategic partnership project. Partners and participants (schools, teachers, educators and parents)\u00a0 tested, implemented, evaluated [&hellip;]<\/p>\n","protected":false},"author":2,"featured_media":0,"parent":0,"menu_order":0,"comment_status":"closed","ping_status":"closed","template":"","meta":{"_et_pb_use_builder":"on","_et_pb_old_content":"","_et_gb_content_width":"","footnotes":""},"class_list":["post-118","page","type-page","status-publish","hentry"],"_links":{"self":[{"href":"https:\/\/learntobezen.eu\/en\/wp-json\/wp\/v2\/pages\/118","targetHints":{"allow":["GET"]}}],"collection":[{"href":"https:\/\/learntobezen.eu\/en\/wp-json\/wp\/v2\/pages"}],"about":[{"href":"https:\/\/learntobezen.eu\/en\/wp-json\/wp\/v2\/types\/page"}],"author":[{"embeddable":true,"href":"https:\/\/learntobezen.eu\/en\/wp-json\/wp\/v2\/users\/2"}],"replies":[{"embeddable":true,"href":"https:\/\/learntobezen.eu\/en\/wp-json\/wp\/v2\/comments?post=118"}],"version-history":[{"count":9,"href":"https:\/\/learntobezen.eu\/en\/wp-json\/wp\/v2\/pages\/118\/revisions"}],"predecessor-version":[{"id":492,"href":"https:\/\/learntobezen.eu\/en\/wp-json\/wp\/v2\/pages\/118\/revisions\/492"}],"wp:attachment":[{"href":"https:\/\/learntobezen.eu\/en\/wp-json\/wp\/v2\/media?parent=118"}],"curies":[{"name":"wp","href":"https:\/\/api.w.org\/{rel}","templated":true}]}}