{"id":111,"date":"2018-03-27T16:09:06","date_gmt":"2018-03-27T14:09:06","guid":{"rendered":"https:\/\/learntobezen.eu\/en\/?page_id=111"},"modified":"2018-05-07T13:03:31","modified_gmt":"2018-05-07T11:03:31","slug":"contact","status":"publish","type":"page","link":"https:\/\/learntobezen.eu\/en\/contact\/","title":{"rendered":"Contact"},"content":{"rendered":"<p>[et_pb_section bb_built=&#8221;1&#8243; fullwidth=&#8221;on&#8221; specialty=&#8221;off&#8221; next_background_color=&#8221;#000000&#8243;][et_pb_fullwidth_map _builder_version=&#8221;3.0.106&#8243; address=&#8221;Avenue de Tervueren 81, 1040 Etterbeek, Belgique&#8221; zoom_level=&#8221;6&#8243; address_lat=&#8221;50.755950436941866&#8243; address_lng=&#8221;4.048168768049891&#8243; mouse_wheel=&#8221;on&#8221; mobile_dragging=&#8221;on&#8221;][et_pb_map_pin _builder_version=&#8221;3.0.106&#8243; title=&#8221;Learntobezen&#8221; pin_address=&#8221;Avenue de Tervueren 81, 1040 Etterbeek, Belgique&#8221; pin_address_lat=&#8221;50.83799&#8243; pin_address_lng=&#8221;4.402896599999963&#8243;]<\/p>\n<p>81 avenue de Tervueren<br \/>\n1040 Brussels<\/p>\n<p>[\/et_pb_map_pin][et_pb_map_pin _builder_version=&#8221;3.0.106&#8243; title=&#8221;Savoir \u00eatre \u00e0 l&#8217;\u00e9cole&#8221; pin_address=&#8221;8 Rue Lamartine, 75009 Paris, France&#8221; pin_address_lat=&#8221;48.876674540698716&#8243; pin_address_lng=&#8221;2.343536853790283&#8243;]<\/p>\n<p>8 rue Lamartine<br \/>\n75009 Paris<\/p>\n<p>[\/et_pb_map_pin][et_pb_map_pin _builder_version=&#8221;3.0.106&#8243; title=&#8221;L\u2019\u00e9cole Franco-Allemande de Fribourg&#8221; pin_address=&#8221;Belchenstra\u00dfe 2, 79115 Freiburg im Breisgau, Allemagne&#8221; pin_address_lat=&#8221;47.98737&#8243; pin_address_lng=&#8221;7.813340000000039&#8243;]<\/p>\n<p>Belchenstrasse 2<br \/>\n79115 Fribourg-en-Brisgau<\/p>\n<p>[\/et_pb_map_pin][\/et_pb_fullwidth_map][\/et_pb_section][et_pb_section bb_built=&#8221;1&#8243; fullwidth=&#8221;off&#8221; specialty=&#8221;off&#8221; prev_background_color=&#8221;#000000&#8243; _builder_version=&#8221;3.0.106&#8243; global_module=&#8221;113&#8243;][et_pb_row global_parent=&#8221;113&#8243; background_position=&#8221;top_left&#8221; background_repeat=&#8221;repeat&#8221; background_size=&#8221;initial&#8221;][et_pb_column type=&#8221;2_3&#8243;][et_pb_contact_form global_parent=&#8221;113&#8243; _builder_version=&#8221;3.0.106&#8243; title=&#8221;Leave us a message&#8221; success_message=&#8221;Your message has been sent successfully.&#8221; submit_button_text=&#8221;Send&#8221; email=&#8221;contact@learntobe.be&#8221; custom_message=&#8221; %%Name%%||et_pb_line_break_holder|| %%Email%%||et_pb_line_break_holder|| %%Message%%&#8221; captcha=&#8221;on&#8221; use_redirect=&#8221;off&#8221; custom_button=&#8221;off&#8221; button_icon_placement=&#8221;right&#8221;][et_pb_contact_field field_title=&#8221;Name&#8221; field_type=&#8221;input&#8221; field_id=&#8221;Name&#8221; required_mark=&#8221;on&#8221; fullwidth_field=&#8221;off&#8221; _builder_version=&#8221;3.0.106&#8243; checkbox_checked=&#8221;off&#8221; checkbox_options=&#8221;%91{%22value%22:%22Nom%22,%22checked%22:0}%93&#8243; radio_options=&#8221;%91{%22value%22:%22Nom%22,%22checked%22:0}%93&#8243; select_options=&#8221;%91{%22value%22:%22Nom%22,%22checked%22:0}%93&#8243; min_length=&#8221;0&#8243; max_length=&#8221;0&#8243; allowed_symbols=&#8221;all&#8221; conditional_logic=&#8221;off&#8221; conditional_logic_relation=&#8221;off&#8221; conditional_logic_rules=&#8221;%91{%22field%22:%22email%22,%22condition%22:%22is%22,%22value%22:%22%22}%93&#8243; use_background_color_gradient=&#8221;off&#8221; background_color_gradient_start=&#8221;#2b87da&#8221; background_color_gradient_end=&#8221;#29c4a9&#8243; background_color_gradient_type=&#8221;linear&#8221; background_color_gradient_direction=&#8221;180deg&#8221; background_color_gradient_direction_radial=&#8221;center&#8221; background_color_gradient_start_position=&#8221;0%&#8221; background_color_gradient_end_position=&#8221;100%&#8221; background_color_gradient_overlays_image=&#8221;off&#8221; parallax=&#8221;off&#8221; parallax_method=&#8221;on&#8221; background_size=&#8221;cover&#8221; background_position=&#8221;center&#8221; background_repeat=&#8221;no-repeat&#8221; background_blend=&#8221;normal&#8221; allow_player_pause=&#8221;off&#8221; background_video_pause_outside_viewport=&#8221;on&#8221; form_field_text_shadow_style=&#8221;none&#8221; box_shadow_style=&#8221;none&#8221; \/][et_pb_contact_field field_title=&#8221;E-mail&#8221; field_type=&#8221;email&#8221; field_id=&#8221;Email&#8221; required_mark=&#8221;on&#8221; fullwidth_field=&#8221;off&#8221; _builder_version=&#8221;3.0.106&#8243; checkbox_checked=&#8221;off&#8221; checkbox_options=&#8221;%91{%22value%22:%22Adresse e-mail%22,%22checked%22:0}%93&#8243; radio_options=&#8221;%91{%22value%22:%22Adresse e-mail%22,%22checked%22:0}%93&#8243; select_options=&#8221;%91{%22value%22:%22Adresse e-mail%22,%22checked%22:0}%93&#8243; min_length=&#8221;0&#8243; max_length=&#8221;0&#8243; allowed_symbols=&#8221;all&#8221; conditional_logic=&#8221;off&#8221; conditional_logic_relation=&#8221;off&#8221; conditional_logic_rules=&#8221;%91{%22field%22:%22name%22,%22condition%22:%22is%22,%22value%22:%22%22}%93&#8243; use_background_color_gradient=&#8221;off&#8221; background_color_gradient_start=&#8221;#2b87da&#8221; background_color_gradient_end=&#8221;#29c4a9&#8243; background_color_gradient_type=&#8221;linear&#8221; background_color_gradient_direction=&#8221;180deg&#8221; background_color_gradient_direction_radial=&#8221;center&#8221; background_color_gradient_start_position=&#8221;0%&#8221; background_color_gradient_end_position=&#8221;100%&#8221; background_color_gradient_overlays_image=&#8221;off&#8221; parallax=&#8221;off&#8221; parallax_method=&#8221;on&#8221; background_size=&#8221;cover&#8221; background_position=&#8221;center&#8221; background_repeat=&#8221;no-repeat&#8221; background_blend=&#8221;normal&#8221; allow_player_pause=&#8221;off&#8221; background_video_pause_outside_viewport=&#8221;on&#8221; form_field_text_shadow_style=&#8221;none&#8221; box_shadow_style=&#8221;none&#8221; \/][et_pb_contact_field field_title=&#8221;Message&#8221; field_type=&#8221;text&#8221; field_id=&#8221;Message&#8221; required_mark=&#8221;on&#8221; fullwidth_field=&#8221;on&#8221; _builder_version=&#8221;3.0.106&#8243; checkbox_checked=&#8221;off&#8221; checkbox_options=&#8221;%91{%22value%22:%22Message%22,%22checked%22:0}%93&#8243; radio_options=&#8221;%91{%22value%22:%22Message%22,%22checked%22:0}%93&#8243; select_options=&#8221;%91{%22value%22:%22Message%22,%22checked%22:0}%93&#8243; min_length=&#8221;0&#8243; max_length=&#8221;0&#8243; allowed_symbols=&#8221;all&#8221; conditional_logic=&#8221;off&#8221; conditional_logic_relation=&#8221;off&#8221; conditional_logic_rules=&#8221;%91{%22field%22:%22name%22,%22condition%22:%22is%22,%22value%22:%22%22}%93&#8243; use_background_color_gradient=&#8221;off&#8221; background_color_gradient_start=&#8221;#2b87da&#8221; background_color_gradient_end=&#8221;#29c4a9&#8243; background_color_gradient_type=&#8221;linear&#8221; background_color_gradient_direction=&#8221;180deg&#8221; background_color_gradient_direction_radial=&#8221;center&#8221; background_color_gradient_start_position=&#8221;0%&#8221; background_color_gradient_end_position=&#8221;100%&#8221; background_color_gradient_overlays_image=&#8221;off&#8221; parallax=&#8221;off&#8221; parallax_method=&#8221;on&#8221; background_size=&#8221;cover&#8221; background_position=&#8221;center&#8221; background_repeat=&#8221;no-repeat&#8221; background_blend=&#8221;normal&#8221; allow_player_pause=&#8221;off&#8221; background_video_pause_outside_viewport=&#8221;on&#8221; form_field_text_shadow_style=&#8221;none&#8221; box_shadow_style=&#8221;none&#8221; \/][\/et_pb_contact_form][\/et_pb_column][et_pb_column type=&#8221;1_3&#8243;][et_pb_text global_parent=&#8221;113&#8243; _builder_version=&#8221;3.0.106&#8243; background_layout=&#8221;light&#8221;]<\/p>\n<h2>Contact us<\/h2>\n<p><strong>Learn to Be asbl<\/strong><br \/>\nAvenue de Tervueren, 81<br \/>\nB-1040 Brussels<br \/>\n<a href=\"mailto:contact@learntobe.be\">contact@learntobe.be<\/a><\/p>\n<p><strong>Association Savoir-\u00eatre \u00e0 l&#8217;\u00e9cole<br \/>\n<\/strong>8, rue Lamartine<br \/>\nF-75009 Paris<br \/>\n<a href=\"mailto:contact@savoir-etre-ecole.org\">contact@savoir-etre-ecole.org<\/a><\/p>\n<p><strong>L\u2019\u00e9cole Franco-Allemande de Fribourg<br \/>\n<\/strong>Belchenstrasse 2<br \/>\nD-79115 Freiburg<strong><br \/>\n<\/strong> <a href=\"mailto:learn-to-be-zen@web.de\">learn-to-be-zen@web.de<\/a><strong><br \/>\n<\/strong><\/p>\n<p>[\/et_pb_text][\/et_pb_column][\/et_pb_row][\/et_pb_section]<\/p>\n","protected":false},"excerpt":{"rendered":"<p>81 avenue de Tervueren 1040 Brussels 8 rue Lamartine 75009 Paris Belchenstrasse 2 79115 Fribourg-en-Brisgau Contact us Learn to Be asbl Avenue de Tervueren, 81 B-1040 Brussels contact@learntobe.be Association Savoir-\u00eatre \u00e0 l&#8217;\u00e9cole 8, rue Lamartine F-75009 Paris contact@savoir-etre-ecole.org L\u2019\u00e9cole Franco-Allemande de Fribourg Belchenstrasse 2 D-79115 Freiburg learn-to-be-zen@web.de<\/p>\n","protected":false},"author":2,"featured_media":0,"parent":0,"menu_order":0,"comment_status":"closed","ping_status":"closed","template":"","meta":{"_et_pb_use_builder":"on","_et_pb_old_content":"","_et_gb_content_width":"","footnotes":""},"class_list":["post-111","page","type-page","status-publish","hentry"],"_links":{"self":[{"href":"https:\/\/learntobezen.eu\/en\/wp-json\/wp\/v2\/pages\/111","targetHints":{"allow":["GET"]}}],"collection":[{"href":"https:\/\/learntobezen.eu\/en\/wp-json\/wp\/v2\/pages"}],"about":[{"href":"https:\/\/learntobezen.eu\/en\/wp-json\/wp\/v2\/types\/page"}],"author":[{"embeddable":true,"href":"https:\/\/learntobezen.eu\/en\/wp-json\/wp\/v2\/users\/2"}],"replies":[{"embeddable":true,"href":"https:\/\/learntobezen.eu\/en\/wp-json\/wp\/v2\/comments?post=111"}],"version-history":[{"count":4,"href":"https:\/\/learntobezen.eu\/en\/wp-json\/wp\/v2\/pages\/111\/revisions"}],"predecessor-version":[{"id":177,"href":"https:\/\/learntobezen.eu\/en\/wp-json\/wp\/v2\/pages\/111\/revisions\/177"}],"wp:attachment":[{"href":"https:\/\/learntobezen.eu\/en\/wp-json\/wp\/v2\/media?parent=111"}],"curies":[{"name":"wp","href":"https:\/\/api.w.org\/{rel}","templated":true}]}}