{"id":293,"date":"2019-01-17T09:35:50","date_gmt":"2019-01-17T08:35:50","guid":{"rendered":"https:\/\/learntobezen.eu\/de\/?page_id=293"},"modified":"2019-09-09T11:09:26","modified_gmt":"2019-09-09T09:09:26","slug":"wie-kann-ich-meinem-freund-meiner-freundin-helfen-mit-seiner-ihrer-wut-umzugehen","status":"publish","type":"page","link":"https:\/\/learntobezen.eu\/de\/wie-kann-ich-meinem-freund-meiner-freundin-helfen-mit-seiner-ihrer-wut-umzugehen\/","title":{"rendered":"Wie kann ich meinem Freund\/meiner Freundin helfen, mit seiner\/ihrer Wut umzugehen?"},"content":{"rendered":"<p>[et_pb_section fb_built=&#8220;1&#8243; fullwidth=&#8220;on&#8220; _builder_version=&#8220;3.22&#8243;][et_pb_fullwidth_header title=&#8220;Wie kann ich meinem Freund\/meiner Freundin helfen, mit seiner\/ihrer Wut umzugehen?&#8220; text_orientation=&#8220;center&#8220; header_scroll_down=&#8220;on&#8220; _builder_version=&#8220;3.17.6&#8243; background_color=&#8220;rgba(255, 255, 255, 0)&#8220; background_image=&#8220;https:\/\/learntobezen.eu\/de\/wp-content\/uploads\/sites\/4\/2018\/03\/fw-bg-001.jpg&#8220; button_one_text_size__hover_enabled=&#8220;off&#8220; button_one_text_size__hover=&#8220;null&#8220; button_two_text_size__hover_enabled=&#8220;off&#8220; button_two_text_size__hover=&#8220;null&#8220; button_one_text_color__hover_enabled=&#8220;off&#8220; button_one_text_color__hover=&#8220;null&#8220; button_two_text_color__hover_enabled=&#8220;off&#8220; button_two_text_color__hover=&#8220;null&#8220; button_one_border_width__hover_enabled=&#8220;off&#8220; button_one_border_width__hover=&#8220;null&#8220; button_two_border_width__hover_enabled=&#8220;off&#8220; button_two_border_width__hover=&#8220;null&#8220; button_one_border_color__hover_enabled=&#8220;off&#8220; button_one_border_color__hover=&#8220;null&#8220; button_two_border_color__hover_enabled=&#8220;off&#8220; button_two_border_color__hover=&#8220;null&#8220; button_one_border_radius__hover_enabled=&#8220;off&#8220; button_one_border_radius__hover=&#8220;null&#8220; button_two_border_radius__hover_enabled=&#8220;off&#8220; button_two_border_radius__hover=&#8220;null&#8220; button_one_letter_spacing__hover_enabled=&#8220;off&#8220; button_one_letter_spacing__hover=&#8220;null&#8220; button_two_letter_spacing__hover_enabled=&#8220;off&#8220; button_two_letter_spacing__hover=&#8220;null&#8220; button_one_bg_color__hover_enabled=&#8220;off&#8220; button_one_bg_color__hover=&#8220;null&#8220; button_two_bg_color__hover_enabled=&#8220;off&#8220; button_two_bg_color__hover=&#8220;null&#8220;]<div class='one_half'>\n\t\t\t\t\t<p>Die Wut des Kindes anzunehmen ist nicht immer einfach, weil seine Reaktionen unsere Reaktionsbereitschaft hindern k\u00f6nnen! Trotzdem ist Wut weder gut noch schlecht. Sie ist ein Gef\u00fchl, die Tr\u00e4gerin einer Botschaft, und f\u00fcr kleine Kinder, die noch unreif sind, schwierig, damit umzugehen.<\/p>\n\t\t\t\t<\/div><div class='one_half et_column_last'>\n\t\t\t\t\t<p>Empathie, das hei\u00dft zu versuchen, die innere Erfahrung des Anderen zu verstehen und seine Gef\u00fchle zu erkennen. Es ist die Grundlage zur Freundschaft. Empathie bei Kindern zu f\u00f6rdern verbessert die gemeinsame Lebensqualit\u00e4t und entwickelt Respekt, Zuh\u00f6ren sowie die F\u00e4higkeit, seine Aufmerksamkeit dem Anderen zu schenken. Diese sozialen und zwischenmenschlichen F\u00e4higkeiten k\u00f6nnen ge\u00fcbt werden.<\/p>\n\t\t\t\t<\/div><div class='clear'><\/div>[\/et_pb_fullwidth_header][\/et_pb_section][et_pb_section fb_built=&#8220;1&#8243; _builder_version=&#8220;3.22&#8243;][et_pb_row _builder_version=&#8220;3.25&#8243; background_size=&#8220;initial&#8220; background_position=&#8220;top_left&#8220; background_repeat=&#8220;repeat&#8220;][et_pb_column type=&#8220;4_4&#8243; _builder_version=&#8220;3.25&#8243; custom_padding=&#8220;|||&#8220; custom_padding__hover=&#8220;|||&#8220;][et_pb_text _builder_version=&#8220;3.17.6&#8243;]Hallo!<\/p>\n<p>Nun k\u00f6nnen Sie den siebsten Clip unseres Programmes von Learn to be zen @ school anschauen. Gute Entdeckungsreise!<\/p>\n<p>Wenn Sie den Clip den Kindern zeigen, empfehlen wir, ihn zun\u00e4chst einmal am St\u00fcck zu zeigen, um ihre ersten Reaktionen zu sammeln. Danach kann er noch einmal abschnittsweise gezeigt werden, damit sie noch mehr davon mitnehmen k\u00f6nnen.[\/et_pb_text][\/et_pb_column][\/et_pb_row][et_pb_row _builder_version=&#8220;3.25&#8243; background_size=&#8220;initial&#8220; background_position=&#8220;top_left&#8220; background_repeat=&#8220;repeat&#8220; column_structure=&#8220;2_3,1_3&#8243;][et_pb_column type=&#8220;2_3&#8243; _builder_version=&#8220;3.25&#8243; custom_padding=&#8220;|||&#8220; custom_padding__hover=&#8220;|||&#8220;][et_pb_text _builder_version=&#8220;3.0.92&#8243;]<\/p>\n<h2>Video<\/h2>\n<p>[\/et_pb_text][et_pb_video src=&#8220;https:\/\/vimeo.com\/311685960&#8243; image_src=&#8220;\/\/i.vimeocdn.com\/video\/738550854_960.jpg&#8220; _builder_version=&#8220;3.17.6&#8243;][\/et_pb_video][\/et_pb_column][et_pb_column type=&#8220;1_3&#8243; _builder_version=&#8220;3.25&#8243; custom_padding=&#8220;|||&#8220; custom_padding__hover=&#8220;|||&#8220;][et_pb_text _builder_version=&#8220;3.0.92&#8243;]<\/p>\n<h2>Lehrmaterialien<\/h2>\n<p>[\/et_pb_text][et_pb_blurb title=&#8220;Lehrerhandreichung&#8220; url=&#8220;https:\/\/learntobezen.eu\/de\/wp-content\/uploads\/sites\/4\/2019\/01\/Fiche-pedagogique-atelier-7-V-ALL.pdf&#8220; url_new_window=&#8220;on&#8220; use_icon=&#8220;on&#8220; font_icon=&#8220;%%98%%&#8220; icon_placement=&#8220;left&#8220; _builder_version=&#8220;3.17.6&#8243;][\/et_pb_blurb][et_pb_blurb title=&#8220;Einige Wutsituationen&#8220; url=&#8220;https:\/\/learntobezen.eu\/de\/wp-content\/uploads\/sites\/4\/2019\/01\/Fiche-outil-7A-V-ALL.pdf&#8220; url_new_window=&#8220;on&#8220; use_icon=&#8220;on&#8220; font_icon=&#8220;%%98%%&#8220; icon_placement=&#8220;left&#8220; admin_label=&#8220;F\u00fcr seinen Freund\/seine Freundin da sein &#8220; _builder_version=&#8220;3.17.6&#8243;][\/et_pb_blurb][et_pb_blurb title=&#8220;So helfe ich meinem Freund oder meiner Freundin, der\/die w\u00fctend ist\u2026&#8220; url=&#8220;https:\/\/learntobezen.eu\/de\/wp-content\/uploads\/sites\/4\/2019\/01\/Fiche-outil-7B-V-ALL.pdf&#8220; url_new_window=&#8220;on&#8220; use_icon=&#8220;on&#8220; font_icon=&#8220;%%98%%&#8220; icon_placement=&#8220;left&#8220; admin_label=&#8220;Einige Angstsituationen &#8220; _builder_version=&#8220;3.17.6&#8243;][\/et_pb_blurb][et_pb_blurb title=&#8220;Rollenspiele und Sketche&#8220; url=&#8220;https:\/\/learntobezen.eu\/de\/wp-content\/uploads\/sites\/4\/2019\/01\/Fiche-outil-7C-V-ALL.pdf&#8220; url_new_window=&#8220;on&#8220; use_icon=&#8220;on&#8220; font_icon=&#8220;%%98%%&#8220; icon_placement=&#8220;left&#8220; admin_label=&#8220;So helfe ich meinem&#8220; _builder_version=&#8220;3.17.6&#8243;][\/et_pb_blurb][et_pb_blurb title=&#8220;Einen Konflikt mit seinem Freund\/seiner Freundin l\u00f6sen &#8220; url=&#8220;https:\/\/learntobezen.eu\/de\/wp-content\/uploads\/sites\/4\/2019\/01\/Fiche-outil-7D-ALL.pdf&#8220; url_new_window=&#8220;on&#8220; use_icon=&#8220;on&#8220; font_icon=&#8220;%%98%%&#8220; icon_placement=&#8220;left&#8220; admin_label=&#8220;Rollenspiele und Sketche&#8220; _builder_version=&#8220;3.17.6&#8243;][\/et_pb_blurb][et_pb_blurb title=&#8220;Geschichte: Die N\u00e4gel im Zaun&#8220; url=&#8220;https:\/\/learntobezen.eu\/de\/wp-content\/uploads\/sites\/4\/2019\/01\/Fiche-outil-7E-ALL.pdf&#8220; url_new_window=&#8220;on&#8220; use_icon=&#8220;on&#8220; font_icon=&#8220;%%98%%&#8220; icon_placement=&#8220;left&#8220; admin_label=&#8220;Debatte: &#8220; _builder_version=&#8220;3.17.6&#8243;][\/et_pb_blurb][et_pb_blurb title=&#8220;Selbstbewertungsbogen&#8220; url=&#8220;https:\/\/learntobezen.eu\/de\/wp-content\/uploads\/sites\/4\/2019\/01\/fiche-autoevaluation-atelier7-V-ALL.pdf&#8220; url_new_window=&#8220;on&#8220; use_icon=&#8220;on&#8220; font_icon=&#8220;%%98%%&#8220; icon_placement=&#8220;left&#8220; admin_label=&#8220;Selbstbewertungsbogen&#8220; _builder_version=&#8220;3.17.6&#8243;][\/et_pb_blurb][\/et_pb_column][\/et_pb_row][\/et_pb_section][et_pb_section fb_built=&#8220;1&#8243; module_id=&#8220;form_enquete&#8220; _builder_version=&#8220;3.22&#8243; background_color=&#8220;#efefef&#8220;][et_pb_row _builder_version=&#8220;3.25&#8243; background_size=&#8220;initial&#8220; background_position=&#8220;top_left&#8220; background_repeat=&#8220;repeat&#8220;][et_pb_column type=&#8220;4_4&#8243; _builder_version=&#8220;3.25&#8243; custom_padding=&#8220;|||&#8220; custom_padding__hover=&#8220;|||&#8220;][et_pb_contact_form email=&#8220;learn-to-be-zen@web.de&#8220; title=&#8220;Schreiben Sie uns eine Nachricht&#8220; custom_message=&#8220; %%Name%%||et_pb_line_break_holder|| %%Email%%||et_pb_line_break_holder|| %%Message%%&#8220; success_message=&#8220;Ihre Nachricht wurde erfolgreich gesendet.&#8220; submit_button_text=&#8220;Abschicken&#8220; _builder_version=&#8220;3.0.92&#8243;][et_pb_contact_field field_id=&#8220;Name&#8220; field_title=&#8220;Name&#8220; _builder_version=&#8220;3.16&#8243; button_text_size__hover_enabled=&#8220;off&#8220; button_one_text_size__hover_enabled=&#8220;off&#8220; button_two_text_size__hover_enabled=&#8220;off&#8220; button_text_color__hover_enabled=&#8220;off&#8220; button_one_text_color__hover_enabled=&#8220;off&#8220; button_two_text_color__hover_enabled=&#8220;off&#8220; button_border_width__hover_enabled=&#8220;off&#8220; button_one_border_width__hover_enabled=&#8220;off&#8220; button_two_border_width__hover_enabled=&#8220;off&#8220; button_border_color__hover_enabled=&#8220;off&#8220; button_one_border_color__hover_enabled=&#8220;off&#8220; button_two_border_color__hover_enabled=&#8220;off&#8220; button_border_radius__hover_enabled=&#8220;off&#8220; button_one_border_radius__hover_enabled=&#8220;off&#8220; button_two_border_radius__hover_enabled=&#8220;off&#8220; button_letter_spacing__hover_enabled=&#8220;off&#8220; button_one_letter_spacing__hover_enabled=&#8220;off&#8220; button_two_letter_spacing__hover_enabled=&#8220;off&#8220; button_bg_color__hover_enabled=&#8220;off&#8220; button_one_bg_color__hover_enabled=&#8220;off&#8220; button_two_bg_color__hover_enabled=&#8220;off&#8220;][\/et_pb_contact_field][et_pb_contact_field field_id=&#8220;Email&#8220; field_title=&#8220;E-mail&#8220; field_type=&#8220;email&#8220; _builder_version=&#8220;3.16&#8243; button_text_size__hover_enabled=&#8220;off&#8220; button_one_text_size__hover_enabled=&#8220;off&#8220; button_two_text_size__hover_enabled=&#8220;off&#8220; button_text_color__hover_enabled=&#8220;off&#8220; button_one_text_color__hover_enabled=&#8220;off&#8220; button_two_text_color__hover_enabled=&#8220;off&#8220; button_border_width__hover_enabled=&#8220;off&#8220; button_one_border_width__hover_enabled=&#8220;off&#8220; button_two_border_width__hover_enabled=&#8220;off&#8220; button_border_color__hover_enabled=&#8220;off&#8220; button_one_border_color__hover_enabled=&#8220;off&#8220; button_two_border_color__hover_enabled=&#8220;off&#8220; button_border_radius__hover_enabled=&#8220;off&#8220; button_one_border_radius__hover_enabled=&#8220;off&#8220; button_two_border_radius__hover_enabled=&#8220;off&#8220; button_letter_spacing__hover_enabled=&#8220;off&#8220; button_one_letter_spacing__hover_enabled=&#8220;off&#8220; button_two_letter_spacing__hover_enabled=&#8220;off&#8220; button_bg_color__hover_enabled=&#8220;off&#8220; button_one_bg_color__hover_enabled=&#8220;off&#8220; button_two_bg_color__hover_enabled=&#8220;off&#8220;][\/et_pb_contact_field][et_pb_contact_field field_id=&#8220;Message&#8220; field_title=&#8220;Nachricht&#8220; field_type=&#8220;text&#8220; fullwidth_field=&#8220;on&#8220; _builder_version=&#8220;3.16&#8243; button_text_size__hover_enabled=&#8220;off&#8220; button_one_text_size__hover_enabled=&#8220;off&#8220; button_two_text_size__hover_enabled=&#8220;off&#8220; button_text_color__hover_enabled=&#8220;off&#8220; button_one_text_color__hover_enabled=&#8220;off&#8220; button_two_text_color__hover_enabled=&#8220;off&#8220; button_border_width__hover_enabled=&#8220;off&#8220; button_one_border_width__hover_enabled=&#8220;off&#8220; button_two_border_width__hover_enabled=&#8220;off&#8220; button_border_color__hover_enabled=&#8220;off&#8220; button_one_border_color__hover_enabled=&#8220;off&#8220; button_two_border_color__hover_enabled=&#8220;off&#8220; button_border_radius__hover_enabled=&#8220;off&#8220; button_one_border_radius__hover_enabled=&#8220;off&#8220; button_two_border_radius__hover_enabled=&#8220;off&#8220; button_letter_spacing__hover_enabled=&#8220;off&#8220; button_one_letter_spacing__hover_enabled=&#8220;off&#8220; button_two_letter_spacing__hover_enabled=&#8220;off&#8220; button_bg_color__hover_enabled=&#8220;off&#8220; button_one_bg_color__hover_enabled=&#8220;off&#8220; button_two_bg_color__hover_enabled=&#8220;off&#8220;][\/et_pb_contact_field][\/et_pb_contact_form][\/et_pb_column][\/et_pb_row][\/et_pb_section]<\/p>\n","protected":false},"excerpt":{"rendered":"<p><div class='one_half'>\n\t\t\t\t\tDie Wut des Kindes anzunehmen ist nicht immer einfach, weil seine Reaktionen unsere Reaktionsbereitschaft hindern k\u00f6nnen! Trotzdem ist Wut weder gut noch schlecht. Sie ist ein Gef\u00fchl, die Tr\u00e4gerin einer Botschaft, und f\u00fcr kleine Kinder, die noch unreif sind, schwierig, damit umzugehen.\n\t\t\t\t<\/div><div class='one_half et_column_last'>\n\t\t\t\t\t\n\t\t\t\t<\/div><div class='clear'><\/div> Empathie, das hei\u00dft zu versuchen, die innere Erfahrung des Anderen zu [&hellip;]<\/p>\n","protected":false},"author":2,"featured_media":0,"parent":0,"menu_order":0,"comment_status":"closed","ping_status":"closed","template":"","meta":{"_et_pb_use_builder":"on","_et_pb_old_content":"","_et_gb_content_width":"","footnotes":""},"class_list":["post-293","page","type-page","status-publish","hentry"],"_links":{"self":[{"href":"https:\/\/learntobezen.eu\/de\/wp-json\/wp\/v2\/pages\/293","targetHints":{"allow":["GET"]}}],"collection":[{"href":"https:\/\/learntobezen.eu\/de\/wp-json\/wp\/v2\/pages"}],"about":[{"href":"https:\/\/learntobezen.eu\/de\/wp-json\/wp\/v2\/types\/page"}],"author":[{"embeddable":true,"href":"https:\/\/learntobezen.eu\/de\/wp-json\/wp\/v2\/users\/2"}],"replies":[{"embeddable":true,"href":"https:\/\/learntobezen.eu\/de\/wp-json\/wp\/v2\/comments?post=293"}],"version-history":[{"count":11,"href":"https:\/\/learntobezen.eu\/de\/wp-json\/wp\/v2\/pages\/293\/revisions"}],"predecessor-version":[{"id":447,"href":"https:\/\/learntobezen.eu\/de\/wp-json\/wp\/v2\/pages\/293\/revisions\/447"}],"wp:attachment":[{"href":"https:\/\/learntobezen.eu\/de\/wp-json\/wp\/v2\/media?parent=293"}],"curies":[{"name":"wp","href":"https:\/\/api.w.org\/{rel}","templated":true}]}}