{"id":234,"date":"2018-06-29T19:47:44","date_gmt":"2018-06-29T17:47:44","guid":{"rendered":"https:\/\/learntobezen.eu\/de\/?page_id=234"},"modified":"2019-09-09T11:05:02","modified_gmt":"2019-09-09T09:05:02","slug":"was-passiert-bei-traurigkeit-und-entmutigung","status":"publish","type":"page","link":"https:\/\/learntobezen.eu\/de\/was-passiert-bei-traurigkeit-und-entmutigung\/","title":{"rendered":"Was passiert bei Traurigkeit und Entmutigung?"},"content":{"rendered":"<p>[et_pb_section fb_built=&#8220;1&#8243; fullwidth=&#8220;on&#8220; _builder_version=&#8220;3.22&#8243;][et_pb_fullwidth_header title=&#8220;Was passiert bei Traurigkeit und Entmutigung? Was tun?&#8220; text_orientation=&#8220;center&#8220; header_scroll_down=&#8220;on&#8220; _builder_version=&#8220;3.16&#8243; background_color=&#8220;rgba(255, 255, 255, 0)&#8220; background_image=&#8220;https:\/\/learntobezen.eu\/de\/wp-content\/uploads\/sites\/4\/2018\/03\/fw-bg-001.jpg&#8220; button_one_text_size__hover_enabled=&#8220;off&#8220; button_two_text_size__hover_enabled=&#8220;off&#8220; button_one_text_color__hover_enabled=&#8220;off&#8220; button_two_text_color__hover_enabled=&#8220;off&#8220; button_one_border_width__hover_enabled=&#8220;off&#8220; button_two_border_width__hover_enabled=&#8220;off&#8220; button_one_border_color__hover_enabled=&#8220;off&#8220; button_two_border_color__hover_enabled=&#8220;off&#8220; button_one_border_radius__hover_enabled=&#8220;off&#8220; button_two_border_radius__hover_enabled=&#8220;off&#8220; button_one_letter_spacing__hover_enabled=&#8220;off&#8220; button_two_letter_spacing__hover_enabled=&#8220;off&#8220; button_one_bg_color__hover_enabled=&#8220;off&#8220; button_two_bg_color__hover_enabled=&#8220;off&#8220;]<div class='one_half'>\n\t\t\t\t\t<p>Urspr\u00fcnglich ist die Stressstarre ein instinktiver Zustand, der einen vor Gefahren und Angriffen sch\u00fctzt. K\u00f6rperlich nimmt die K\u00f6rperspannung ab, was zu M\u00fcdigkeit, einer tiefen und tr\u00e4ge Stimme f\u00fchrt, manchmal zum Weinen. Wenn keine echte Gefahr besteht, kann das Gef\u00fchl zwei Formen annehmen: Traurigkeit und Entmutigung.<\/p>\n\t\t\t\t<\/div><div class='one_half et_column_last'>\n\t\t\t\t\t<p>Bei wiederholten Niederlagen kann das Kind eine ,,erlernte Hilflosigkeit\u201c erreichen. Dank <strong>SuperCortex <\/strong>lernen Kinder Selbstmitgef\u00fchl zu entwickeln, wieder aus sich herauszukommen und seinen Elan wiederzufinden.<\/p>\n\t\t\t\t<\/div><div class='clear'><\/div><br \/>\n[\/et_pb_fullwidth_header][\/et_pb_section][et_pb_section fb_built=&#8220;1&#8243; _builder_version=&#8220;3.22&#8243;][et_pb_row _builder_version=&#8220;3.25&#8243; background_size=&#8220;initial&#8220; background_position=&#8220;top_left&#8220; background_repeat=&#8220;repeat&#8220;][et_pb_column type=&#8220;4_4&#8243; _builder_version=&#8220;3.25&#8243; custom_padding=&#8220;|||&#8220; custom_padding__hover=&#8220;|||&#8220;][et_pb_text _builder_version=&#8220;3.0.106&#8243;]Hallo!<\/p>\n<p>Nun k\u00f6nnen Sie den dritte Clip unseres Programmes von Learn to be zen @ school anschauen. Gute Entdeckungsreise!<\/p>\n<p>Wenn Sie den Clip den Kindern zeigen, empfehlen wir, ihn zun\u00e4chst einmal am St\u00fcck zu zeigen, um ihre ersten Reaktionen zu sammeln. Danach kann er noch einmal abschnittsweise gezeigt werden, damit sie noch mehr davon mitnehmen k\u00f6nnen.<br \/>\n[\/et_pb_text][\/et_pb_column][\/et_pb_row][et_pb_row _builder_version=&#8220;3.25&#8243; background_size=&#8220;initial&#8220; background_position=&#8220;top_left&#8220; background_repeat=&#8220;repeat&#8220; column_structure=&#8220;2_3,1_3&#8243;][et_pb_column type=&#8220;2_3&#8243; _builder_version=&#8220;3.25&#8243; custom_padding=&#8220;|||&#8220; custom_padding__hover=&#8220;|||&#8220;][et_pb_text _builder_version=&#8220;3.0.92&#8243;]<\/p>\n<h2>Video<\/h2>\n<p>[\/et_pb_text][et_pb_video src=&#8220;https:\/\/vimeo.com\/277689298&#8243; image_src=&#8220;\/\/i.vimeocdn.com\/video\/710523940_960.jpg&#8220; _builder_version=&#8220;3.0.106&#8243;][\/et_pb_video][\/et_pb_column][et_pb_column type=&#8220;1_3&#8243; _builder_version=&#8220;3.25&#8243; custom_padding=&#8220;|||&#8220; custom_padding__hover=&#8220;|||&#8220;][et_pb_text _builder_version=&#8220;3.0.92&#8243;]<\/p>\n<h2>Lehrmaterialien<\/h2>\n<p>[\/et_pb_text][et_pb_blurb title=&#8220;Lehrerhandreichung&#8220; url=&#8220;https:\/\/learntobezen.eu\/de\/wp-content\/uploads\/sites\/4\/2018\/06\/Fiche-pedagogique-atelier4-V-ALL.pdf&#8220; url_new_window=&#8220;on&#8220; use_icon=&#8220;on&#8220; font_icon=&#8220;%%98%%&#8220; icon_placement=&#8220;left&#8220; _builder_version=&#8220;3.0.106&#8243;][\/et_pb_blurb][et_pb_blurb title=&#8220;Das Thermometer der Entmutigung&#8220; url=&#8220;https:\/\/learntobezen.eu\/de\/wp-content\/uploads\/sites\/4\/2018\/06\/Fiche-outil-4-thermom\u00e8tredud\u00e9couragement-V-ALL.pdf&#8220; url_new_window=&#8220;on&#8220; use_icon=&#8220;on&#8220; font_icon=&#8220;%%98%%&#8220; icon_placement=&#8220;left&#8220; admin_label=&#8220;Thermometer&#8220; _builder_version=&#8220;3.0.106&#8243;][\/et_pb_blurb][et_pb_blurb title=&#8220;Was passiert bei Traurigkeit?&#8220; url=&#8220;https:\/\/learntobezen.eu\/de\/wp-content\/uploads\/sites\/4\/2018\/06\/Fiche-outil-atelier-4A-V-ALL.pdf&#8220; url_new_window=&#8220;on&#8220; use_icon=&#8220;on&#8220; font_icon=&#8220;%%98%%&#8220; icon_placement=&#8220;left&#8220; admin_label=&#8220;Was passiert?&#8220; _builder_version=&#8220;3.0.106&#8243;][\/et_pb_blurb][et_pb_blurb title=&#8220;Wenn ich traurig bin\u2026&#8220; url=&#8220;https:\/\/learntobezen.eu\/de\/wp-content\/uploads\/sites\/4\/2018\/06\/Fiche-outil-atelier-4B-V-ALL.pdf&#8220; url_new_window=&#8220;on&#8220; use_icon=&#8220;on&#8220; font_icon=&#8220;%%98%%&#8220; icon_placement=&#8220;left&#8220; admin_label=&#8220;Wenn ich&#8220; _builder_version=&#8220;3.0.106&#8243;][\/et_pb_blurb][et_pb_blurb title=&#8220;So finde ich meinen Elan wieder&#8220; url=&#8220;https:\/\/learntobezen.eu\/de\/wp-content\/uploads\/sites\/4\/2018\/06\/Fiche-outil-atelier-4C-V-ALL.pdf&#8220; url_new_window=&#8220;on&#8220; use_icon=&#8220;on&#8220; font_icon=&#8220;%%98%%&#8220; icon_placement=&#8220;left&#8220; admin_label=&#8220;So finde&#8220; _builder_version=&#8220;3.0.106&#8243;][\/et_pb_blurb][et_pb_blurb title=&#8220;Die Reise zur sch\u00f6nen Erinnerung&#8220; url=&#8220;https:\/\/learntobezen.eu\/de\/wp-content\/uploads\/sites\/4\/2018\/06\/Fiche-outil-atelier-4D-V-ALL.pdf&#8220; url_new_window=&#8220;on&#8220; use_icon=&#8220;on&#8220; font_icon=&#8220;%%98%%&#8220; icon_placement=&#8220;left&#8220; admin_label=&#8220;Die Reise zur sch\u00f6nen Erinnerung&#8220; _builder_version=&#8220;3.0.106&#8243;][\/et_pb_blurb][et_pb_blurb title=&#8220;Atme wie ein Vogel&#8220; url=&#8220;https:\/\/learntobezen.eu\/de\/wp-content\/uploads\/sites\/4\/2018\/06\/Fiche-outil-atelier-4E-V-ALL.pdf&#8220; url_new_window=&#8220;on&#8220; use_icon=&#8220;on&#8220; font_icon=&#8220;%%98%%&#8220; icon_placement=&#8220;left&#8220; admin_label=&#8220;Die Spaghetti-\u00dcbung&#8220; _builder_version=&#8220;3.0.106&#8243;][\/et_pb_blurb][et_pb_blurb title=&#8220;Selbstbewertungsbogen&#8220; url=&#8220;https:\/\/learntobezen.eu\/de\/wp-content\/uploads\/sites\/4\/2018\/06\/fiche-autoevaluation-atelier4-V-ALL.pdf&#8220; url_new_window=&#8220;on&#8220; use_icon=&#8220;on&#8220; font_icon=&#8220;%%98%%&#8220; icon_placement=&#8220;left&#8220; admin_label=&#8220;Selbstbewertungsbogen&#8220; _builder_version=&#8220;3.0.106&#8243;][\/et_pb_blurb][\/et_pb_column][\/et_pb_row][\/et_pb_section][et_pb_section fb_built=&#8220;1&#8243; module_id=&#8220;form_enquete&#8220; _builder_version=&#8220;3.22&#8243; background_color=&#8220;#efefef&#8220;][et_pb_row _builder_version=&#8220;3.25&#8243; background_size=&#8220;initial&#8220; background_position=&#8220;top_left&#8220; background_repeat=&#8220;repeat&#8220;][et_pb_column type=&#8220;4_4&#8243; _builder_version=&#8220;3.25&#8243; custom_padding=&#8220;|||&#8220; custom_padding__hover=&#8220;|||&#8220;][et_pb_contact_form email=&#8220;learn-to-be-zen@web.de&#8220; title=&#8220;Schreiben Sie uns eine Nachricht&#8220; custom_message=&#8220; %%Name%%||et_pb_line_break_holder|| %%Email%%||et_pb_line_break_holder|| %%Message%%&#8220; success_message=&#8220;Ihre Nachricht wurde erfolgreich gesendet.&#8220; submit_button_text=&#8220;Abschicken&#8220; _builder_version=&#8220;3.0.92&#8243;][et_pb_contact_field field_id=&#8220;Name&#8220; field_title=&#8220;Name&#8220; _builder_version=&#8220;3.16&#8243; button_text_size__hover_enabled=&#8220;off&#8220; button_one_text_size__hover_enabled=&#8220;off&#8220; button_two_text_size__hover_enabled=&#8220;off&#8220; button_text_color__hover_enabled=&#8220;off&#8220; button_one_text_color__hover_enabled=&#8220;off&#8220; button_two_text_color__hover_enabled=&#8220;off&#8220; button_border_width__hover_enabled=&#8220;off&#8220; button_one_border_width__hover_enabled=&#8220;off&#8220; button_two_border_width__hover_enabled=&#8220;off&#8220; button_border_color__hover_enabled=&#8220;off&#8220; button_one_border_color__hover_enabled=&#8220;off&#8220; button_two_border_color__hover_enabled=&#8220;off&#8220; button_border_radius__hover_enabled=&#8220;off&#8220; button_one_border_radius__hover_enabled=&#8220;off&#8220; button_two_border_radius__hover_enabled=&#8220;off&#8220; button_letter_spacing__hover_enabled=&#8220;off&#8220; button_one_letter_spacing__hover_enabled=&#8220;off&#8220; button_two_letter_spacing__hover_enabled=&#8220;off&#8220; button_bg_color__hover_enabled=&#8220;off&#8220; button_one_bg_color__hover_enabled=&#8220;off&#8220; button_two_bg_color__hover_enabled=&#8220;off&#8220;][\/et_pb_contact_field][et_pb_contact_field field_id=&#8220;Email&#8220; field_title=&#8220;E-mail&#8220; field_type=&#8220;email&#8220; _builder_version=&#8220;3.16&#8243; button_text_size__hover_enabled=&#8220;off&#8220; button_one_text_size__hover_enabled=&#8220;off&#8220; button_two_text_size__hover_enabled=&#8220;off&#8220; button_text_color__hover_enabled=&#8220;off&#8220; button_one_text_color__hover_enabled=&#8220;off&#8220; button_two_text_color__hover_enabled=&#8220;off&#8220; button_border_width__hover_enabled=&#8220;off&#8220; button_one_border_width__hover_enabled=&#8220;off&#8220; button_two_border_width__hover_enabled=&#8220;off&#8220; button_border_color__hover_enabled=&#8220;off&#8220; button_one_border_color__hover_enabled=&#8220;off&#8220; button_two_border_color__hover_enabled=&#8220;off&#8220; button_border_radius__hover_enabled=&#8220;off&#8220; button_one_border_radius__hover_enabled=&#8220;off&#8220; button_two_border_radius__hover_enabled=&#8220;off&#8220; button_letter_spacing__hover_enabled=&#8220;off&#8220; button_one_letter_spacing__hover_enabled=&#8220;off&#8220; button_two_letter_spacing__hover_enabled=&#8220;off&#8220; button_bg_color__hover_enabled=&#8220;off&#8220; button_one_bg_color__hover_enabled=&#8220;off&#8220; button_two_bg_color__hover_enabled=&#8220;off&#8220;][\/et_pb_contact_field][et_pb_contact_field field_id=&#8220;Message&#8220; field_title=&#8220;Nachricht&#8220; field_type=&#8220;text&#8220; fullwidth_field=&#8220;on&#8220; _builder_version=&#8220;3.16&#8243; button_text_size__hover_enabled=&#8220;off&#8220; button_one_text_size__hover_enabled=&#8220;off&#8220; button_two_text_size__hover_enabled=&#8220;off&#8220; button_text_color__hover_enabled=&#8220;off&#8220; button_one_text_color__hover_enabled=&#8220;off&#8220; button_two_text_color__hover_enabled=&#8220;off&#8220; button_border_width__hover_enabled=&#8220;off&#8220; button_one_border_width__hover_enabled=&#8220;off&#8220; button_two_border_width__hover_enabled=&#8220;off&#8220; button_border_color__hover_enabled=&#8220;off&#8220; button_one_border_color__hover_enabled=&#8220;off&#8220; button_two_border_color__hover_enabled=&#8220;off&#8220; button_border_radius__hover_enabled=&#8220;off&#8220; button_one_border_radius__hover_enabled=&#8220;off&#8220; button_two_border_radius__hover_enabled=&#8220;off&#8220; button_letter_spacing__hover_enabled=&#8220;off&#8220; button_one_letter_spacing__hover_enabled=&#8220;off&#8220; button_two_letter_spacing__hover_enabled=&#8220;off&#8220; button_bg_color__hover_enabled=&#8220;off&#8220; button_one_bg_color__hover_enabled=&#8220;off&#8220; button_two_bg_color__hover_enabled=&#8220;off&#8220;][\/et_pb_contact_field][\/et_pb_contact_form][\/et_pb_column][\/et_pb_row][\/et_pb_section]<\/p>\n","protected":false},"excerpt":{"rendered":"<p><div class='one_half'>\n\t\t\t\t\tUrspr\u00fcnglich ist die Stressstarre ein instinktiver Zustand, der einen vor Gefahren und Angriffen sch\u00fctzt. K\u00f6rperlich nimmt die K\u00f6rperspannung ab, was zu M\u00fcdigkeit, einer tiefen und tr\u00e4ge Stimme f\u00fchrt, manchmal zum Weinen. Wenn keine echte Gefahr besteht, kann das Gef\u00fchl zwei Formen annehmen: Traurigkeit und Entmutigung.\n\t\t\t\t<\/div><div class='one_half et_column_last'>\n\t\t\t\t\t\n\t\t\t\t<\/div><div class='clear'><\/div> Bei wiederholten Niederlagen kann das Kind eine ,,erlernte [&hellip;]<\/p>\n","protected":false},"author":2,"featured_media":0,"parent":0,"menu_order":0,"comment_status":"closed","ping_status":"closed","template":"","meta":{"_et_pb_use_builder":"on","_et_pb_old_content":"","_et_gb_content_width":"","footnotes":""},"class_list":["post-234","page","type-page","status-publish","hentry"],"_links":{"self":[{"href":"https:\/\/learntobezen.eu\/de\/wp-json\/wp\/v2\/pages\/234","targetHints":{"allow":["GET"]}}],"collection":[{"href":"https:\/\/learntobezen.eu\/de\/wp-json\/wp\/v2\/pages"}],"about":[{"href":"https:\/\/learntobezen.eu\/de\/wp-json\/wp\/v2\/types\/page"}],"author":[{"embeddable":true,"href":"https:\/\/learntobezen.eu\/de\/wp-json\/wp\/v2\/users\/2"}],"replies":[{"embeddable":true,"href":"https:\/\/learntobezen.eu\/de\/wp-json\/wp\/v2\/comments?post=234"}],"version-history":[{"count":8,"href":"https:\/\/learntobezen.eu\/de\/wp-json\/wp\/v2\/pages\/234\/revisions"}],"predecessor-version":[{"id":443,"href":"https:\/\/learntobezen.eu\/de\/wp-json\/wp\/v2\/pages\/234\/revisions\/443"}],"wp:attachment":[{"href":"https:\/\/learntobezen.eu\/de\/wp-json\/wp\/v2\/media?parent=234"}],"curies":[{"name":"wp","href":"https:\/\/api.w.org\/{rel}","templated":true}]}}