{"id":209,"date":"2018-05-29T12:03:02","date_gmt":"2018-05-29T10:03:02","guid":{"rendered":"https:\/\/learntobezen.eu\/de\/?page_id=209"},"modified":"2019-09-09T11:01:33","modified_gmt":"2019-09-09T09:01:33","slug":"was-passiert-bei-wut-was-tun","status":"publish","type":"page","link":"https:\/\/learntobezen.eu\/de\/was-passiert-bei-wut-was-tun\/","title":{"rendered":"Was passiert bei Wut? Was tun?"},"content":{"rendered":"<p>[et_pb_section fb_built=&#8220;1&#8243; fullwidth=&#8220;on&#8220; _builder_version=&#8220;3.22&#8243;][et_pb_fullwidth_header title=&#8220;Was passiert bei Wut? Was tun?&#8220; text_orientation=&#8220;center&#8220; header_scroll_down=&#8220;on&#8220; _builder_version=&#8220;3.16&#8243; background_color=&#8220;rgba(255, 255, 255, 0)&#8220; background_image=&#8220;https:\/\/learntobezen.eu\/de\/wp-content\/uploads\/sites\/4\/2018\/03\/fw-bg-001.jpg&#8220; button_one_text_size__hover_enabled=&#8220;off&#8220; button_two_text_size__hover_enabled=&#8220;off&#8220; button_one_text_color__hover_enabled=&#8220;off&#8220; button_two_text_color__hover_enabled=&#8220;off&#8220; button_one_border_width__hover_enabled=&#8220;off&#8220; button_two_border_width__hover_enabled=&#8220;off&#8220; button_one_border_color__hover_enabled=&#8220;off&#8220; button_two_border_color__hover_enabled=&#8220;off&#8220; button_one_border_radius__hover_enabled=&#8220;off&#8220; button_two_border_radius__hover_enabled=&#8220;off&#8220; button_one_letter_spacing__hover_enabled=&#8220;off&#8220; button_two_letter_spacing__hover_enabled=&#8220;off&#8220; button_one_bg_color__hover_enabled=&#8220;off&#8220; button_two_bg_color__hover_enabled=&#8220;off&#8220;]<div class='one_half'>\n\t\t\t\t\t<p>Urspr\u00fcnglich ist Wut ein instinktiver Zustand, der anzeigt, dass unser Leben in Gefahr ist. Dieser Zustand l\u00f6st k\u00f6rperliche Reaktionen aus, die einen Gegner beeindrucken oder einen Kampf erleichtern. Wenn keine reelle Gefahr vorliegt, weist das Gef\u00fchl auf Frustration, eine Ungerechtigkeit oder auf das Nichtrespektieren unserer Werte hin.<\/p>\n\t\t\t\t<\/div><div class='one_half et_column_last'>\n\t\t\t\t\t<p>Vergessen wir nicht, dass es einen Grund f\u00fcr die Wut gibt. Es ist nicht hilfreich, sie wegzudiskutieren oder dem Kind Schuld zuzuweisen. Es reicht, sie mit Wohlwollen anzuerkennen. <strong>SuperCortex<\/strong> hilft uns, seine Botschaft zu h\u00f6ren und zu agieren, anstatt zu reagieren.<\/p>\n\t\t\t\t<\/div><div class='clear'><\/div><br \/>\n[\/et_pb_fullwidth_header][\/et_pb_section][et_pb_section fb_built=&#8220;1&#8243; _builder_version=&#8220;3.22&#8243;][et_pb_row _builder_version=&#8220;3.25&#8243; background_size=&#8220;initial&#8220; background_position=&#8220;top_left&#8220; background_repeat=&#8220;repeat&#8220;][et_pb_column type=&#8220;4_4&#8243; _builder_version=&#8220;3.25&#8243; custom_padding=&#8220;|||&#8220; custom_padding__hover=&#8220;|||&#8220;][et_pb_text _builder_version=&#8220;3.0.106&#8243;]Hallo!<\/p>\n<p>Nun k\u00f6nnen Sie den dritte Clip unseres Programmes von Learn to be zen @ school anschauen. Gute Entdeckungsreise!<\/p>\n<p>Wenn Sie den Clip den Kindern zeigen, empfehlen wir, ihn zun\u00e4chst einmal am St\u00fcck zu zeigen, um ihre ersten Reaktionen zu sammeln. Danach kann er noch einmal abschnittsweise gezeigt werden, damit sie noch mehr davon mitnehmen k\u00f6nnen.<br \/>\n[\/et_pb_text][\/et_pb_column][\/et_pb_row][et_pb_row _builder_version=&#8220;3.25&#8243; background_size=&#8220;initial&#8220; background_position=&#8220;top_left&#8220; background_repeat=&#8220;repeat&#8220; column_structure=&#8220;2_3,1_3&#8243;][et_pb_column type=&#8220;2_3&#8243; _builder_version=&#8220;3.25&#8243; custom_padding=&#8220;|||&#8220; custom_padding__hover=&#8220;|||&#8220;][et_pb_text _builder_version=&#8220;3.0.92&#8243;]<\/p>\n<h2>Video<\/h2>\n<p>[\/et_pb_text][et_pb_video src=&#8220;https:\/\/vimeo.com\/268374921&#8243; image_src=&#8220;\/\/i.vimeocdn.com\/video\/699087501_960.jpg&#8220; _builder_version=&#8220;3.0.106&#8243;][\/et_pb_video][\/et_pb_column][et_pb_column type=&#8220;1_3&#8243; _builder_version=&#8220;3.25&#8243; custom_padding=&#8220;|||&#8220; custom_padding__hover=&#8220;|||&#8220;][et_pb_text _builder_version=&#8220;3.0.92&#8243;]<\/p>\n<h2>Lehrmaterialien<\/h2>\n<p>[\/et_pb_text][et_pb_blurb title=&#8220;Lehrerhandreichung&#8220; url=&#8220;https:\/\/learntobezen.eu\/de\/wp-content\/uploads\/sites\/4\/2018\/05\/Fiche-pedagogique-atelier3-V-ALL.pdf&#8220; url_new_window=&#8220;on&#8220; use_icon=&#8220;on&#8220; font_icon=&#8220;%%98%%&#8220; icon_placement=&#8220;left&#8220; _builder_version=&#8220;3.0.106&#8243;][\/et_pb_blurb][et_pb_blurb title=&#8220;Das Wut-Thermometer&#8220; url=&#8220;https:\/\/learntobezen.eu\/de\/wp-content\/uploads\/sites\/4\/2018\/05\/Fiches-outil-3-thermom\u00e8tredelacol\u00e8re-V-ALL.pdf&#8220; url_new_window=&#8220;on&#8220; use_icon=&#8220;on&#8220; font_icon=&#8220;%%98%%&#8220; icon_placement=&#8220;left&#8220; admin_label=&#8220;Thermometer&#8220; _builder_version=&#8220;3.0.106&#8243;][\/et_pb_blurb][et_pb_blurb title=&#8220;Was passiert bei Wut?&#8220; url=&#8220;https:\/\/learntobezen.eu\/de\/wp-content\/uploads\/sites\/4\/2018\/05\/Fiche-outil-atelier-3A-V-ALL.pdf&#8220; url_new_window=&#8220;on&#8220; use_icon=&#8220;on&#8220; font_icon=&#8220;%%98%%&#8220; icon_placement=&#8220;left&#8220; admin_label=&#8220;Was passiert?&#8220; _builder_version=&#8220;3.0.106&#8243;][\/et_pb_blurb][et_pb_blurb title=&#8220;Wenn ich W\u00fctend bin\u2026&#8220; url=&#8220;https:\/\/learntobezen.eu\/de\/wp-content\/uploads\/sites\/4\/2018\/05\/Fiche-outil-atelier-3B-V-ALL.pdf&#8220; url_new_window=&#8220;on&#8220; use_icon=&#8220;on&#8220; font_icon=&#8220;%%98%%&#8220; icon_placement=&#8220;left&#8220; admin_label=&#8220;Wenn ich&#8220; _builder_version=&#8220;3.0.106&#8243;][\/et_pb_blurb][et_pb_blurb title=&#8220;Meine Ruhe wiederfinden&#8220; url=&#8220;https:\/\/learntobezen.eu\/de\/wp-content\/uploads\/sites\/4\/2018\/05\/Fiche-outil-atelier-3C-V-ALL.pdf&#8220; url_new_window=&#8220;on&#8220; use_icon=&#8220;on&#8220; font_icon=&#8220;%%98%%&#8220; icon_placement=&#8220;left&#8220; admin_label=&#8220;Meine Ruhe wiederfinden&#8220; _builder_version=&#8220;3.0.106&#8243;][\/et_pb_blurb][et_pb_blurb title=&#8220;Sch\u00fcttel deine Wut ab!&#8220; url=&#8220;https:\/\/learntobezen.eu\/de\/wp-content\/uploads\/sites\/4\/2018\/05\/Fiche-outil-atelier-3D-V-ALL.pdf&#8220; url_new_window=&#8220;on&#8220; use_icon=&#8220;on&#8220; font_icon=&#8220;%%98%%&#8220; icon_placement=&#8220;left&#8220; admin_label=&#8220;Sch\u00fcttel deine Wut ab!&#8220; _builder_version=&#8220;3.0.106&#8243;][\/et_pb_blurb][et_pb_blurb title=&#8220;Die Spaghetti-\u00dcbung&#8220; url=&#8220;https:\/\/learntobezen.eu\/de\/wp-content\/uploads\/sites\/4\/2018\/05\/Fiche-outil-atelier-3E-V-ALL.pdf&#8220; url_new_window=&#8220;on&#8220; use_icon=&#8220;on&#8220; font_icon=&#8220;%%98%%&#8220; icon_placement=&#8220;left&#8220; admin_label=&#8220;Die Spaghetti-\u00dcbung&#8220; _builder_version=&#8220;3.0.106&#8243;][\/et_pb_blurb][et_pb_blurb title=&#8220;Selbstbewertungsbogen&#8220; url=&#8220;https:\/\/learntobezen.eu\/de\/wp-content\/uploads\/sites\/4\/2018\/05\/fiche-autoevaluation-atelier3-V-ALL.pdf&#8220; url_new_window=&#8220;on&#8220; use_icon=&#8220;on&#8220; font_icon=&#8220;%%98%%&#8220; icon_placement=&#8220;left&#8220; admin_label=&#8220;Selbstbewertungsbogen&#8220; _builder_version=&#8220;3.0.106&#8243;][\/et_pb_blurb][\/et_pb_column][\/et_pb_row][\/et_pb_section][et_pb_section fb_built=&#8220;1&#8243; module_id=&#8220;form_enquete&#8220; _builder_version=&#8220;3.22&#8243; background_color=&#8220;#efefef&#8220;][et_pb_row _builder_version=&#8220;3.25&#8243; background_size=&#8220;initial&#8220; background_position=&#8220;top_left&#8220; background_repeat=&#8220;repeat&#8220;][et_pb_column type=&#8220;4_4&#8243; _builder_version=&#8220;3.25&#8243; custom_padding=&#8220;|||&#8220; custom_padding__hover=&#8220;|||&#8220;][et_pb_contact_form email=&#8220;learn-to-be-zen@web.de&#8220; title=&#8220;Schreiben Sie uns eine Nachricht&#8220; custom_message=&#8220; %%Name%%||et_pb_line_break_holder|| %%Email%%||et_pb_line_break_holder|| %%Message%%&#8220; success_message=&#8220;Ihre Nachricht wurde erfolgreich gesendet.&#8220; submit_button_text=&#8220;Abschicken&#8220; _builder_version=&#8220;3.0.92&#8243;][et_pb_contact_field field_id=&#8220;Name&#8220; field_title=&#8220;Name&#8220; _builder_version=&#8220;3.16&#8243; button_text_size__hover_enabled=&#8220;off&#8220; button_one_text_size__hover_enabled=&#8220;off&#8220; button_two_text_size__hover_enabled=&#8220;off&#8220; button_text_color__hover_enabled=&#8220;off&#8220; button_one_text_color__hover_enabled=&#8220;off&#8220; button_two_text_color__hover_enabled=&#8220;off&#8220; button_border_width__hover_enabled=&#8220;off&#8220; button_one_border_width__hover_enabled=&#8220;off&#8220; button_two_border_width__hover_enabled=&#8220;off&#8220; button_border_color__hover_enabled=&#8220;off&#8220; button_one_border_color__hover_enabled=&#8220;off&#8220; button_two_border_color__hover_enabled=&#8220;off&#8220; button_border_radius__hover_enabled=&#8220;off&#8220; button_one_border_radius__hover_enabled=&#8220;off&#8220; button_two_border_radius__hover_enabled=&#8220;off&#8220; button_letter_spacing__hover_enabled=&#8220;off&#8220; button_one_letter_spacing__hover_enabled=&#8220;off&#8220; button_two_letter_spacing__hover_enabled=&#8220;off&#8220; button_bg_color__hover_enabled=&#8220;off&#8220; button_one_bg_color__hover_enabled=&#8220;off&#8220; button_two_bg_color__hover_enabled=&#8220;off&#8220;][\/et_pb_contact_field][et_pb_contact_field field_id=&#8220;Email&#8220; field_title=&#8220;E-mail&#8220; field_type=&#8220;email&#8220; _builder_version=&#8220;3.16&#8243; button_text_size__hover_enabled=&#8220;off&#8220; button_one_text_size__hover_enabled=&#8220;off&#8220; button_two_text_size__hover_enabled=&#8220;off&#8220; button_text_color__hover_enabled=&#8220;off&#8220; button_one_text_color__hover_enabled=&#8220;off&#8220; button_two_text_color__hover_enabled=&#8220;off&#8220; button_border_width__hover_enabled=&#8220;off&#8220; button_one_border_width__hover_enabled=&#8220;off&#8220; button_two_border_width__hover_enabled=&#8220;off&#8220; button_border_color__hover_enabled=&#8220;off&#8220; button_one_border_color__hover_enabled=&#8220;off&#8220; button_two_border_color__hover_enabled=&#8220;off&#8220; button_border_radius__hover_enabled=&#8220;off&#8220; button_one_border_radius__hover_enabled=&#8220;off&#8220; button_two_border_radius__hover_enabled=&#8220;off&#8220; button_letter_spacing__hover_enabled=&#8220;off&#8220; button_one_letter_spacing__hover_enabled=&#8220;off&#8220; button_two_letter_spacing__hover_enabled=&#8220;off&#8220; button_bg_color__hover_enabled=&#8220;off&#8220; button_one_bg_color__hover_enabled=&#8220;off&#8220; button_two_bg_color__hover_enabled=&#8220;off&#8220;][\/et_pb_contact_field][et_pb_contact_field field_id=&#8220;Message&#8220; field_title=&#8220;Nachricht&#8220; field_type=&#8220;text&#8220; fullwidth_field=&#8220;on&#8220; _builder_version=&#8220;3.16&#8243; button_text_size__hover_enabled=&#8220;off&#8220; button_one_text_size__hover_enabled=&#8220;off&#8220; button_two_text_size__hover_enabled=&#8220;off&#8220; button_text_color__hover_enabled=&#8220;off&#8220; button_one_text_color__hover_enabled=&#8220;off&#8220; button_two_text_color__hover_enabled=&#8220;off&#8220; button_border_width__hover_enabled=&#8220;off&#8220; button_one_border_width__hover_enabled=&#8220;off&#8220; button_two_border_width__hover_enabled=&#8220;off&#8220; button_border_color__hover_enabled=&#8220;off&#8220; button_one_border_color__hover_enabled=&#8220;off&#8220; button_two_border_color__hover_enabled=&#8220;off&#8220; button_border_radius__hover_enabled=&#8220;off&#8220; button_one_border_radius__hover_enabled=&#8220;off&#8220; button_two_border_radius__hover_enabled=&#8220;off&#8220; button_letter_spacing__hover_enabled=&#8220;off&#8220; button_one_letter_spacing__hover_enabled=&#8220;off&#8220; button_two_letter_spacing__hover_enabled=&#8220;off&#8220; button_bg_color__hover_enabled=&#8220;off&#8220; button_one_bg_color__hover_enabled=&#8220;off&#8220; button_two_bg_color__hover_enabled=&#8220;off&#8220;][\/et_pb_contact_field][\/et_pb_contact_form][\/et_pb_column][\/et_pb_row][\/et_pb_section]<\/p>\n","protected":false},"excerpt":{"rendered":"<p><div class='one_half'>\n\t\t\t\t\tUrspr\u00fcnglich ist Wut ein instinktiver Zustand, der anzeigt, dass unser Leben in Gefahr ist. Dieser Zustand l\u00f6st k\u00f6rperliche Reaktionen aus, die einen Gegner beeindrucken oder einen Kampf erleichtern. Wenn keine reelle Gefahr vorliegt, weist das Gef\u00fchl auf Frustration, eine Ungerechtigkeit oder auf das Nichtrespektieren unserer Werte hin.\n\t\t\t\t<\/div><div class='one_half et_column_last'>\n\t\t\t\t\t\n\t\t\t\t<\/div><div class='clear'><\/div> Vergessen wir nicht, dass es einen [&hellip;]<\/p>\n","protected":false},"author":2,"featured_media":0,"parent":0,"menu_order":0,"comment_status":"closed","ping_status":"closed","template":"","meta":{"_et_pb_use_builder":"on","_et_pb_old_content":"","_et_gb_content_width":"","footnotes":""},"class_list":["post-209","page","type-page","status-publish","hentry"],"_links":{"self":[{"href":"https:\/\/learntobezen.eu\/de\/wp-json\/wp\/v2\/pages\/209","targetHints":{"allow":["GET"]}}],"collection":[{"href":"https:\/\/learntobezen.eu\/de\/wp-json\/wp\/v2\/pages"}],"about":[{"href":"https:\/\/learntobezen.eu\/de\/wp-json\/wp\/v2\/types\/page"}],"author":[{"embeddable":true,"href":"https:\/\/learntobezen.eu\/de\/wp-json\/wp\/v2\/users\/2"}],"replies":[{"embeddable":true,"href":"https:\/\/learntobezen.eu\/de\/wp-json\/wp\/v2\/comments?post=209"}],"version-history":[{"count":7,"href":"https:\/\/learntobezen.eu\/de\/wp-json\/wp\/v2\/pages\/209\/revisions"}],"predecessor-version":[{"id":441,"href":"https:\/\/learntobezen.eu\/de\/wp-json\/wp\/v2\/pages\/209\/revisions\/441"}],"wp:attachment":[{"href":"https:\/\/learntobezen.eu\/de\/wp-json\/wp\/v2\/media?parent=209"}],"curies":[{"name":"wp","href":"https:\/\/api.w.org\/{rel}","templated":true}]}}