{"id":1992,"date":"2019-09-17T15:46:44","date_gmt":"2019-09-17T13:46:44","guid":{"rendered":"https:\/\/learntobezen.eu\/de\/?page_id=1992"},"modified":"2019-09-17T15:46:44","modified_gmt":"2019-09-17T13:46:44","slug":"presse-corner","status":"publish","type":"page","link":"https:\/\/learntobezen.eu\/de\/presse-corner\/","title":{"rendered":"Presse Corner"},"content":{"rendered":"<p>[et_pb_section fb_built=&#8220;1&#8243; _builder_version=&#8220;3.22&#8243; global_module=&#8220;1991&#8243;][et_pb_row _builder_version=&#8220;3.25&#8243; background_size=&#8220;initial&#8220; background_position=&#8220;top_left&#8220; background_repeat=&#8220;repeat&#8220;][et_pb_column type=&#8220;4_4&#8243; _builder_version=&#8220;3.25&#8243; custom_padding=&#8220;|||&#8220; custom_padding__hover=&#8220;|||&#8220;][et_pb_post_title author=&#8220;off&#8220; categories=&#8220;off&#8220; comments=&#8220;off&#8220; featured_image=&#8220;off&#8220; admin_label=&#8220;Rappports d&#8217;activit\u00e9s&#8220; _builder_version=&#8220;3.19.5&#8243; title_font=&#8220;||||||||&#8220;][\/et_pb_post_title][\/et_pb_column][\/et_pb_row][et_pb_row column_structure=&#8220;3_4,1_4&#8243; _builder_version=&#8220;3.27.3&#8243;][et_pb_column type=&#8220;3_4&#8243; _builder_version=&#8220;3.27.3&#8243;][et_pb_text _builder_version=&#8220;3.26.4&#8243;]<\/p>\n<p>In diesem Presse Corner finden Sie aktuelle Pressemitteilungen und Pressemappen zu unseren verschiedenen Aktivit\u00e4ten sowie unser Logo.<\/p>\n<p>[\/et_pb_text][et_pb_divider _builder_version=&#8220;3.27.3&#8243;][\/et_pb_divider][et_pb_image src=&#8220;https:\/\/learntobezen.eu\/de\/wp-content\/uploads\/sites\/4\/2019\/09\/L2Bzen_tableau.png&#8220; _builder_version=&#8220;3.27.3&#8243;][\/et_pb_image][et_pb_text _builder_version=&#8220;3.27.4&#8243;]<\/p>\n<h2>Learn to be zen @ school<\/h2>\n<p>[\/et_pb_text][et_pb_text _builder_version=&#8220;3.27.4&#8243;]<\/p>\n<p>Im Anschluss an ein strategisches Partnerschaftsprojekt von Erasmus+ steht das Bildungs-Toolkit Learn to be zen @ school ab sofort kostenlos in Franz\u00f6sisch, Deutsch und Englisch zur Verf\u00fcgung.<\/p>\n<p>Zehn Lernmodule, zehn Animationsvideos, um Emotionen mit Kindern im Alter von 5 bis 12 Jahren zu diskutieren.<\/p>\n<p>Hier finden Sie die <a href=\"https:\/\/learntobe.be\/wp-content\/uploads\/2019\/09\/Communique-presse-Learntobezenatschool-FINAL.pdf\">Pressemitteilung<\/a> und die <a href=\"https:\/\/learntobe.be\/wp-content\/uploads\/2019\/09\/Learn-to-be-zen-Dossier-de-presse-FINAL-160919.pdf\">Pressemappe<\/a> zum Projekt (auf Franz\u00f6sich).<\/p>\n<p>Wir m\u00f6chten sicherstellen, dass sie weit verbreitet wird. Vielen Dank f\u00fcr deinen Beitrag!<\/p>\n<p>[\/et_pb_text][et_pb_text _builder_version=&#8220;3.26.4&#8243; background_color=&#8220;#d6d6d6&#8243; custom_padding=&#8220;4px||4px||false|false&#8220;]<\/p>\n<p style=\"text-align: center;\">M\u00f6chten Sie Bilder oder Fotos f\u00fcr eine Ver\u00f6ffentlichung ? Bitte <a href=\"https:\/\/learntobe.be\/contact\/\" target=\"_blank\" rel=\"noopener noreferrer\" title=\"Kontakt\">kontaktieren<\/a> Sie uns.<strong><\/strong><\/p>\n<p>[\/et_pb_text][et_pb_divider _builder_version=&#8220;3.27.3&#8243;][\/et_pb_divider][\/et_pb_column][et_pb_column type=&#8220;1_4&#8243; _builder_version=&#8220;3.27.3&#8243;][et_pb_text _builder_version=&#8220;3.27.4&#8243; background_color=&#8220;#ffffff&#8220; border_color_all=&#8220;#0c71c3&#8243; custom_margin=&#8220;5px|5px|5px|5px|false|false&#8220; custom_padding=&#8220;10px|7px|10px|7px|false|false&#8220;]<\/p>\n<p><strong>Logo (png)<\/strong><\/p>\n<p><a href=\"https:\/\/learntobezen.eu\/de\/wp-content\/uploads\/sites\/4\/2019\/09\/LearnToBeLogo.png\" title=\"Learn to Be\"><img decoding=\"async\" src=\"https:\/\/learntobezen.eu\/de\/wp-content\/uploads\/sites\/4\/2019\/09\/LearnToBeLogo.png\" \/><\/a><\/p>\n<p><strong>Logo (PDF)<\/strong><\/p>\n<p>https:\/\/learntobe.be\/wp-content\/uploads\/2019\/09\/LearntoBe_logo_1.pdf<\/p>\n<p>[\/et_pb_text][et_pb_divider _builder_version=&#8220;3.27.3&#8243;][\/et_pb_divider][et_pb_text _builder_version=&#8220;3.26.4&#8243; background_color=&#8220;#ffffff&#8220; border_color_all=&#8220;#0c71c3&#8243; custom_margin=&#8220;5px|5px|5px|5px|false|false&#8220; custom_padding=&#8220;10px|7px|10px|7px|false|false&#8220;]<\/p>\n<p><strong>Bildergalerie<\/strong><\/p>\n<p>[\/et_pb_text][et_pb_gallery gallery_ids=&#8220;1976,465,1933,1974,1931,807,931,950,951&#8243; posts_number=&#8220;2&#8243; _builder_version=&#8220;3.27.3&#8243; pagination_font_size=&#8220;10px&#8220;][\/et_pb_gallery][\/et_pb_column][\/et_pb_row][\/et_pb_section]<\/p>\n","protected":false},"excerpt":{"rendered":"<p>In diesem Presse Corner finden Sie aktuelle Pressemitteilungen und Pressemappen zu unseren verschiedenen Aktivit\u00e4ten sowie unser Logo. Learn to be zen @ schoolIm Anschluss an ein strategisches Partnerschaftsprojekt von Erasmus+ steht das Bildungs-Toolkit Learn to be zen @ school ab sofort kostenlos in Franz\u00f6sisch, Deutsch und Englisch zur Verf\u00fcgung. Zehn Lernmodule, zehn Animationsvideos, um Emotionen [&hellip;]<\/p>\n","protected":false},"author":3,"featured_media":0,"parent":0,"menu_order":0,"comment_status":"closed","ping_status":"closed","template":"","meta":{"_et_pb_use_builder":"on","_et_pb_old_content":"","_et_gb_content_width":"","footnotes":""},"class_list":["post-1992","page","type-page","status-publish","hentry"],"_links":{"self":[{"href":"https:\/\/learntobezen.eu\/de\/wp-json\/wp\/v2\/pages\/1992","targetHints":{"allow":["GET"]}}],"collection":[{"href":"https:\/\/learntobezen.eu\/de\/wp-json\/wp\/v2\/pages"}],"about":[{"href":"https:\/\/learntobezen.eu\/de\/wp-json\/wp\/v2\/types\/page"}],"author":[{"embeddable":true,"href":"https:\/\/learntobezen.eu\/de\/wp-json\/wp\/v2\/users\/3"}],"replies":[{"embeddable":true,"href":"https:\/\/learntobezen.eu\/de\/wp-json\/wp\/v2\/comments?post=1992"}],"version-history":[{"count":2,"href":"https:\/\/learntobezen.eu\/de\/wp-json\/wp\/v2\/pages\/1992\/revisions"}],"predecessor-version":[{"id":2004,"href":"https:\/\/learntobezen.eu\/de\/wp-json\/wp\/v2\/pages\/1992\/revisions\/2004"}],"wp:attachment":[{"href":"https:\/\/learntobezen.eu\/de\/wp-json\/wp\/v2\/media?parent=1992"}],"curies":[{"name":"wp","href":"https:\/\/api.w.org\/{rel}","templated":true}]}}