{"id":136,"date":"2018-03-16T09:18:25","date_gmt":"2018-03-16T08:18:25","guid":{"rendered":"https:\/\/learntobezen.eu\/de\/?page_id=136"},"modified":"2019-11-21T09:42:45","modified_gmt":"2019-11-21T08:42:45","slug":"die-lehrmaterialien-2","status":"publish","type":"page","link":"https:\/\/learntobezen.eu\/de\/die-lehrmaterialien-2\/","title":{"rendered":"Die Lehrmaterialien"},"content":{"rendered":"<p>[et_pb_section fb_built=&#8220;1&#8243; fullwidth=&#8220;on&#8220; _builder_version=&#8220;3.22&#8243;][et_pb_fullwidth_header title=&#8220;Die Lehrmaterialien&#8220; text_orientation=&#8220;center&#8220; header_scroll_down=&#8220;on&#8220; _builder_version=&#8220;3.16&#8243; title_text_color=&#8220;#95c11f&#8220; background_color=&#8220;rgba(255, 255, 255, 0)&#8220; background_image=&#8220;https:\/\/learntobezen.eu\/de\/wp-content\/uploads\/sites\/4\/2018\/03\/fw-bg-001.jpg&#8220; button_one_text_size__hover_enabled=&#8220;off&#8220; button_one_text_size__hover=&#8220;null&#8220; button_two_text_size__hover_enabled=&#8220;off&#8220; button_two_text_size__hover=&#8220;null&#8220; button_one_text_color__hover_enabled=&#8220;off&#8220; button_one_text_color__hover=&#8220;null&#8220; button_two_text_color__hover_enabled=&#8220;off&#8220; button_two_text_color__hover=&#8220;null&#8220; button_one_border_width__hover_enabled=&#8220;off&#8220; button_one_border_width__hover=&#8220;null&#8220; button_two_border_width__hover_enabled=&#8220;off&#8220; button_two_border_width__hover=&#8220;null&#8220; button_one_border_color__hover_enabled=&#8220;off&#8220; button_one_border_color__hover=&#8220;null&#8220; button_two_border_color__hover_enabled=&#8220;off&#8220; button_two_border_color__hover=&#8220;null&#8220; button_one_border_radius__hover_enabled=&#8220;off&#8220; button_one_border_radius__hover=&#8220;null&#8220; button_two_border_radius__hover_enabled=&#8220;off&#8220; button_two_border_radius__hover=&#8220;null&#8220; button_one_letter_spacing__hover_enabled=&#8220;off&#8220; button_one_letter_spacing__hover=&#8220;null&#8220; button_two_letter_spacing__hover_enabled=&#8220;off&#8220; button_two_letter_spacing__hover=&#8220;null&#8220; button_one_bg_color__hover_enabled=&#8220;off&#8220; button_one_bg_color__hover=&#8220;null&#8220; button_two_bg_color__hover_enabled=&#8220;off&#8220; button_two_bg_color__hover=&#8220;null&#8220;]<\/p>\n<h2 style=\"text-align: center\">Learn to be zen @ school<\/h2>\n<p>[\/et_pb_fullwidth_header][\/et_pb_section][et_pb_section fb_built=&#8220;1&#8243; _builder_version=&#8220;3.22&#8243;][et_pb_row _builder_version=&#8220;3.25&#8243; background_size=&#8220;initial&#8220; background_position=&#8220;top_left&#8220; background_repeat=&#8220;repeat&#8220;][et_pb_column type=&#8220;4_4&#8243; _builder_version=&#8220;3.25&#8243; custom_padding=&#8220;|||&#8220; custom_padding__hover=&#8220;|||&#8220;][et_pb_text _builder_version=&#8220;3.27.4&#8243;]<\/p>\n<h2>Die Lehrmaterialien<\/h2>\n<p>Liebe Partner und Teilnehmer,<\/p>\n<p>Hier finden Sie, im Laufe der zwei Probejahre, die Lehrmittel, die Sie gerne testen, anwenden, evaluieren und verbessern k\u00f6nnen, zu zehn Themen, die im Projekt behandelt werden:<\/p>\n<ul>\n<li><strong>Animierte Videoclips<\/strong> f\u00fcr Kinder zwischen f\u00fcnf und zw\u00f6lf Jahre \u00fcber Schulstress, um damit eine Diskussion dar\u00fcber mit den Kindern zu er\u00f6ffnen.<\/li>\n<li><strong>P\u00e4dagogische Handreichungen<\/strong> f\u00fcr Erzieher, Lehrer und Eltern, um eine Diskussion mit den Kindern zu beginnen und ihnen dabei zu helfen, ihre eigenen L\u00f6sungen zu finden.<\/li>\n<li><strong>Ansprechende und spielerische Lehrmaterialien<\/strong>, die Kindern dabei helfen, ihre Gef\u00fchle zu erforschen und benennen zu k\u00f6nnen.<\/li>\n<\/ul>\n<p>Sie werden regelm\u00e4\u00dfig nach Thema online gestellt und k\u00f6nnen dann bei vorheriger verbindlicher Anmeldung mit Passwort heruntergeladen werden.<\/p>\n<p>[\/et_pb_text][\/et_pb_column][\/et_pb_row][et_pb_row _builder_version=&#8220;3.25&#8243; background_size=&#8220;initial&#8220; background_position=&#8220;top_left&#8220; background_repeat=&#8220;repeat&#8220;][et_pb_column type=&#8220;4_4&#8243; _builder_version=&#8220;3.25&#8243; custom_padding=&#8220;|||&#8220; custom_padding__hover=&#8220;|||&#8220;][et_pb_text _builder_version=&#8220;3.27.4&#8243;]<\/p>\n<h2><\/h2>\n<h2>Derzeit verf\u00fcgbar:<\/h2>\n<p>[\/et_pb_text][\/et_pb_column][\/et_pb_row][et_pb_row column_structure=&#8220;1_3,1_3,1_3&#8243; _builder_version=&#8220;3.25&#8243; background_size=&#8220;initial&#8220; background_position=&#8220;top_left&#8220; background_repeat=&#8220;repeat&#8220;][et_pb_column type=&#8220;1_3&#8243; _builder_version=&#8220;3.25&#8243; custom_padding=&#8220;|||&#8220; custom_padding__hover=&#8220;|||&#8220;][\/et_pb_column][et_pb_column type=&#8220;1_3&#8243; _builder_version=&#8220;3.25&#8243; custom_padding=&#8220;|||&#8220; custom_padding__hover=&#8220;|||&#8220;][et_pb_blurb title=&#8220;SuperCortex&#8220; url=&#8220;https:\/\/learntobezen.eu\/de\/wp-content\/uploads\/sites\/4\/2019\/03\/Fiche-SuperCortex-V-ALL-enfants.pdf&#8220; url_new_window=&#8220;on&#8220; image=&#8220;https:\/\/learntobezen.eu\/de\/wp-content\/uploads\/sites\/4\/2019\/03\/supercortex.jpg&#8220; _builder_version=&#8220;3.26.4&#8243; text_orientation=&#8220;center&#8220; custom_padding=&#8220;20px|10px|20px|10px&#8220; animation=&#8220;off&#8220; link_option_url_new_window=&#8220;on&#8220; border_width_all=&#8220;1px&#8220; border_color_all=&#8220;#efefef&#8220;]<\/p>\n<p><strong>Zum Besseren Verst\u00e4ndnis<br \/> <\/strong><\/p>\n<p>[\/et_pb_blurb][\/et_pb_column][et_pb_column type=&#8220;1_3&#8243; _builder_version=&#8220;3.25&#8243; custom_padding=&#8220;|||&#8220; custom_padding__hover=&#8220;|||&#8220;][\/et_pb_column][\/et_pb_row][et_pb_row column_structure=&#8220;1_3,1_3,1_3&#8243; _builder_version=&#8220;3.25&#8243; background_size=&#8220;initial&#8220; background_position=&#8220;top_left&#8220; background_repeat=&#8220;repeat&#8220;][et_pb_column type=&#8220;1_3&#8243; _builder_version=&#8220;3.25&#8243; custom_padding=&#8220;|||&#8220; custom_padding__hover=&#8220;|||&#8220;][et_pb_blurb title=&#8220;Stress und Gef\u00fchle&#8220; url=&#8220;https:\/\/learntobezen.eu\/de\/stress-und-gefuhle-was-geht-in-meinem-gehirn-vor\/&#8220; image=&#8220;https:\/\/learntobezen.eu\/de\/wp-content\/uploads\/sites\/4\/2018\/03\/learntobezen-01.jpg&#8220; _builder_version=&#8220;3.26.4&#8243; text_orientation=&#8220;center&#8220; custom_padding=&#8220;20px|10px|20px|10px&#8220; animation=&#8220;off&#8220; border_width_all=&#8220;1px&#8220; border_color_all=&#8220;#efefef&#8220;]<strong>Was geht in meinem Gehirn vor?<\/strong><br \/>\n[\/et_pb_blurb][\/et_pb_column][et_pb_column type=&#8220;1_3&#8243; _builder_version=&#8220;3.25&#8243; custom_padding=&#8220;|||&#8220; custom_padding__hover=&#8220;|||&#8220;][et_pb_blurb title=&#8220;Angst&#8220; url=&#8220;https:\/\/learntobezen.eu\/de\/was-passiert-bei-angst-was-tun\/&#8220; image=&#8220;https:\/\/learntobezen.eu\/de\/wp-content\/uploads\/sites\/4\/2018\/05\/learntobezen-02.jpg&#8220; _builder_version=&#8220;3.26.4&#8243; text_orientation=&#8220;center&#8220; custom_padding=&#8220;20px|10px|20px|10px&#8220; animation=&#8220;off&#8220; border_width_all=&#8220;1px&#8220; border_color_all=&#8220;#efefef&#8220;]<strong>Was passiert bei Angst? Was tun?<\/strong><br \/>\n[\/et_pb_blurb][\/et_pb_column][et_pb_column type=&#8220;1_3&#8243; _builder_version=&#8220;3.25&#8243; custom_padding=&#8220;|||&#8220; custom_padding__hover=&#8220;|||&#8220;][et_pb_blurb title=&#8220;Wut&#8220; url=&#8220;https:\/\/learntobezen.eu\/de\/was-passiert-bei-wut-was-tun\/&#8220; image=&#8220;https:\/\/learntobezen.eu\/de\/wp-content\/uploads\/sites\/4\/2018\/05\/learntobezen-03.jpg&#8220; _builder_version=&#8220;3.26.4&#8243; text_orientation=&#8220;center&#8220; custom_padding=&#8220;20px|10px|20px|10px&#8220; animation=&#8220;off&#8220; border_width_all=&#8220;1px&#8220; border_color_all=&#8220;#efefef&#8220;]<strong>Was passiert bei Wut? Was tun?<\/strong><br \/>\n[\/et_pb_blurb][\/et_pb_column][\/et_pb_row][et_pb_row column_structure=&#8220;1_3,1_3,1_3&#8243; _builder_version=&#8220;3.25&#8243; background_size=&#8220;initial&#8220; background_position=&#8220;top_left&#8220; background_repeat=&#8220;repeat&#8220;][et_pb_column type=&#8220;1_3&#8243; _builder_version=&#8220;3.25&#8243; custom_padding=&#8220;|||&#8220; custom_padding__hover=&#8220;|||&#8220;][et_pb_blurb title=&#8220;Traurigkeit und Entmutigung&#8220; url=&#8220;https:\/\/learntobezen.eu\/de\/was-passiert-bei-traurigkeit-und-entmutigung\/&#8220; image=&#8220;https:\/\/learntobezen.eu\/de\/wp-content\/uploads\/sites\/4\/2018\/07\/videos-04.jpg&#8220; _builder_version=&#8220;3.26.4&#8243; text_orientation=&#8220;center&#8220; custom_padding=&#8220;20px|10px|20px|10px&#8220; animation=&#8220;off&#8220; border_width_all=&#8220;1px&#8220; border_color_all=&#8220;#efefef&#8220;]<strong>Was passiert bei Traurigkeit und Entmutigung? Was tun?<\/strong><br \/>\n[\/et_pb_blurb][et_pb_blurb title=&#8220;Mit Wut umgehen&#8220; url=&#8220;https:\/\/learntobezen.eu\/de\/wie-kann-ich-meinem-freund-meiner-freundin-helfen-mit-seiner-ihrer-wut-umzugehen\/&#8220; image=&#8220;https:\/\/learntobezen.eu\/de\/wp-content\/uploads\/sites\/4\/2019\/01\/learntobezen-07-1.jpg&#8220; _builder_version=&#8220;3.26.4&#8243; text_orientation=&#8220;center&#8220; custom_padding=&#8220;20px|10px|20px|10px&#8220; animation=&#8220;off&#8220; border_width_all=&#8220;1px&#8220; border_color_all=&#8220;#efefef&#8220;]<\/p>\n<p><strong>Wie kann ich meinem Freund\/meiner Freundin helfen, mit seiner\/ihrer Wut umzugehen?<\/strong><\/p>\n<p>[\/et_pb_blurb][\/et_pb_column][et_pb_column type=&#8220;1_3&#8243; _builder_version=&#8220;3.25&#8243; custom_padding=&#8220;|||&#8220; custom_padding__hover=&#8220;|||&#8220;][et_pb_blurb title=&#8220;Aufmerksamkeit&#8220; url=&#8220;https:\/\/learntobezen.eu\/de\/wie-ist-man-gelassen-und-aufmerksam-was-tun\/&#8220; image=&#8220;https:\/\/learntobezen.eu\/de\/wp-content\/uploads\/sites\/4\/2018\/09\/learntobezen-05.jpg&#8220; _builder_version=&#8220;3.26.4&#8243; text_orientation=&#8220;center&#8220; custom_padding=&#8220;20px|10px|20px|10px&#8220; animation=&#8220;off&#8220; border_width_all=&#8220;1px&#8220; border_color_all=&#8220;#efefef&#8220;]<strong>Wie ist man gelassen und aufmerksam? Was tun?<\/strong><br \/>\n[\/et_pb_blurb][et_pb_blurb title=&#8220;Mit Traurigkeit oder Entmutigung umgehen&#8220; url=&#8220;https:\/\/learntobezen.eu\/de\/wie-helfe-ich-meinem-freund-meiner-freundin-mit-seiner-ihrer-traurigkeit-oder-entmutigung-umzugehen\/&#8220; image=&#8220;https:\/\/learntobezen.eu\/de\/wp-content\/uploads\/sites\/4\/2019\/03\/learntobezen-08.jpg&#8220; _builder_version=&#8220;3.26.4&#8243; text_orientation=&#8220;center&#8220; custom_padding=&#8220;20px|10px|20px|10px&#8220; animation=&#8220;off&#8220; border_width_all=&#8220;1px&#8220; border_color_all=&#8220;#efefef&#8220;]<strong>Wie helfe ich meinem Freund\/meiner Freundin, mit seiner\/ihrer Traurigkeit oder Entmutigung umzugehen?<\/strong>[\/et_pb_blurb][et_pb_blurb title=&#8220;Intelligenz&#8220; url=&#8220;https:\/\/learntobezen.eu\/de\/und-wie-und-was-ist-intelligenz\/&#8220; image=&#8220;https:\/\/learntobezen.eu\/de\/wp-content\/uploads\/sites\/4\/2019\/05\/learntobezen-10.jpg&#8220; _builder_version=&#8220;3.26.4&#8243; text_orientation=&#8220;center&#8220; custom_padding=&#8220;20px|10px|20px|10px&#8220; animation=&#8220;off&#8220; border_width_all=&#8220;1px&#8220; border_color_all=&#8220;#efefef&#8220;]<\/p>\n<p><strong>Und wie und was ist Intelligenz?<\/strong><\/p>\n<p>[\/et_pb_blurb][\/et_pb_column][et_pb_column type=&#8220;1_3&#8243; _builder_version=&#8220;3.25&#8243; custom_padding=&#8220;|||&#8220; custom_padding__hover=&#8220;|||&#8220;][et_pb_blurb title=&#8220;Mit Angst umgehen&#8220; url=&#8220;https:\/\/learntobezen.eu\/de\/wie-kann-ich-meinem-freund-meiner-freundin-helfen-mit-seiner-ihrer-angst-umzugehen\/&#8220; image=&#8220;https:\/\/learntobezen.eu\/de\/wp-content\/uploads\/sites\/4\/2018\/11\/learntobezen-06.jpg&#8220; _builder_version=&#8220;3.26.4&#8243; text_orientation=&#8220;center&#8220; custom_padding=&#8220;20px|10px|20px|10px&#8220; animation=&#8220;off&#8220; border_width_all=&#8220;1px&#8220; border_color_all=&#8220;#efefef&#8220;]<strong>Wie kann ich meinem Freund\/meiner Freundin helfen, mit seiner\/ihrer Angst umzugehen?<\/strong><br \/>\n[\/et_pb_blurb][et_pb_blurb title=&#8220;Mit Fehler umgehen&#8220; url=&#8220;https:\/\/learntobezen.eu\/de\/ist-fehler-machen-schlimm\/&#8220; image=&#8220;https:\/\/learntobezen.eu\/de\/wp-content\/uploads\/sites\/4\/2019\/05\/learntobezen-09.jpg&#8220; _builder_version=&#8220;3.26.4&#8243; text_orientation=&#8220;center&#8220; custom_padding=&#8220;20px|10px|20px|10px&#8220; animation=&#8220;off&#8220; link_option_url=&#8220;https:\/\/learntobezen.eu\/de\/ist-fehler-machen-schlimm\/&#8220; border_width_all=&#8220;1px&#8220; border_color_all=&#8220;#efefef&#8220;]<\/p>\n<p><strong>Ist Fehler machen schlimm?<\/strong><\/p>\n<p>[\/et_pb_blurb][\/et_pb_column][\/et_pb_row][\/et_pb_section]<\/p>\n","protected":false},"excerpt":{"rendered":"<p>Learn to be zen @ school Die Lehrmaterialien Liebe Partner und Teilnehmer, Hier finden Sie, im Laufe der zwei Probejahre, die Lehrmittel, die Sie gerne testen, anwenden, evaluieren und verbessern k\u00f6nnen, zu zehn Themen, die im Projekt behandelt werden: Animierte Videoclips f\u00fcr Kinder zwischen f\u00fcnf und zw\u00f6lf Jahre \u00fcber Schulstress, um damit eine Diskussion dar\u00fcber [&hellip;]<\/p>\n","protected":false},"author":2,"featured_media":0,"parent":0,"menu_order":0,"comment_status":"closed","ping_status":"closed","template":"","meta":{"_et_pb_use_builder":"on","_et_pb_old_content":"","_et_gb_content_width":"","footnotes":""},"class_list":["post-136","page","type-page","status-publish","hentry"],"_links":{"self":[{"href":"https:\/\/learntobezen.eu\/de\/wp-json\/wp\/v2\/pages\/136","targetHints":{"allow":["GET"]}}],"collection":[{"href":"https:\/\/learntobezen.eu\/de\/wp-json\/wp\/v2\/pages"}],"about":[{"href":"https:\/\/learntobezen.eu\/de\/wp-json\/wp\/v2\/types\/page"}],"author":[{"embeddable":true,"href":"https:\/\/learntobezen.eu\/de\/wp-json\/wp\/v2\/users\/2"}],"replies":[{"embeddable":true,"href":"https:\/\/learntobezen.eu\/de\/wp-json\/wp\/v2\/comments?post=136"}],"version-history":[{"count":27,"href":"https:\/\/learntobezen.eu\/de\/wp-json\/wp\/v2\/pages\/136\/revisions"}],"predecessor-version":[{"id":2117,"href":"https:\/\/learntobezen.eu\/de\/wp-json\/wp\/v2\/pages\/136\/revisions\/2117"}],"wp:attachment":[{"href":"https:\/\/learntobezen.eu\/de\/wp-json\/wp\/v2\/media?parent=136"}],"curies":[{"name":"wp","href":"https:\/\/api.w.org\/{rel}","templated":true}]}}