{"id":126,"date":"2018-03-15T16:08:53","date_gmt":"2018-03-15T15:08:53","guid":{"rendered":"https:\/\/learntobezen.eu\/de\/?page_id=126"},"modified":"2018-03-28T12:32:02","modified_gmt":"2018-03-28T10:32:02","slug":"kontakt","status":"publish","type":"page","link":"https:\/\/learntobezen.eu\/de\/kontakt\/","title":{"rendered":"Kontakt"},"content":{"rendered":"<p>[et_pb_section bb_built=&#8220;1&#8243; fullwidth=&#8220;on&#8220; specialty=&#8220;off&#8220; next_background_color=&#8220;#000000&#8243;][et_pb_fullwidth_map _builder_version=&#8220;3.0.92&#8243; address=&#8220;Avenue de Tervueren 81, 1040 Etterbeek, Belgique&#8220; zoom_level=&#8220;6&#8243; address_lat=&#8220;50.83799&#8243; address_lng=&#8220;4.402896599999963&#8243; mouse_wheel=&#8220;on&#8220; mobile_dragging=&#8220;on&#8220;][et_pb_map_pin _builder_version=&#8220;3.0.92&#8243; title=&#8220;Learntobezen&#8220; pin_address=&#8220;Avenue de Tervueren 81, 1040 Etterbeek, Belgique&#8220; pin_address_lat=&#8220;50.83799&#8243; pin_address_lng=&#8220;4.402896599999963&#8243;]<\/p>\n<p>81 avenue de Tervueren<br \/>\n1040 Bruxelles<\/p>\n<p>[\/et_pb_map_pin][et_pb_map_pin _builder_version=&#8220;3.0.92&#8243; title=&#8220;Savoir \u00eatre \u00e0 l&#8217;\u00e9cole&#8220; pin_address=&#8220;8 Rue Lamartine, 75009 Paris, France&#8220; pin_address_lat=&#8220;48.87668159686019&#8243; pin_address_lng=&#8220;2.3434295654296875&#8243;]<\/p>\n<p>8 rue Lamartine<br \/>\n75009 Paris<\/p>\n<p>[\/et_pb_map_pin][et_pb_map_pin _builder_version=&#8220;3.0.92&#8243; title=&#8220;L\u2019\u00e9cole Franco-Allemande de Fribourg&#8220; pin_address=&#8220;Belchenstra\u00dfe 2, 79115 Freiburg im Breisgau, Allemagne&#8220; pin_address_lat=&#8220;47.98737&#8243; pin_address_lng=&#8220;7.813340000000039&#8243;]<\/p>\n<p>Belchenstrasse 2<br \/>\n79115 Fribourg-en-Brisgau<\/p>\n<p>[\/et_pb_map_pin][\/et_pb_fullwidth_map][\/et_pb_section][et_pb_section bb_built=&#8220;1&#8243; fullwidth=&#8220;off&#8220; specialty=&#8220;off&#8220; prev_background_color=&#8220;#000000&#8243;][et_pb_row][et_pb_column type=&#8220;3_4&#8243;][et_pb_contact_form _builder_version=&#8220;3.0.92&#8243; captcha=&#8220;on&#8220; use_redirect=&#8220;off&#8220; custom_button=&#8220;off&#8220; button_icon_placement=&#8220;right&#8220; success_message=&#8220;Ihre Nachricht wurde erfolgreich gesendet.&#8220; title=&#8220;Schreiben Sie uns eine Nachricht&#8220; submit_button_text=&#8220;Abschicken&#8220; email=&#8220;learn-to-be-zen@web.de&#8220; custom_message=&#8220; %%Name%%||et_pb_line_break_holder|| %%Email%%||et_pb_line_break_holder|| %%Message%%&#8220;][et_pb_contact_field field_title=&#8220;Name&#8220; field_type=&#8220;input&#8220; field_id=&#8220;Name&#8220; required_mark=&#8220;on&#8220; fullwidth_field=&#8220;off&#8220; _builder_version=&#8220;3.0.92&#8243; checkbox_checked=&#8220;off&#8220; checkbox_options=&#8220;%91{%22value%22:%22Nom%22,%22checked%22:0}%93&#8243; radio_options=&#8220;%91{%22value%22:%22Nom%22,%22checked%22:0}%93&#8243; select_options=&#8220;%91{%22value%22:%22Nom%22,%22checked%22:0}%93&#8243; min_length=&#8220;0&#8243; max_length=&#8220;0&#8243; allowed_symbols=&#8220;all&#8220; conditional_logic=&#8220;off&#8220; conditional_logic_relation=&#8220;off&#8220; conditional_logic_rules=&#8220;%91{%22field%22:%22email%22,%22condition%22:%22is%22,%22value%22:%22%22}%93&#8243; use_background_color_gradient=&#8220;off&#8220; background_color_gradient_start=&#8220;#2b87da&#8220; background_color_gradient_end=&#8220;#29c4a9&#8243; background_color_gradient_type=&#8220;linear&#8220; background_color_gradient_direction=&#8220;180deg&#8220; background_color_gradient_direction_radial=&#8220;center&#8220; background_color_gradient_start_position=&#8220;0%&#8220; background_color_gradient_end_position=&#8220;100%&#8220; background_color_gradient_overlays_image=&#8220;off&#8220; parallax=&#8220;off&#8220; parallax_method=&#8220;on&#8220; background_size=&#8220;cover&#8220; background_position=&#8220;center&#8220; background_repeat=&#8220;no-repeat&#8220; background_blend=&#8220;normal&#8220; allow_player_pause=&#8220;off&#8220; \/][et_pb_contact_field field_title=&#8220;E-mail&#8220; field_type=&#8220;email&#8220; field_id=&#8220;Email&#8220; required_mark=&#8220;on&#8220; fullwidth_field=&#8220;off&#8220; _builder_version=&#8220;3.0.92&#8243; checkbox_checked=&#8220;off&#8220; checkbox_options=&#8220;%91{%22value%22:%22Adresse e-mail%22,%22checked%22:0}%93&#8243; radio_options=&#8220;%91{%22value%22:%22Adresse e-mail%22,%22checked%22:0}%93&#8243; select_options=&#8220;%91{%22value%22:%22Adresse e-mail%22,%22checked%22:0}%93&#8243; min_length=&#8220;0&#8243; max_length=&#8220;0&#8243; allowed_symbols=&#8220;all&#8220; conditional_logic=&#8220;off&#8220; conditional_logic_relation=&#8220;off&#8220; conditional_logic_rules=&#8220;%91{%22field%22:%22name%22,%22condition%22:%22is%22,%22value%22:%22%22}%93&#8243; use_background_color_gradient=&#8220;off&#8220; background_color_gradient_start=&#8220;#2b87da&#8220; background_color_gradient_end=&#8220;#29c4a9&#8243; background_color_gradient_type=&#8220;linear&#8220; background_color_gradient_direction=&#8220;180deg&#8220; background_color_gradient_direction_radial=&#8220;center&#8220; background_color_gradient_start_position=&#8220;0%&#8220; background_color_gradient_end_position=&#8220;100%&#8220; background_color_gradient_overlays_image=&#8220;off&#8220; parallax=&#8220;off&#8220; parallax_method=&#8220;on&#8220; background_size=&#8220;cover&#8220; background_position=&#8220;center&#8220; background_repeat=&#8220;no-repeat&#8220; background_blend=&#8220;normal&#8220; allow_player_pause=&#8220;off&#8220; \/][et_pb_contact_field field_title=&#8220;Nachricht&#8220; field_type=&#8220;text&#8220; field_id=&#8220;Message&#8220; required_mark=&#8220;on&#8220; fullwidth_field=&#8220;on&#8220; _builder_version=&#8220;3.0.92&#8243; checkbox_checked=&#8220;off&#8220; checkbox_options=&#8220;%91{%22value%22:%22Message%22,%22checked%22:0}%93&#8243; radio_options=&#8220;%91{%22value%22:%22Message%22,%22checked%22:0}%93&#8243; select_options=&#8220;%91{%22value%22:%22Message%22,%22checked%22:0}%93&#8243; min_length=&#8220;0&#8243; max_length=&#8220;0&#8243; allowed_symbols=&#8220;all&#8220; conditional_logic=&#8220;off&#8220; conditional_logic_relation=&#8220;off&#8220; conditional_logic_rules=&#8220;%91{%22field%22:%22name%22,%22condition%22:%22is%22,%22value%22:%22%22}%93&#8243; use_background_color_gradient=&#8220;off&#8220; background_color_gradient_start=&#8220;#2b87da&#8220; background_color_gradient_end=&#8220;#29c4a9&#8243; background_color_gradient_type=&#8220;linear&#8220; background_color_gradient_direction=&#8220;180deg&#8220; background_color_gradient_direction_radial=&#8220;center&#8220; background_color_gradient_start_position=&#8220;0%&#8220; background_color_gradient_end_position=&#8220;100%&#8220; background_color_gradient_overlays_image=&#8220;off&#8220; parallax=&#8220;off&#8220; parallax_method=&#8220;on&#8220; background_size=&#8220;cover&#8220; background_position=&#8220;center&#8220; background_repeat=&#8220;no-repeat&#8220; background_blend=&#8220;normal&#8220; allow_player_pause=&#8220;off&#8220; \/][\/et_pb_contact_form][\/et_pb_column][et_pb_column type=&#8220;1_4&#8243;][et_pb_text _builder_version=&#8220;3.0.106&#8243; background_layout=&#8220;light&#8220;]<\/p>\n<h2>Kontaktieren Sie uns<\/h2>\n<p><strong>Learn to Be asbl<\/strong><br \/>\nAvenue de Tervueren, 81<br \/>\nB-1040 BruxellesBruxelles<br \/>\n<a href=\"mailto:contact@learntobe.be\">contact@learntobe.be<\/a><\/p>\n<p><strong>Association Savoir-\u00eatre \u00e0 l&#8217;\u00e9cole<br \/>\n<\/strong>8, rue Lamartine<br \/>\nF-75009 Paris<br \/>\n<a href=\"mailto:contact@savoir-etre-ecole.org\">contact@savoir-etre-ecole.org<\/a><\/p>\n<p><strong>Die Deutsch-Franz\u00f6sische Grundschule Freiburg<br \/>\n<\/strong>Belchenstrasse 2<br \/>\nD-79115 Freiburg<strong><br \/>\n<\/strong> <a href=\"mailto:learn-to-be-zen@web.de\">learn-to-be-zen@web.de<\/a><strong><br \/>\n<\/strong><\/p>\n<p>[\/et_pb_text][\/et_pb_column][\/et_pb_row][\/et_pb_section]<\/p>\n","protected":false},"excerpt":{"rendered":"<p>81 avenue de Tervueren 1040 Bruxelles 8 rue Lamartine 75009 Paris Belchenstrasse 2 79115 Fribourg-en-Brisgau <div class=\"et_pb_row et_pb_row_0 et_pb_row_empty\">\n\t\t\t\t\n\t\t\t\t\n\t\t\t\t\n\t\t\t\t\n\t\t\t\t\n\t\t\t<\/div> Kontaktieren Sie uns Learn to Be asbl Avenue de Tervueren, 81 B-1040 BruxellesBruxelles contact@learntobe.be Association Savoir-\u00eatre \u00e0 l&#8217;\u00e9cole 8, rue Lamartine F-75009 Paris contact@savoir-etre-ecole.org Die Deutsch-Franz\u00f6sische Grundschule Freiburg Belchenstrasse 2 D-79115 Freiburg learn-to-be-zen@web.de<\/p>\n","protected":false},"author":2,"featured_media":0,"parent":0,"menu_order":0,"comment_status":"closed","ping_status":"closed","template":"","meta":{"_et_pb_use_builder":"on","_et_pb_old_content":"","_et_gb_content_width":"","footnotes":""},"class_list":["post-126","page","type-page","status-publish","hentry"],"_links":{"self":[{"href":"https:\/\/learntobezen.eu\/de\/wp-json\/wp\/v2\/pages\/126","targetHints":{"allow":["GET"]}}],"collection":[{"href":"https:\/\/learntobezen.eu\/de\/wp-json\/wp\/v2\/pages"}],"about":[{"href":"https:\/\/learntobezen.eu\/de\/wp-json\/wp\/v2\/types\/page"}],"author":[{"embeddable":true,"href":"https:\/\/learntobezen.eu\/de\/wp-json\/wp\/v2\/users\/2"}],"replies":[{"embeddable":true,"href":"https:\/\/learntobezen.eu\/de\/wp-json\/wp\/v2\/comments?post=126"}],"version-history":[{"count":8,"href":"https:\/\/learntobezen.eu\/de\/wp-json\/wp\/v2\/pages\/126\/revisions"}],"predecessor-version":[{"id":192,"href":"https:\/\/learntobezen.eu\/de\/wp-json\/wp\/v2\/pages\/126\/revisions\/192"}],"wp:attachment":[{"href":"https:\/\/learntobezen.eu\/de\/wp-json\/wp\/v2\/media?parent=126"}],"curies":[{"name":"wp","href":"https:\/\/api.w.org\/{rel}","templated":true}]}}