{"id":121,"date":"2018-03-15T16:00:05","date_gmt":"2018-03-15T15:00:05","guid":{"rendered":"https:\/\/learntobezen.eu\/de\/?page_id=121"},"modified":"2019-09-12T14:46:23","modified_gmt":"2019-09-12T12:46:23","slug":"partner","status":"publish","type":"page","link":"https:\/\/learntobezen.eu\/de\/partner\/","title":{"rendered":"Partner"},"content":{"rendered":"<p>[et_pb_section fb_built=&#8220;1&#8243; fullwidth=&#8220;on&#8220; _builder_version=&#8220;3.22&#8243;][et_pb_fullwidth_header title=&#8220;Partner&#8220; text_orientation=&#8220;center&#8220; header_scroll_down=&#8220;on&#8220; _builder_version=&#8220;3.16&#8243; title_text_color=&#8220;#95c11f&#8220; background_color=&#8220;rgba(255, 255, 255, 0)&#8220; background_image=&#8220;https:\/\/learntobezen.eu\/de\/wp-content\/uploads\/sites\/4\/2018\/03\/fw-bg-001.jpg&#8220; button_one_text_size__hover_enabled=&#8220;off&#8220; button_two_text_size__hover_enabled=&#8220;off&#8220; button_one_text_color__hover_enabled=&#8220;off&#8220; button_two_text_color__hover_enabled=&#8220;off&#8220; button_one_border_width__hover_enabled=&#8220;off&#8220; button_two_border_width__hover_enabled=&#8220;off&#8220; button_one_border_color__hover_enabled=&#8220;off&#8220; button_two_border_color__hover_enabled=&#8220;off&#8220; button_one_border_radius__hover_enabled=&#8220;off&#8220; button_two_border_radius__hover_enabled=&#8220;off&#8220; button_one_letter_spacing__hover_enabled=&#8220;off&#8220; button_two_letter_spacing__hover_enabled=&#8220;off&#8220; button_one_bg_color__hover_enabled=&#8220;off&#8220; button_two_bg_color__hover_enabled=&#8220;off&#8220;]<\/p>\n<h2 style=\"text-align: center\">Learn to be zen @ school<\/h2>\n<p>[\/et_pb_fullwidth_header][\/et_pb_section][et_pb_section fb_built=&#8220;1&#8243; _builder_version=&#8220;3.22&#8243;][et_pb_row _builder_version=&#8220;3.25&#8243; column_structure=&#8220;1_4,3_4&#8243;][et_pb_column type=&#8220;1_4&#8243; _builder_version=&#8220;3.25&#8243; custom_padding=&#8220;|||&#8220; custom_padding__hover=&#8220;|||&#8220;][et_pb_image src=&#8220;https:\/\/learntobezen.eu\/de\/wp-content\/uploads\/sites\/4\/2018\/03\/learn-to-be-400-1.jpg&#8220; url=&#8220;https:\/\/learntobe.be\/&#8220; align_tablet=&#8220;center&#8220; align_last_edited=&#8220;on|desktop&#8220; _builder_version=&#8220;3.23&#8243; border_width_all=&#8220;1px&#8220; border_color_all=&#8220;#efefef&#8220; always_center_on_mobile=&#8220;on&#8220;][\/et_pb_image][\/et_pb_column][et_pb_column type=&#8220;3_4&#8243; _builder_version=&#8220;3.25&#8243; custom_padding=&#8220;|||&#8220; custom_padding__hover=&#8220;|||&#8220;][et_pb_text _builder_version=&#8220;3.0.92&#8243;]<\/p>\n<h2>Learn to Be asbl<\/h2>\n<p><strong>Learn to Be asbl<\/strong> ist eine belgische gemeinn\u00fctzige Vereinigung. Sie wurde mit folgendem Ziel gegr\u00fcndet: die neuesten wissenschaftlichen Erkenntnisse der Welt der Erziehung und Ausbildung zur Verf\u00fcgung zu stellen. Das Programm <strong>\u201eSavoir-\u00eatre \u00e0 l\u2019\u00e9cole\u201c <\/strong>wird seit 2007 in Belgien entwickelt.<\/p>\n<p><strong>Das Ziel: <\/strong>Kindern und Jugendlichen die M\u00f6glichkeit zu geben, eine Ausbildung zu genie\u00dfen, bei der Selbstkenntnis und das Miteinander genau wie Lehrinhalt beigebracht werden, damit sie autonome, erf\u00fcllte Erwachsene und engagierte B\u00fcrger werden, die ihre Entscheidungen eigenverantwortlich treffen k\u00f6nnen.<\/p>\n<p><strong>Die Aufgabe: <\/strong>Akteuren aus der Erziehung und Ausbildung, also Erziehern, Lehrern, Rektoren und anderen Mitarbeitern des p\u00e4dagogischen Teams Fortbildungen, Unterst\u00fctzung sowie Lehrmittel anzubieten und sie dabei zu begleiten, damit sie so ihre eigenen emotionalen und zwischenmenschlichen Kompetenzen als auch die ihrer Sch\u00fcler weiterentwickeln k\u00f6nnen.<br \/>\n[\/et_pb_text][\/et_pb_column][\/et_pb_row][et_pb_row _builder_version=&#8220;3.25&#8243; column_structure=&#8220;1_4,3_4&#8243; custom_padding=&#8220;||0px|||&#8220;][et_pb_column type=&#8220;1_4&#8243; _builder_version=&#8220;3.25&#8243; custom_padding=&#8220;|||&#8220; custom_padding__hover=&#8220;|||&#8220;][et_pb_image src=&#8220;https:\/\/learntobezen.eu\/de\/wp-content\/uploads\/sites\/4\/2018\/03\/savoi-etre-ecole-400-1.jpg&#8220; url=&#8220;http:\/\/savoir-etre-ecole.org&#8220; align_tablet=&#8220;center&#8220; align_last_edited=&#8220;on|desktop&#8220; _builder_version=&#8220;3.23&#8243; border_width_all=&#8220;1px&#8220; border_color_all=&#8220;#efefef&#8220; always_center_on_mobile=&#8220;on&#8220; custom_padding=&#8220;0px||0px|||&#8220;][\/et_pb_image][\/et_pb_column][et_pb_column type=&#8220;3_4&#8243; _builder_version=&#8220;3.25&#8243; custom_padding=&#8220;|||&#8220; custom_padding__hover=&#8220;|||&#8220;][et_pb_text _builder_version=&#8220;3.0.92&#8243; custom_margin=&#8220;||-11px|||&#8220;]<\/p>\n<h2>Savoir-\u00eatre \u00e0 l\u2019\u00e9cole<\/h2>\n<p><strong>Savoir-\u00eatre \u00e0 l\u2019\u00e9cole<\/strong> wurde Ende 2014 in Frankreich gegr\u00fcndet und hat zum Ziel, Methoden und konkrete Hilfsmittel aus den Neuro- und Verhaltenswissenschaften der Ausbildungs- und Erziehungswelt zur Verf\u00fcgung zu stellen, die zu einer besseren Selbstkenntnis und einem kontrollierten Umgang mit dem eigenen Verhalten beitragen.<\/p>\n<p>[\/et_pb_text][\/et_pb_column][\/et_pb_row][et_pb_row _builder_version=&#8220;3.25&#8243; column_structure=&#8220;1_4,3_4&#8243;][et_pb_column type=&#8220;1_4&#8243; _builder_version=&#8220;3.25&#8243; custom_padding=&#8220;|||&#8220; custom_padding__hover=&#8220;|||&#8220;][et_pb_image src=&#8220;https:\/\/learntobezen.eu\/de\/wp-content\/uploads\/sites\/4\/2018\/03\/ecole-fribourg-1.jpg&#8220; url=&#8220;http:\/\/www.aefe.fr\/&#8220; align_tablet=&#8220;center&#8220; align_last_edited=&#8220;on|desktop&#8220; _builder_version=&#8220;3.23&#8243; border_width_all=&#8220;1px&#8220; border_color_all=&#8220;#efefef&#8220; always_center_on_mobile=&#8220;on&#8220;][\/et_pb_image][\/et_pb_column][et_pb_column type=&#8220;3_4&#8243; _builder_version=&#8220;3.25&#8243; custom_padding=&#8220;|||&#8220; custom_padding__hover=&#8220;|||&#8220;][et_pb_text _builder_version=&#8220;3.0.92&#8243; custom_margin=&#8220;-25px|||||&#8220;]<\/p>\n<h2>Deutsch-Franz\u00f6sische Grundschule Freiburg<\/h2>\n<p>Die <strong>Deutsch-Franz\u00f6sische Grundschule Freiburg<\/strong> ist Teil der deutsch-franz\u00f6sischen Schulstruktur, die in Freiburg von der \u00c9cole Maternelle bis zum Frankreich-Zentrum der Universit\u00e4t reicht. Sie wurde im September 1992 gegr\u00fcndet.<\/p>\n<p>Etwa 125 Kinder gehen hier zur Schule, sie kommen aus deutschen, franz\u00f6sischen, deutsch-franz\u00f6sischen oder frankophonen Familien. Die Schule ist binational: Tr\u00e4ger ist die Stadt Freiburg, gef\u00fchrt wird sie von der Agence pour l&#8217;Enseignement fran\u00e7ais \u00e0 l&#8217;\u00c9tranger und vom Ministerium f\u00fcr Kultus und Sport des Landes Baden-W\u00fcrttemberg.<\/p>\n<p>Zweisprachiger Unterricht<\/p>\n<p>F\u00fcr die Schule sind sowohl das franz\u00f6sische Bulletin Officiel als auch die Bildungspl\u00e4ne des Landes Baden-W\u00fcrttemberg bindend. Das Kollegium ist binational und zweisprachig, die Lehrer unterrichten in ihrer Muttersprache.<\/p>\n<p>F\u00fcr jede Klasse ist ein deutsch-franz\u00f6sisches Lehrertandem zust\u00e4ndig, das zweisprachige Projekte, insbesondere im Fach Mensch-Natur-Kultur (MeNuK), vorbereitet und durchf\u00fchrt. Dar\u00fcber hinaus bietet fast jedes Unterrichtsthema M\u00f6glichkeiten zum deutsch-franz\u00f6sischen Vergleich.<br \/>\n[\/et_pb_text][\/et_pb_column][\/et_pb_row][\/et_pb_section]<\/p>\n","protected":false},"excerpt":{"rendered":"<p>Learn to be zen @ school Learn to Be asbl Learn to Be asbl ist eine belgische gemeinn\u00fctzige Vereinigung. Sie wurde mit folgendem Ziel gegr\u00fcndet: die neuesten wissenschaftlichen Erkenntnisse der Welt der Erziehung und Ausbildung zur Verf\u00fcgung zu stellen. Das Programm \u201eSavoir-\u00eatre \u00e0 l\u2019\u00e9cole\u201c wird seit 2007 in Belgien entwickelt. Das Ziel: Kindern und Jugendlichen [&hellip;]<\/p>\n","protected":false},"author":2,"featured_media":0,"parent":0,"menu_order":0,"comment_status":"closed","ping_status":"closed","template":"","meta":{"_et_pb_use_builder":"on","_et_pb_old_content":"","_et_gb_content_width":"","footnotes":""},"class_list":["post-121","page","type-page","status-publish","hentry"],"_links":{"self":[{"href":"https:\/\/learntobezen.eu\/de\/wp-json\/wp\/v2\/pages\/121","targetHints":{"allow":["GET"]}}],"collection":[{"href":"https:\/\/learntobezen.eu\/de\/wp-json\/wp\/v2\/pages"}],"about":[{"href":"https:\/\/learntobezen.eu\/de\/wp-json\/wp\/v2\/types\/page"}],"author":[{"embeddable":true,"href":"https:\/\/learntobezen.eu\/de\/wp-json\/wp\/v2\/users\/2"}],"replies":[{"embeddable":true,"href":"https:\/\/learntobezen.eu\/de\/wp-json\/wp\/v2\/comments?post=121"}],"version-history":[{"count":4,"href":"https:\/\/learntobezen.eu\/de\/wp-json\/wp\/v2\/pages\/121\/revisions"}],"predecessor-version":[{"id":461,"href":"https:\/\/learntobezen.eu\/de\/wp-json\/wp\/v2\/pages\/121\/revisions\/461"}],"wp:attachment":[{"href":"https:\/\/learntobezen.eu\/de\/wp-json\/wp\/v2\/media?parent=121"}],"curies":[{"name":"wp","href":"https:\/\/api.w.org\/{rel}","templated":true}]}}