{"id":110,"date":"2018-03-12T16:11:21","date_gmt":"2018-03-12T15:11:21","guid":{"rendered":"https:\/\/learntobezen.eu\/de\/?page_id=110"},"modified":"2019-05-23T11:59:43","modified_gmt":"2019-05-23T09:59:43","slug":"das-projekt","status":"publish","type":"page","link":"https:\/\/learntobezen.eu\/de\/das-projekt\/","title":{"rendered":"Das Projekt"},"content":{"rendered":"<p>[et_pb_section fb_built=&#8220;1&#8243; fullwidth=&#8220;on&#8220; _builder_version=&#8220;3.0.47&#8243;][et_pb_fullwidth_header title=&#8220;Das Projekt&#8220; text_orientation=&#8220;center&#8220; header_scroll_down=&#8220;on&#8220; _builder_version=&#8220;3.16&#8243; title_text_color=&#8220;#95c11f&#8220; background_color=&#8220;rgba(255, 255, 255, 0)&#8220; background_image=&#8220;https:\/\/learntobezen.eu\/de\/wp-content\/uploads\/sites\/4\/2018\/03\/fw-bg-001.jpg&#8220; button_one_text_size__hover_enabled=&#8220;off&#8220; button_two_text_size__hover_enabled=&#8220;off&#8220; button_one_text_color__hover_enabled=&#8220;off&#8220; button_two_text_color__hover_enabled=&#8220;off&#8220; button_one_border_width__hover_enabled=&#8220;off&#8220; button_two_border_width__hover_enabled=&#8220;off&#8220; button_one_border_color__hover_enabled=&#8220;off&#8220; button_two_border_color__hover_enabled=&#8220;off&#8220; button_one_border_radius__hover_enabled=&#8220;off&#8220; button_two_border_radius__hover_enabled=&#8220;off&#8220; button_one_letter_spacing__hover_enabled=&#8220;off&#8220; button_two_letter_spacing__hover_enabled=&#8220;off&#8220; button_one_bg_color__hover_enabled=&#8220;off&#8220; button_two_bg_color__hover_enabled=&#8220;off&#8220;]<\/p>\n<h2 style=\"text-align: center;\">Learn to be zen @ school<\/h2>\n<p>[\/et_pb_fullwidth_header][\/et_pb_section][et_pb_section fb_built=&#8220;1&#8243; _builder_version=&#8220;3.0.47&#8243;][et_pb_row _builder_version=&#8220;3.0.48&#8243; background_size=&#8220;initial&#8220; background_position=&#8220;top_left&#8220; background_repeat=&#8220;repeat&#8220;][et_pb_column type=&#8220;1_4&#8243; _builder_version=&#8220;3.0.47&#8243; parallax=&#8220;off&#8220; parallax_method=&#8220;on&#8220;][et_pb_image src=&#8220;https:\/\/learntobezen.eu\/de\/wp-content\/uploads\/sites\/4\/2018\/03\/erasmus_400-1.jpg&#8220; _builder_version=&#8220;3.0.92&#8243;][\/et_pb_image][et_pb_image src=&#8220;https:\/\/learntobezen.eu\/de\/wp-content\/uploads\/sites\/4\/2018\/03\/savoi-etre-ecole-400-1.jpg&#8220; _builder_version=&#8220;3.0.92&#8243;][\/et_pb_image][\/et_pb_column][et_pb_column type=&#8220;1_4&#8243; _builder_version=&#8220;3.0.47&#8243; parallax=&#8220;off&#8220; parallax_method=&#8220;on&#8220;][et_pb_image src=&#8220;https:\/\/learntobezen.eu\/de\/wp-content\/uploads\/sites\/4\/2018\/03\/learn-to-be-400-1.jpg&#8220; _builder_version=&#8220;3.0.92&#8243;][\/et_pb_image][et_pb_image src=&#8220;https:\/\/learntobezen.eu\/de\/wp-content\/uploads\/sites\/4\/2018\/03\/ecole-fribourg-1.jpg&#8220; _builder_version=&#8220;3.0.92&#8243;][\/et_pb_image][\/et_pb_column][et_pb_column type=&#8220;1_2&#8243; _builder_version=&#8220;3.0.47&#8243; parallax=&#8220;off&#8220; parallax_method=&#8220;on&#8220;][et_pb_text _builder_version=&#8220;3.17.6&#8243;]<\/p>\n<h2 class=\"et_pb_module_header\">Das Projekt<\/h2>\n<p>Auf Initiative von <em>Learn to Be<\/em> (Belgien) in Zusammenarbeit mit <em>Savoir-\u00eatre \u00e0 l\u2019\u00e9cole<\/em> (Frankreich) und der Deutsch-Franz\u00f6sischen Grundschule Freiburg (Deutschland), hat das Projekt, \u00ab <strong>Learn to be zen @ school <\/strong>\u00bb begonnen!\u00a0 Es handelt sich um eine strategische, europ\u00e4ische Erasmus+-Partnerschaft.<\/p>\n<p>Wir werden zwei Jahre lang \u2013 zusammen mit Experten aus der Kindererziehung \u2013 neue p\u00e4dagogische Materialien entwickeln, die Kindern dabei helfen, aufmerksamer und gelassener zu werden.<\/p>\n<ul>\n<li><strong>Animierte Videoclips<\/strong> f\u00fcr Kinder zwischen f\u00fcnf und zw\u00f6lf Jahren \u00fcber Schulstress, um damit eine Diskussion dar\u00fcber mit den Kindern zu er\u00f6ffnen.<\/li>\n<li><strong>P\u00e4dagogische Handreichungen<\/strong> f\u00fcr Erzieher, Lehrer und Eltern, um eine Diskussion mit den Kindern zu beginnen und ihnen dabei zu helfen, ihre eigenen L\u00f6sungen zu finden.<\/li>\n<li><strong>Ansprechende und spielerische Lehrmaterialien<\/strong>, die Kindern dabei helfen, ihre Gef\u00fchle zu erforschen und benennen zu k\u00f6nnen.<\/li>\n<\/ul>\n<p>Die Partner und Teilnehmer (Schulen, Lehrer, Erzieher und Eltern) sind dazu eingeladen, diese Hilfsmittel zu testen, anzuwenden, zu evaluieren und sie anzupassen, damit sie anschlie\u00dfend der breiten \u00d6ffentlichkeit zur Verf\u00fcgung gestellt werden k\u00f6nnen.<\/p>\n<p>Das offizielle Infoblatt herunterladen<\/p>\n<p>[\/et_pb_text][et_pb_button button_url=&#8220;https:\/\/learntobezen.eu\/de\/wp-content\/uploads\/sites\/4\/2018\/03\/L2B-zen-Fichedinscription.pdf&#8220; button_text=&#8220;Laden Sie das Anmeldeformular herunter (PDF)&#8220; _builder_version=&#8220;3.17.6&#8243; button_text_size__hover_enabled=&#8220;off&#8220; button_one_text_size__hover_enabled=&#8220;off&#8220; button_two_text_size__hover_enabled=&#8220;off&#8220; button_text_color__hover_enabled=&#8220;off&#8220; button_one_text_color__hover_enabled=&#8220;off&#8220; button_two_text_color__hover_enabled=&#8220;off&#8220; button_border_width__hover_enabled=&#8220;off&#8220; button_one_border_width__hover_enabled=&#8220;off&#8220; button_two_border_width__hover_enabled=&#8220;off&#8220; button_border_color__hover_enabled=&#8220;off&#8220; button_one_border_color__hover_enabled=&#8220;off&#8220; button_two_border_color__hover_enabled=&#8220;off&#8220; button_border_radius__hover_enabled=&#8220;off&#8220; button_one_border_radius__hover_enabled=&#8220;off&#8220; button_two_border_radius__hover_enabled=&#8220;off&#8220; button_letter_spacing__hover_enabled=&#8220;off&#8220; button_one_letter_spacing__hover_enabled=&#8220;off&#8220; button_two_letter_spacing__hover_enabled=&#8220;off&#8220; button_bg_color__hover_enabled=&#8220;off&#8220; button_one_bg_color__hover_enabled=&#8220;off&#8220; button_two_bg_color__hover_enabled=&#8220;off&#8220; disabled_on=&#8220;on|on|on&#8220;][\/et_pb_button][et_pb_button button_url=&#8220;https:\/\/learntobezen.eu\/de\/wp-content\/uploads\/sites\/4\/2018\/03\/L2B-zen-Fichedengagement.pdf&#8220; button_text=&#8220;Laden Sie das Verpflichtungsformular herunter (PDF)&#8220; _builder_version=&#8220;3.17.6&#8243; button_text_size__hover_enabled=&#8220;off&#8220; button_one_text_size__hover_enabled=&#8220;off&#8220; button_two_text_size__hover_enabled=&#8220;off&#8220; button_text_color__hover_enabled=&#8220;off&#8220; button_one_text_color__hover_enabled=&#8220;off&#8220; button_two_text_color__hover_enabled=&#8220;off&#8220; button_border_width__hover_enabled=&#8220;off&#8220; button_one_border_width__hover_enabled=&#8220;off&#8220; button_two_border_width__hover_enabled=&#8220;off&#8220; button_border_color__hover_enabled=&#8220;off&#8220; button_one_border_color__hover_enabled=&#8220;off&#8220; button_two_border_color__hover_enabled=&#8220;off&#8220; button_border_radius__hover_enabled=&#8220;off&#8220; button_one_border_radius__hover_enabled=&#8220;off&#8220; button_two_border_radius__hover_enabled=&#8220;off&#8220; button_letter_spacing__hover_enabled=&#8220;off&#8220; button_one_letter_spacing__hover_enabled=&#8220;off&#8220; button_two_letter_spacing__hover_enabled=&#8220;off&#8220; button_bg_color__hover_enabled=&#8220;off&#8220; button_one_bg_color__hover_enabled=&#8220;off&#8220; button_two_bg_color__hover_enabled=&#8220;off&#8220; disabled_on=&#8220;on|on|on&#8220;][\/et_pb_button][et_pb_text _builder_version=&#8220;3.17.6&#8243; disabled_on=&#8220;on|on|on&#8220;]Diese Dokumente m\u00fcssen gescannt und an <a href=\"mailto:learn-to-be-zen@web.de\">learn-to-be-zen@web.de<\/a> geschickt werden, um so Zugang zu den Lehrmaterialien zu erhalten.<br \/>\n[\/et_pb_text][\/et_pb_column][\/et_pb_row][\/et_pb_section]<\/p>\n","protected":false},"excerpt":{"rendered":"<p>Learn to be zen @ school Das Projekt Auf Initiative von Learn to Be (Belgien) in Zusammenarbeit mit Savoir-\u00eatre \u00e0 l\u2019\u00e9cole (Frankreich) und der Deutsch-Franz\u00f6sischen Grundschule Freiburg (Deutschland), hat das Projekt, \u00ab Learn to be zen @ school \u00bb begonnen!\u00a0 Es handelt sich um eine strategische, europ\u00e4ische Erasmus+-Partnerschaft. Wir werden zwei Jahre lang \u2013 zusammen [&hellip;]<\/p>\n","protected":false},"author":2,"featured_media":0,"parent":0,"menu_order":0,"comment_status":"closed","ping_status":"closed","template":"","meta":{"_et_pb_use_builder":"on","_et_pb_old_content":"","_et_gb_content_width":"","footnotes":""},"class_list":["post-110","page","type-page","status-publish","hentry"],"_links":{"self":[{"href":"https:\/\/learntobezen.eu\/de\/wp-json\/wp\/v2\/pages\/110","targetHints":{"allow":["GET"]}}],"collection":[{"href":"https:\/\/learntobezen.eu\/de\/wp-json\/wp\/v2\/pages"}],"about":[{"href":"https:\/\/learntobezen.eu\/de\/wp-json\/wp\/v2\/types\/page"}],"author":[{"embeddable":true,"href":"https:\/\/learntobezen.eu\/de\/wp-json\/wp\/v2\/users\/2"}],"replies":[{"embeddable":true,"href":"https:\/\/learntobezen.eu\/de\/wp-json\/wp\/v2\/comments?post=110"}],"version-history":[{"count":10,"href":"https:\/\/learntobezen.eu\/de\/wp-json\/wp\/v2\/pages\/110\/revisions"}],"predecessor-version":[{"id":407,"href":"https:\/\/learntobezen.eu\/de\/wp-json\/wp\/v2\/pages\/110\/revisions\/407"}],"wp:attachment":[{"href":"https:\/\/learntobezen.eu\/de\/wp-json\/wp\/v2\/media?parent=110"}],"curies":[{"name":"wp","href":"https:\/\/api.w.org\/{rel}","templated":true}]}}